{"id":22578,"date":"2025-10-03T22:16:19","date_gmt":"2025-10-03T21:16:19","guid":{"rendered":"https:\/\/tremunpiercing.com\/?post_type=product&#038;p=22578"},"modified":"2026-04-01T16:29:32","modified_gmt":"2026-04-01T15:29:32","slug":"plague-mask","status":"publish","type":"product","link":"https:\/\/tremunpiercing.com\/de\/product\/plague-mask\/","title":{"rendered":"Maske der Pest"},"content":{"rendered":"<p>Das Design von The Plague Mask ist ein modernes Piercing mit einem k\u00fchnen, gothischen Stil. Das aus Titan F-136 mit Innengewinde gefertigte Schmuckst\u00fcck hat einen eleganten schwarzen Zirkonia-Akzent, der ihm einen verf\u00fchrerischen Schimmer verleiht. Inspiriert von der historischen Maske eines Pestarztes, ist dieses Schmuckst\u00fcck ideal f\u00fcr Kunden, die auf der Suche nach einem einzigartigen und auff\u00e4lligen Schmuckst\u00fcck sind.<\/p>\n<p>Der Schmuck ist f\u00fcr Ohr-, Helix- und Labret-Piercings geeignet und bietet ein kantiges, aber biokompatibles Design. Als Designerst\u00fcck f\u00fcr den professionellen Einsatz ist es f\u00fcr ein korrosives Finish dauerhaft poliert und sorgt f\u00fcr einen lang anhaltenden dramatischen Look.<\/p>","protected":false},"excerpt":{"rendered":"<ul>\n<li>Innengewinde<\/li>\n<li>Material: Implantat-G\u00fcteklasse Titan F-136<\/li>\n<li>Spurweite: 16G<\/li>\n<li>Edelstein: Schwarzer kubischer Zirkon<\/li>\n<li>Gr\u00f6\u00dfe: 6mm x 9mm<\/li>\n<\/ul>","protected":false},"featured_media":22718,"comment_status":"closed","ping_status":"closed","template":"","meta":{"_acf_changed":false},"product_brand":[],"product_cat":[340,343],"product_tag":[187,188,209,189,205,206,190,183,184,207],"class_list":{"0":"post-22578","1":"product","2":"type-product","3":"status-publish","4":"has-post-thumbnail","6":"product_cat-titanium-jewelry","7":"product_cat-tops-titanium-jewelry","8":"product_tag-conch","9":"product_tag-ear","10":"product_tag-faux-rook","11":"product_tag-helix","12":"product_tag-lobe","13":"product_tag-lobulo","14":"product_tag-oreja","15":"product_tag-perforacion","16":"product_tag-piercing","17":"product_tag-tragus","19":"first","20":"instock","21":"taxable","22":"shipping-taxable","23":"purchasable","24":"product-type-simple"},"acf":[],"gallery_images":[27294,27293],"_links":{"self":[{"href":"https:\/\/tremunpiercing.com\/de\/wp-json\/wp\/v2\/product\/22578","targetHints":{"allow":["GET"]}}],"collection":[{"href":"https:\/\/tremunpiercing.com\/de\/wp-json\/wp\/v2\/product"}],"about":[{"href":"https:\/\/tremunpiercing.com\/de\/wp-json\/wp\/v2\/types\/product"}],"replies":[{"embeddable":true,"href":"https:\/\/tremunpiercing.com\/de\/wp-json\/wp\/v2\/comments?post=22578"}],"version-history":[{"count":1,"href":"https:\/\/tremunpiercing.com\/de\/wp-json\/wp\/v2\/product\/22578\/revisions"}],"predecessor-version":[{"id":27295,"href":"https:\/\/tremunpiercing.com\/de\/wp-json\/wp\/v2\/product\/22578\/revisions\/27295"}],"wp:featuredmedia":[{"embeddable":true,"href":"https:\/\/tremunpiercing.com\/de\/wp-json\/wp\/v2\/media\/22718"}],"wp:attachment":[{"href":"https:\/\/tremunpiercing.com\/de\/wp-json\/wp\/v2\/media?parent=22578"}],"wp:term":[{"taxonomy":"product_brand","embeddable":true,"href":"https:\/\/tremunpiercing.com\/de\/wp-json\/wp\/v2\/product_brand?post=22578"},{"taxonomy":"product_cat","embeddable":true,"href":"https:\/\/tremunpiercing.com\/de\/wp-json\/wp\/v2\/product_cat?post=22578"},{"taxonomy":"product_tag","embeddable":true,"href":"https:\/\/tremunpiercing.com\/de\/wp-json\/wp\/v2\/product_tag?post=22578"}],"curies":[{"name":"wp","href":"https:\/\/api.w.org\/{rel}","templated":true}]}}