{"id":22684,"date":"2025-10-06T21:12:49","date_gmt":"2025-10-06T20:12:49","guid":{"rendered":"https:\/\/tremunpiercing.com\/?post_type=product&#038;p=22684"},"modified":"2026-03-17T12:46:07","modified_gmt":"2026-03-17T11:46:07","slug":"kitty-aqua-cz","status":"publish","type":"product","link":"https:\/\/tremunpiercing.com\/de\/product\/kitty-aqua-cz\/","title":{"rendered":"K\u00e4tzchen - Aqua CZ"},"content":{"rendered":"<p>Die Kitty Aqua CZ bietet ein erfrischendes, vom Meer inspiriertes Funkeln. Er ist aus Titan F-136 in Implantatqualit\u00e4t gefertigt und verf\u00fcgt \u00fcber ein Innengewinde, das eine einfache Installation und ganzt\u00e4gigen Tragekomfort gew\u00e4hrleistet. Der Aqua-Cubic-Zirkonia-Schmuckstein schimmert in k\u00fchlen T\u00f6nen und f\u00e4ngt das Licht wundersch\u00f6n ein, was ihn zu einem perfekten Design f\u00fcr Ohr-, Nasenloch- und Knorpelpiercings macht.<\/p>\n<p>Die biokompatible Titanbasis sorgt daf\u00fcr, dass das St\u00fcck sicher ist und lange h\u00e4lt, auch f\u00fcr Ihre empfindlicheren Kunden. Dieses St\u00fcck ist perfekt f\u00fcr Ihr Studio und Kunden professionelle St\u00fcck, und ist ein gro\u00dfes St\u00fcck zu jeder Schmucksammlung hinzuzuf\u00fcgen, und kann eine einfache Schmuck-Design mit seinem klaren Design und helle lebendige Farbe.<\/p>","protected":false},"excerpt":{"rendered":"<ul>\n<li>Innengewinde<\/li>\n<li>Material: Implantat-G\u00fcteklasse Titan F-136<\/li>\n<li>Spurweite: 16G<\/li>\n<li>Edelstein: Kubischer Zirkoniumdioxid<\/li>\n<li>Gr\u00f6\u00dfe: 3,3mm x 5,7mm<\/li>\n<\/ul>","protected":false},"featured_media":23014,"comment_status":"closed","ping_status":"closed","template":"","meta":{"_acf_changed":false},"product_brand":[],"product_cat":[340,343],"product_tag":[187,179,180,188,209,189,210,211,212,199,190,183,213,184,214,185,207],"class_list":{"0":"post-22684","1":"product","2":"type-product","3":"status-publish","4":"has-post-thumbnail","6":"product_cat-titanium-jewelry","7":"product_cat-tops-titanium-jewelry","8":"product_tag-conch","9":"product_tag-cristal","10":"product_tag-cz","11":"product_tag-ear","12":"product_tag-faux-rook","13":"product_tag-helix","14":"product_tag-labret","15":"product_tag-lip","16":"product_tag-medusa","17":"product_tag-nostril","18":"product_tag-oreja","19":"product_tag-perforacion","20":"product_tag-philtrum","21":"product_tag-piercing","22":"product_tag-rook","23":"product_tag-shiny","24":"product_tag-tragus","26":"first","27":"instock","28":"taxable","29":"shipping-taxable","30":"purchasable","31":"product-type-simple"},"acf":[],"gallery_images":[27267,27266],"_links":{"self":[{"href":"https:\/\/tremunpiercing.com\/de\/wp-json\/wp\/v2\/product\/22684","targetHints":{"allow":["GET"]}}],"collection":[{"href":"https:\/\/tremunpiercing.com\/de\/wp-json\/wp\/v2\/product"}],"about":[{"href":"https:\/\/tremunpiercing.com\/de\/wp-json\/wp\/v2\/types\/product"}],"replies":[{"embeddable":true,"href":"https:\/\/tremunpiercing.com\/de\/wp-json\/wp\/v2\/comments?post=22684"}],"version-history":[{"count":1,"href":"https:\/\/tremunpiercing.com\/de\/wp-json\/wp\/v2\/product\/22684\/revisions"}],"predecessor-version":[{"id":27268,"href":"https:\/\/tremunpiercing.com\/de\/wp-json\/wp\/v2\/product\/22684\/revisions\/27268"}],"wp:featuredmedia":[{"embeddable":true,"href":"https:\/\/tremunpiercing.com\/de\/wp-json\/wp\/v2\/media\/23014"}],"wp:attachment":[{"href":"https:\/\/tremunpiercing.com\/de\/wp-json\/wp\/v2\/media?parent=22684"}],"wp:term":[{"taxonomy":"product_brand","embeddable":true,"href":"https:\/\/tremunpiercing.com\/de\/wp-json\/wp\/v2\/product_brand?post=22684"},{"taxonomy":"product_cat","embeddable":true,"href":"https:\/\/tremunpiercing.com\/de\/wp-json\/wp\/v2\/product_cat?post=22684"},{"taxonomy":"product_tag","embeddable":true,"href":"https:\/\/tremunpiercing.com\/de\/wp-json\/wp\/v2\/product_tag?post=22684"}],"curies":[{"name":"wp","href":"https:\/\/api.w.org\/{rel}","templated":true}]}}