{"id":22693,"date":"2025-10-06T21:16:28","date_gmt":"2025-10-06T20:16:28","guid":{"rendered":"https:\/\/tremunpiercing.com\/?post_type=product&#038;p=22693"},"modified":"2026-03-17T14:10:10","modified_gmt":"2026-03-17T13:10:10","slug":"kitty-vitrial-cz","status":"publish","type":"product","link":"https:\/\/tremunpiercing.com\/de\/product\/kitty-vitrial-cz\/","title":{"rendered":"K\u00e4tzchen - Vitrial CZ"},"content":{"rendered":"<p>Die Kitty Vitrial CZ ist lustig und anspruchsvoll, um die professionelle Schmucksammlung zu begleiten. Hergestellt aus Implant Grade Titanium F-136, bietet der Stil mit Innengewinde \u00fcberlegenen Komfort und einen sicheren Sitz. Der Vitrial Cubic Zirconia Edelstein f\u00e4ngt und emittiert eine Vielzahl von Farben, die mit jedem Lichtstrahl variieren, die in und von sich selbst, gibt das St\u00fcck, dass ultimative Wow-Faktor.<\/p>\n<p>Das Kitty eignet sich f\u00fcr Ohr-, Knorpel- oder Lippenpiercings und ist f\u00fcr Kunden gedacht, die sich nach Glanz in Kombination mit Sicherheit sehnen. Es ist aus hochwertigem Titan gefertigt, so dass Sie sich keine Sorgen \u00fcber ein Anlaufen oder Verf\u00e4rben machen m\u00fcssen, was es zu einem Favoriten unter den Piercingshops macht.<\/p>","protected":false},"excerpt":{"rendered":"<ul>\n<li>Innengewinde<\/li>\n<li>Material: Implantat-G\u00fcteklasse Titan F-136<\/li>\n<li>Spurweite: 16G<\/li>\n<li>Edelstein: Kubischer Zirkoniumdioxid<\/li>\n<li>Gr\u00f6\u00dfe: 3,3mm x 5,7mm<\/li>\n<\/ul>","protected":false},"featured_media":23021,"comment_status":"closed","ping_status":"closed","template":"","meta":{"_acf_changed":false},"product_brand":[],"product_cat":[340,343],"product_tag":[187,179,180,188,209,189,210,211,212,199,190,183,213,184,214,185,207],"class_list":{"0":"post-22693","1":"product","2":"type-product","3":"status-publish","4":"has-post-thumbnail","6":"product_cat-titanium-jewelry","7":"product_cat-tops-titanium-jewelry","8":"product_tag-conch","9":"product_tag-cristal","10":"product_tag-cz","11":"product_tag-ear","12":"product_tag-faux-rook","13":"product_tag-helix","14":"product_tag-labret","15":"product_tag-lip","16":"product_tag-medusa","17":"product_tag-nostril","18":"product_tag-oreja","19":"product_tag-perforacion","20":"product_tag-philtrum","21":"product_tag-piercing","22":"product_tag-rook","23":"product_tag-shiny","24":"product_tag-tragus","26":"first","27":"instock","28":"taxable","29":"shipping-taxable","30":"purchasable","31":"product-type-simple"},"acf":[],"gallery_images":[27257,27258],"_links":{"self":[{"href":"https:\/\/tremunpiercing.com\/de\/wp-json\/wp\/v2\/product\/22693","targetHints":{"allow":["GET"]}}],"collection":[{"href":"https:\/\/tremunpiercing.com\/de\/wp-json\/wp\/v2\/product"}],"about":[{"href":"https:\/\/tremunpiercing.com\/de\/wp-json\/wp\/v2\/types\/product"}],"replies":[{"embeddable":true,"href":"https:\/\/tremunpiercing.com\/de\/wp-json\/wp\/v2\/comments?post=22693"}],"version-history":[{"count":1,"href":"https:\/\/tremunpiercing.com\/de\/wp-json\/wp\/v2\/product\/22693\/revisions"}],"predecessor-version":[{"id":27259,"href":"https:\/\/tremunpiercing.com\/de\/wp-json\/wp\/v2\/product\/22693\/revisions\/27259"}],"wp:featuredmedia":[{"embeddable":true,"href":"https:\/\/tremunpiercing.com\/de\/wp-json\/wp\/v2\/media\/23021"}],"wp:attachment":[{"href":"https:\/\/tremunpiercing.com\/de\/wp-json\/wp\/v2\/media?parent=22693"}],"wp:term":[{"taxonomy":"product_brand","embeddable":true,"href":"https:\/\/tremunpiercing.com\/de\/wp-json\/wp\/v2\/product_brand?post=22693"},{"taxonomy":"product_cat","embeddable":true,"href":"https:\/\/tremunpiercing.com\/de\/wp-json\/wp\/v2\/product_cat?post=22693"},{"taxonomy":"product_tag","embeddable":true,"href":"https:\/\/tremunpiercing.com\/de\/wp-json\/wp\/v2\/product_tag?post=22693"}],"curies":[{"name":"wp","href":"https:\/\/api.w.org\/{rel}","templated":true}]}}