{"id":22720,"date":"2025-10-06T21:43:49","date_gmt":"2025-10-06T20:43:49","guid":{"rendered":"https:\/\/tremunpiercing.com\/?post_type=product&#038;p=22720"},"modified":"2026-04-10T22:41:32","modified_gmt":"2026-04-10T21:41:32","slug":"threadless-barbell-with-sky-blue-opal","status":"publish","type":"product","link":"https:\/\/tremunpiercing.com\/de\/product\/threadless-barbell-with-sky-blue-opal\/","title":{"rendered":"Hantel ohne Gewinde mit himmelblauem Opal"},"content":{"rendered":"<p>Verwenden Sie unseren fadenlosen Barbell mit himmelblauem Opal, um Ihrem Display neues Leben einzuhauchen! Am Ende befindet sich ein echter 4 mm gro\u00dfer himmelblauer Opal, der f\u00fcr seine ruhigen, wolken\u00e4hnlichen Farben bekannt ist, die sich im Licht nur leicht ver\u00e4ndern. Hergestellt aus Implant-Grade Titanium F136, ist es sicher f\u00fcr frische Piercings und empfindliche Haut.<\/p>\n<p>Der 14G Barbell ist in drei Standardl\u00e4ngen (12 mm, 14 mm und 16 mm) erh\u00e4ltlich und eignet sich somit f\u00fcr fast alle Stellen, an denen er eingesetzt werden kann. Die Tragbarkeit ist ideal f\u00fcr Lippenpiercings (wie Labret und Monroe) und Nasenl\u00f6cher, wo die beruhigende Farbe besonders gut zur Geltung kommt. Dieses zuverl\u00e4ssige, fadenlose System bietet einen b\u00fcndigen, bequemen Sitz, der Kunden anspricht, die eine entspannte, \u00e4therische Sch\u00f6nheit suchen.<\/p>","protected":false},"excerpt":{"rendered":"<ul>\n<li>Push Pin Schmuck<\/li>\n<li>Material: Implantat-G\u00fcteklasse Titan F-136<\/li>\n<li>Spurweite: 14G<\/li>\n<li>L\u00e4nge: 12mm, 14mm, 16mm<\/li>\n<li>Gr\u00f6\u00dfe des Zubeh\u00f6rs: 4 mm<\/li>\n<li>Edelstein: Himmelblauer Opal<\/li>\n<\/ul>","protected":false},"featured_media":22740,"comment_status":"closed","ping_status":"closed","template":"","meta":{"_acf_changed":false},"product_brand":[],"product_cat":[345,340],"product_tag":[298,188,189,190,183,184],"class_list":{"0":"post-22720","1":"product","2":"type-product","3":"status-publish","4":"has-post-thumbnail","6":"product_cat-barbell-titanium-jewelry","7":"product_cat-titanium-jewelry","8":"product_tag-barbell","9":"product_tag-ear","10":"product_tag-helix","11":"product_tag-oreja","12":"product_tag-perforacion","13":"product_tag-piercing","15":"first","16":"instock","17":"taxable","18":"shipping-taxable","19":"purchasable","20":"product-type-variable"},"acf":[],"gallery_images":[27233,27234],"_links":{"self":[{"href":"https:\/\/tremunpiercing.com\/de\/wp-json\/wp\/v2\/product\/22720","targetHints":{"allow":["GET"]}}],"collection":[{"href":"https:\/\/tremunpiercing.com\/de\/wp-json\/wp\/v2\/product"}],"about":[{"href":"https:\/\/tremunpiercing.com\/de\/wp-json\/wp\/v2\/types\/product"}],"replies":[{"embeddable":true,"href":"https:\/\/tremunpiercing.com\/de\/wp-json\/wp\/v2\/comments?post=22720"}],"version-history":[{"count":1,"href":"https:\/\/tremunpiercing.com\/de\/wp-json\/wp\/v2\/product\/22720\/revisions"}],"predecessor-version":[{"id":27235,"href":"https:\/\/tremunpiercing.com\/de\/wp-json\/wp\/v2\/product\/22720\/revisions\/27235"}],"wp:featuredmedia":[{"embeddable":true,"href":"https:\/\/tremunpiercing.com\/de\/wp-json\/wp\/v2\/media\/22740"}],"wp:attachment":[{"href":"https:\/\/tremunpiercing.com\/de\/wp-json\/wp\/v2\/media?parent=22720"}],"wp:term":[{"taxonomy":"product_brand","embeddable":true,"href":"https:\/\/tremunpiercing.com\/de\/wp-json\/wp\/v2\/product_brand?post=22720"},{"taxonomy":"product_cat","embeddable":true,"href":"https:\/\/tremunpiercing.com\/de\/wp-json\/wp\/v2\/product_cat?post=22720"},{"taxonomy":"product_tag","embeddable":true,"href":"https:\/\/tremunpiercing.com\/de\/wp-json\/wp\/v2\/product_tag?post=22720"}],"curies":[{"name":"wp","href":"https:\/\/api.w.org\/{rel}","templated":true}]}}