{"id":22730,"date":"2025-10-06T21:53:06","date_gmt":"2025-10-06T20:53:06","guid":{"rendered":"https:\/\/tremunpiercing.com\/?post_type=product&#038;p=22730"},"modified":"2026-04-18T22:16:27","modified_gmt":"2026-04-18T21:16:27","slug":"moon-scepter-ruby","status":"publish","type":"product","link":"https:\/\/tremunpiercing.com\/de\/product\/moon-scepter-ruby\/","title":{"rendered":"Mondzepter - Rubin"},"content":{"rendered":"<p>Setzen Sie ein Zeichen mit dem Moon Scepter-Ruby, einem auff\u00e4lligen Design f\u00fcr einzigartige K\u00f6rperpiercings. Enth\u00e4lt eine Barbell mit Innengewinde. Das Moon Scepter Design ist aus Implant-Grade Titanium F136 mit einem \u00fcbergro\u00dfen Halbmond gefertigt, der eine Gruppe roter Zirkonia umschlie\u00dft - beides reich an Farbe und Wirkung.<\/p>\n<p>Mit 6 mm x 15 mm wurde diese auff\u00e4llige Silhouette f\u00fcr maximale Sichtbarkeit gefertigt. Dieses St\u00fcck ist perfekt f\u00fcr Industriepiercings, um die L\u00e4nge voll auszunutzen, oder es wird als Augenbrauenst\u00fcck auffallen. Der rubinrote CZ-Stein erwacht zum Leben und f\u00e4ngt das Licht aus jedem Winkel ein. Legen Sie sich das Moon Scepter zu und erlauben Sie Ihren Kunden, k\u00fchne und umfangreiche Looks zu pr\u00e4sentieren und dabei Fantasie und professionelle Qualit\u00e4t zu kombinieren.<\/p>","protected":false},"excerpt":{"rendered":"<ul>\n<li>Innengewinde<\/li>\n<li>Material: Implantat-G\u00fcteklasse Titan F-136<\/li>\n<li>Edelstein: Kubischer Zirkoniumdioxid<\/li>\n<li>Spurweite: 16G<\/li>\n<li>Gr\u00f6\u00dfe: 6mm x 15mm<\/li>\n<\/ul>","protected":false},"featured_media":22731,"comment_status":"closed","ping_status":"closed","template":"","meta":{"_acf_changed":false},"product_brand":[],"product_cat":[340,343],"product_tag":[187,188,189,205,206,212,190,183,213,184,207],"class_list":{"0":"post-22730","1":"product","2":"type-product","3":"status-publish","4":"has-post-thumbnail","6":"product_cat-titanium-jewelry","7":"product_cat-tops-titanium-jewelry","8":"product_tag-conch","9":"product_tag-ear","10":"product_tag-helix","11":"product_tag-lobe","12":"product_tag-lobulo","13":"product_tag-medusa","14":"product_tag-oreja","15":"product_tag-perforacion","16":"product_tag-philtrum","17":"product_tag-piercing","18":"product_tag-tragus","20":"first","21":"instock","22":"taxable","23":"shipping-taxable","24":"purchasable","25":"product-type-simple"},"acf":[],"gallery_images":[27225,27224],"_links":{"self":[{"href":"https:\/\/tremunpiercing.com\/de\/wp-json\/wp\/v2\/product\/22730","targetHints":{"allow":["GET"]}}],"collection":[{"href":"https:\/\/tremunpiercing.com\/de\/wp-json\/wp\/v2\/product"}],"about":[{"href":"https:\/\/tremunpiercing.com\/de\/wp-json\/wp\/v2\/types\/product"}],"replies":[{"embeddable":true,"href":"https:\/\/tremunpiercing.com\/de\/wp-json\/wp\/v2\/comments?post=22730"}],"version-history":[{"count":1,"href":"https:\/\/tremunpiercing.com\/de\/wp-json\/wp\/v2\/product\/22730\/revisions"}],"predecessor-version":[{"id":27226,"href":"https:\/\/tremunpiercing.com\/de\/wp-json\/wp\/v2\/product\/22730\/revisions\/27226"}],"wp:featuredmedia":[{"embeddable":true,"href":"https:\/\/tremunpiercing.com\/de\/wp-json\/wp\/v2\/media\/22731"}],"wp:attachment":[{"href":"https:\/\/tremunpiercing.com\/de\/wp-json\/wp\/v2\/media?parent=22730"}],"wp:term":[{"taxonomy":"product_brand","embeddable":true,"href":"https:\/\/tremunpiercing.com\/de\/wp-json\/wp\/v2\/product_brand?post=22730"},{"taxonomy":"product_cat","embeddable":true,"href":"https:\/\/tremunpiercing.com\/de\/wp-json\/wp\/v2\/product_cat?post=22730"},{"taxonomy":"product_tag","embeddable":true,"href":"https:\/\/tremunpiercing.com\/de\/wp-json\/wp\/v2\/product_tag?post=22730"}],"curies":[{"name":"wp","href":"https:\/\/api.w.org\/{rel}","templated":true}]}}