{"id":22744,"date":"2025-10-06T22:19:54","date_gmt":"2025-10-06T21:19:54","guid":{"rendered":"https:\/\/tremunpiercing.com\/?post_type=product&#038;p=22744"},"modified":"2026-04-20T17:28:09","modified_gmt":"2026-04-20T16:28:09","slug":"solitaire-moon","status":"publish","type":"product","link":"https:\/\/tremunpiercing.com\/de\/product\/solitaire-moon\/","title":{"rendered":"Solit\u00e4r-Mond"},"content":{"rendered":"<p>Der Solitaire Moon Ohrstecker ist dezent und elegant und erinnert an die subtile Sch\u00f6nheit des Mondlichts. Es handelt sich um einen 11,4 mm gro\u00dfen Bolzen aus Titan F-136 mit einem einzelnen hochwertigen kubischen Zirkonia, der in einem himmlischen Licht erstrahlt. Der Bolzen hat ein Innengewinde und ist glatt, was das Einsetzen einfach und bequem macht. Dieser atemberaubende Ohrstecker ist ideal f\u00fcr Helix-, Muschel- oder Lappenpiercings. Solitaire Moon verleiht jedem Ohrstapel ein raffiniertes Funkeln oder ist elegant genug, um allein getragen zu werden. Der Ohrstecker ist elegant, vielseitig, hypoallergen und wurde f\u00fcr Schmuckst\u00fccke entwickelt, die gut aussehen und sich gut anf\u00fchlen. Er ist sch\u00f6n, leuchtend und von schlichter Eleganz, die in diesem Schmuckdesign eingefangen ist.<\/p>","protected":false},"excerpt":{"rendered":"<ul>\n<li>Innengewinde<\/li>\n<li>Material: Implantat-G\u00fcteklasse Titan F-136<\/li>\n<li>Edelstein: Kubischer Zirkoniumdioxid<\/li>\n<li>Spurweite: 16G<\/li>\n<li>Gr\u00f6\u00dfe: 11,4 mm<\/li>\n<\/ul>","protected":false},"featured_media":22745,"comment_status":"closed","ping_status":"closed","template":"","meta":{"_acf_changed":false},"product_brand":[],"product_cat":[340,343],"product_tag":[187,188,189,205,206,212,190,183,213,184,207],"class_list":{"0":"post-22744","1":"product","2":"type-product","3":"status-publish","4":"has-post-thumbnail","6":"product_cat-titanium-jewelry","7":"product_cat-tops-titanium-jewelry","8":"product_tag-conch","9":"product_tag-ear","10":"product_tag-helix","11":"product_tag-lobe","12":"product_tag-lobulo","13":"product_tag-medusa","14":"product_tag-oreja","15":"product_tag-perforacion","16":"product_tag-philtrum","17":"product_tag-piercing","18":"product_tag-tragus","20":"first","21":"instock","22":"taxable","23":"shipping-taxable","24":"purchasable","25":"product-type-simple"},"acf":[],"gallery_images":[27207,27208],"_links":{"self":[{"href":"https:\/\/tremunpiercing.com\/de\/wp-json\/wp\/v2\/product\/22744","targetHints":{"allow":["GET"]}}],"collection":[{"href":"https:\/\/tremunpiercing.com\/de\/wp-json\/wp\/v2\/product"}],"about":[{"href":"https:\/\/tremunpiercing.com\/de\/wp-json\/wp\/v2\/types\/product"}],"replies":[{"embeddable":true,"href":"https:\/\/tremunpiercing.com\/de\/wp-json\/wp\/v2\/comments?post=22744"}],"version-history":[{"count":1,"href":"https:\/\/tremunpiercing.com\/de\/wp-json\/wp\/v2\/product\/22744\/revisions"}],"predecessor-version":[{"id":27209,"href":"https:\/\/tremunpiercing.com\/de\/wp-json\/wp\/v2\/product\/22744\/revisions\/27209"}],"wp:featuredmedia":[{"embeddable":true,"href":"https:\/\/tremunpiercing.com\/de\/wp-json\/wp\/v2\/media\/22745"}],"wp:attachment":[{"href":"https:\/\/tremunpiercing.com\/de\/wp-json\/wp\/v2\/media?parent=22744"}],"wp:term":[{"taxonomy":"product_brand","embeddable":true,"href":"https:\/\/tremunpiercing.com\/de\/wp-json\/wp\/v2\/product_brand?post=22744"},{"taxonomy":"product_cat","embeddable":true,"href":"https:\/\/tremunpiercing.com\/de\/wp-json\/wp\/v2\/product_cat?post=22744"},{"taxonomy":"product_tag","embeddable":true,"href":"https:\/\/tremunpiercing.com\/de\/wp-json\/wp\/v2\/product_tag?post=22744"}],"curies":[{"name":"wp","href":"https:\/\/api.w.org\/{rel}","templated":true}]}}