{"id":22753,"date":"2025-10-06T22:30:25","date_gmt":"2025-10-06T21:30:25","guid":{"rendered":"https:\/\/tremunpiercing.com\/?post_type=product&#038;p=22753"},"modified":"2026-04-19T23:03:55","modified_gmt":"2026-04-19T22:03:55","slug":"keri","status":"publish","type":"product","link":"https:\/\/tremunpiercing.com\/de\/product\/keri\/","title":{"rendered":"Keri"},"content":{"rendered":"<p>Der Keri Internally Threaded Titanium Top bringt eine einfache Sch\u00f6nheitskomponente in den professionellen Piercingschmuck. Der Keri-Stift besteht aus Titan in chirurgischer Qualit\u00e4t (F-136) und ist hypoallergen, zuverl\u00e4ssig und gl\u00e4nzend. Der Kubikzirkonia-Stein sorgt f\u00fcr ein erstaunliches Funkeln f\u00fcr Kunden, die einen klassischen Ansatz mit einem zus\u00e4tzlichen Twist suchen. Der Keri-Schmuck ist mit einem 16G-Innengewinde erh\u00e4ltlich, das einen nahtlosen Einbau und eine schnelle Installation mit minimaler Reibung w\u00e4hrend der Installation erm\u00f6glicht.<\/p>\n<p>Der Keri kann an jeder beliebigen Stelle eingesetzt werden, z. B. am Ohr, an der Lippe oder am Helixknorpel, und unterst\u00fctzt damit Fachleute, die Qualit\u00e4t und Zweckm\u00e4\u00dfigkeit suchen. Das Keri Top wird von Studios in ganz Europa und den USA empfohlen. Keri Tops haben einen au\u00dfergew\u00f6hnlichen Wert, ein hervorragendes Preis-Leistungs-Verh\u00e4ltnis, hohe Pr\u00e4zision, dauerhafte Abnutzung und eine lange Lebensdauer. Die perfekte Erg\u00e4nzung zu Ihrem professionellen Piercingschmuck und Zubeh\u00f6r!<\/p>\n<p>&nbsp;<\/p>","protected":false},"excerpt":{"rendered":"<ul>\n<li>Innengewinde<\/li>\n<li>Material: Implantat-G\u00fcteklasse Titan F-136<\/li>\n<li>Edelstein: Kubischer Zirkoniumdioxid<\/li>\n<li>Spurweite: 16G<\/li>\n<li>Gr\u00f6\u00dfe: 5 mm<\/li>\n<\/ul>","protected":false},"featured_media":22754,"comment_status":"closed","ping_status":"closed","template":"","meta":{"_acf_changed":false},"product_brand":[],"product_cat":[340,343],"product_tag":[187,188,189,205,206,212,190,183,213,184,207],"class_list":{"0":"post-22753","1":"product","2":"type-product","3":"status-publish","4":"has-post-thumbnail","6":"product_cat-titanium-jewelry","7":"product_cat-tops-titanium-jewelry","8":"product_tag-conch","9":"product_tag-ear","10":"product_tag-helix","11":"product_tag-lobe","12":"product_tag-lobulo","13":"product_tag-medusa","14":"product_tag-oreja","15":"product_tag-perforacion","16":"product_tag-philtrum","17":"product_tag-piercing","18":"product_tag-tragus","20":"first","21":"instock","22":"taxable","23":"shipping-taxable","24":"purchasable","25":"product-type-simple"},"acf":[],"gallery_images":[27188,27187],"_links":{"self":[{"href":"https:\/\/tremunpiercing.com\/de\/wp-json\/wp\/v2\/product\/22753","targetHints":{"allow":["GET"]}}],"collection":[{"href":"https:\/\/tremunpiercing.com\/de\/wp-json\/wp\/v2\/product"}],"about":[{"href":"https:\/\/tremunpiercing.com\/de\/wp-json\/wp\/v2\/types\/product"}],"replies":[{"embeddable":true,"href":"https:\/\/tremunpiercing.com\/de\/wp-json\/wp\/v2\/comments?post=22753"}],"version-history":[{"count":1,"href":"https:\/\/tremunpiercing.com\/de\/wp-json\/wp\/v2\/product\/22753\/revisions"}],"predecessor-version":[{"id":27189,"href":"https:\/\/tremunpiercing.com\/de\/wp-json\/wp\/v2\/product\/22753\/revisions\/27189"}],"wp:featuredmedia":[{"embeddable":true,"href":"https:\/\/tremunpiercing.com\/de\/wp-json\/wp\/v2\/media\/22754"}],"wp:attachment":[{"href":"https:\/\/tremunpiercing.com\/de\/wp-json\/wp\/v2\/media?parent=22753"}],"wp:term":[{"taxonomy":"product_brand","embeddable":true,"href":"https:\/\/tremunpiercing.com\/de\/wp-json\/wp\/v2\/product_brand?post=22753"},{"taxonomy":"product_cat","embeddable":true,"href":"https:\/\/tremunpiercing.com\/de\/wp-json\/wp\/v2\/product_cat?post=22753"},{"taxonomy":"product_tag","embeddable":true,"href":"https:\/\/tremunpiercing.com\/de\/wp-json\/wp\/v2\/product_tag?post=22753"}],"curies":[{"name":"wp","href":"https:\/\/api.w.org\/{rel}","templated":true}]}}