{"id":23046,"date":"2025-10-10T23:18:29","date_gmt":"2025-10-10T22:18:29","guid":{"rendered":"https:\/\/tremunpiercing.com\/?post_type=product&#038;p=23046"},"modified":"2026-03-31T14:24:08","modified_gmt":"2026-03-31T13:24:08","slug":"natalie-vitrial-cz","status":"publish","type":"product","link":"https:\/\/tremunpiercing.com\/de\/product\/natalie-vitrial-cz\/","title":{"rendered":"Natalie - Vitrial CZ"},"content":{"rendered":"<p>Bringen Sie etwas Farbe in Ihre Piercingsammlung mit dem Natalie Vitrial CZ. Dieses wirklich wundersch\u00f6ne St\u00fcck verf\u00fcgt \u00fcber einen multitonalen Zirkonia, einen sch\u00f6nen Stein, der erstaunliche Blitze von rosa, lila und gr\u00fcn hat, die in jedem Licht schimmern und leuchten! Die Natalie ist aus Titan F-136 in medizinischer Qualit\u00e4t gefertigt, das leicht, korrosionsbest\u00e4ndig und au\u00dfergew\u00f6hnlich komfortabel f\u00fcr den langfristigen Gebrauch ist. Das Innengewinde sorgt f\u00fcr einen bequemen und reibungslosen Sitz f\u00fcr Ihre freiz\u00fcgigen Piercings oder verheilten Piercings.<\/p>\n<p>Die Natalie wird in Ihrem Ohrl\u00e4ppchen, Ihrer Spirale oder Ihrer Muschel wundersch\u00f6n aussehen. Tragen Sie es bei guter Gesundheit, und f\u00fcgen Sie Ihre eigene k\u00fchne Note der Individualit\u00e4t hinzu. Dieses von Piercing-K\u00fcnstlern und Schmuckliebhabern geliebte Schmuckst\u00fcck garantiert professionelle Sicherheitsstandards und visuellen Luxus - denn Sie verdienen luxuri\u00f6ses Funkeln, das lange anh\u00e4lt.<\/p>","protected":false},"excerpt":{"rendered":"<ul>\n<li>Innengewinde<\/li>\n<li>Material: Implantat-G\u00fcteklasse Titan F-136<\/li>\n<li>Edelstein: Kubischer Zirkoniumdioxid<\/li>\n<li>Spurweite: 16G<\/li>\n<\/ul>","protected":false},"featured_media":23047,"comment_status":"closed","ping_status":"closed","template":"","meta":{"_acf_changed":false},"product_brand":[],"product_cat":[340,343],"product_tag":[187,188,189,205,206,212,190,183,213,184,207],"class_list":{"0":"post-23046","1":"product","2":"type-product","3":"status-publish","4":"has-post-thumbnail","6":"product_cat-titanium-jewelry","7":"product_cat-tops-titanium-jewelry","8":"product_tag-conch","9":"product_tag-ear","10":"product_tag-helix","11":"product_tag-lobe","12":"product_tag-lobulo","13":"product_tag-medusa","14":"product_tag-oreja","15":"product_tag-perforacion","16":"product_tag-philtrum","17":"product_tag-piercing","18":"product_tag-tragus","20":"first","21":"instock","22":"taxable","23":"shipping-taxable","24":"purchasable","25":"product-type-simple"},"acf":[],"gallery_images":[27109,27110],"_links":{"self":[{"href":"https:\/\/tremunpiercing.com\/de\/wp-json\/wp\/v2\/product\/23046","targetHints":{"allow":["GET"]}}],"collection":[{"href":"https:\/\/tremunpiercing.com\/de\/wp-json\/wp\/v2\/product"}],"about":[{"href":"https:\/\/tremunpiercing.com\/de\/wp-json\/wp\/v2\/types\/product"}],"replies":[{"embeddable":true,"href":"https:\/\/tremunpiercing.com\/de\/wp-json\/wp\/v2\/comments?post=23046"}],"version-history":[{"count":1,"href":"https:\/\/tremunpiercing.com\/de\/wp-json\/wp\/v2\/product\/23046\/revisions"}],"predecessor-version":[{"id":27111,"href":"https:\/\/tremunpiercing.com\/de\/wp-json\/wp\/v2\/product\/23046\/revisions\/27111"}],"wp:featuredmedia":[{"embeddable":true,"href":"https:\/\/tremunpiercing.com\/de\/wp-json\/wp\/v2\/media\/23047"}],"wp:attachment":[{"href":"https:\/\/tremunpiercing.com\/de\/wp-json\/wp\/v2\/media?parent=23046"}],"wp:term":[{"taxonomy":"product_brand","embeddable":true,"href":"https:\/\/tremunpiercing.com\/de\/wp-json\/wp\/v2\/product_brand?post=23046"},{"taxonomy":"product_cat","embeddable":true,"href":"https:\/\/tremunpiercing.com\/de\/wp-json\/wp\/v2\/product_cat?post=23046"},{"taxonomy":"product_tag","embeddable":true,"href":"https:\/\/tremunpiercing.com\/de\/wp-json\/wp\/v2\/product_tag?post=23046"}],"curies":[{"name":"wp","href":"https:\/\/api.w.org\/{rel}","templated":true}]}}