{"id":23135,"date":"2025-10-14T19:10:09","date_gmt":"2025-10-14T18:10:09","guid":{"rendered":"https:\/\/tremunpiercing.com\/?post_type=product&#038;p=23135"},"modified":"2026-03-24T17:57:51","modified_gmt":"2026-03-24T16:57:51","slug":"bowie-and-dick-test-package","status":"publish","type":"product","link":"https:\/\/tremunpiercing.com\/de\/product\/bowie-and-dick-test-package\/","title":{"rendered":"Bowie und Dick Testpaket"},"content":{"rendered":"<p data-start=\"0\" data-end=\"257\">Mit den Testpaketen von Bowie &amp; Dick kann die ordnungsgem\u00e4\u00dfe Entl\u00fcftung der Sterilisationskammer und das vollst\u00e4ndige Eindringen des Dampfes in die por\u00f6sen G\u00fcter \u00fcberpr\u00fcft werden.<\/p>\n<p data-start=\"0\" data-end=\"257\"><br data-start=\"163\" data-end=\"166\" \/>Der Bowie &amp; Dick-Test simuliert die Leistung des Ger\u00e4ts und bewertet sie speziell:<\/p>\n<ul data-start=\"259\" data-end=\"450\" data-is-last-node=\"\" data-is-only-node=\"\">\n<li data-start=\"259\" data-end=\"361\">\n<p data-start=\"261\" data-end=\"361\">Die Wirksamkeit des Vorvakuumzyklus und damit das Eindringen des Dampfes in die Hohlr\u00e4ume;<\/p>\n<\/li>\n<li data-start=\"362\" data-end=\"450\" data-is-last-node=\"\">\n<p data-start=\"364\" data-end=\"450\" data-is-last-node=\"\">Die Temperatur- und Druckwerte des ges\u00e4ttigten Dampfes w\u00e4hrend der Sterilisationsphase.<\/p>\n<\/li>\n<\/ul>\n<p><strong data-start=\"0\" data-end=\"22\" data-is-only-node=\"\">Technische Merkmale<\/strong><\/p>\n<p><br data-start=\"22\" data-end=\"25\" \/>\u00c4u\u00dfere Verpackung: Karton mit einem Prozessindikator f\u00fcr Dampfzyklen.<\/p>\n<p><br data-start=\"98\" data-end=\"101\" \/>Das Innere der Packung besteht aus zwei Filterschichten aus Zellulose, in deren Mitte eine Testkarte mit dem Bowie &amp; Dick-Indikator liegt.<\/p>\n<p><br data-start=\"246\" data-end=\"249\" \/>Der Indikator gibt keine Tinte ab, da er mit einer Kunststofffolie \u00fcberzogen ist.<\/p>\n<p><br data-start=\"321\" data-end=\"324\" \/>Die Verpackung des EC.STEAM 98 S-Pakets gew\u00e4hrleistet eine gleichm\u00e4\u00dfige Kompaktheit des inneren B\u00fcndels, so dass der Dampf durch die Poren des Papiers selbst und nicht durch m\u00f6gliche L\u00fccken zwischen den einzelnen Bl\u00e4ttern eindringen kann.<\/p>\n<p><br data-start=\"572\" data-end=\"575\" \/>Alle in der Packung verwendeten Materialien sind f\u00fcr den medizinischen Gebrauch geeignet.<\/p>\n<p><br data-start=\"635\" data-end=\"638\" \/>Die Packung ist au\u00dfen mit einem Prozessindikator versehen, der sich nach der Verarbeitung grau\/schwarz f\u00e4rbt und eine einfache Unterscheidung zwischen verarbeiteten und unverarbeiteten Packungen erm\u00f6glicht.<\/p>","protected":false},"excerpt":{"rendered":"<ul>\n<li data-start=\"72\" data-end=\"102\">\n<p data-start=\"74\" data-end=\"102\"><strong data-start=\"74\" data-end=\"100\">Dampfdurchdringungstest<\/strong><\/p>\n<\/li>\n<li data-start=\"103\" data-end=\"134\">\n<p data-start=\"105\" data-end=\"134\"><strong data-start=\"105\" data-end=\"132\">Vor-Vakuum-Pr\u00fcfung<\/strong><\/p>\n<\/li>\n<li data-start=\"135\" data-end=\"165\">\n<p data-start=\"137\" data-end=\"165\"><strong data-start=\"137\" data-end=\"163\">Prozessindikatorenkarte<\/strong><\/p>\n<\/li>\n<li data-start=\"166\" data-end=\"197\">\n<p data-start=\"168\" data-end=\"197\"><strong data-start=\"168\" data-end=\"195\">Medizinisch hochwertige Materialien<\/strong><\/p>\n<\/li>\n<li data-start=\"198\" data-end=\"234\">\n<p data-start=\"200\" data-end=\"234\"><strong data-start=\"200\" data-end=\"232\">Einheitliche kompakte Verpackung<\/strong><\/p>\n<\/li>\n<li data-start=\"235\" data-end=\"267\" data-is-last-node=\"\">\n<p data-start=\"237\" data-end=\"267\" data-is-last-node=\"\"><strong data-start=\"237\" data-end=\"267\" data-is-last-node=\"\">Einfache Identifizierung der Ergebnisse<\/strong><\/p>\n<\/li>\n<\/ul>","protected":false},"featured_media":23136,"comment_status":"closed","ping_status":"closed","template":"","meta":{"_acf_changed":false},"product_brand":[],"product_cat":[376],"product_tag":[192,193,202,179,180,194,188,189,195,196,226,190,183,184,197,198],"class_list":{"0":"post-23135","1":"product","2":"type-product","3":"status-publish","4":"has-post-thumbnail","6":"product_cat-medical-supplies","7":"product_tag-anillo","8":"product_tag-argolla","9":"product_tag-clicker","10":"product_tag-cristal","11":"product_tag-cz","12":"product_tag-daith","13":"product_tag-ear","14":"product_tag-helix","15":"product_tag-hinged-ring","16":"product_tag-nariz","17":"product_tag-opal","18":"product_tag-oreja","19":"product_tag-perforacion","20":"product_tag-piercing","21":"product_tag-ring","22":"product_tag-septum","24":"first","25":"instock","26":"taxable","27":"shipping-taxable","28":"purchasable","29":"product-type-simple"},"acf":[],"gallery_images":[],"_links":{"self":[{"href":"https:\/\/tremunpiercing.com\/de\/wp-json\/wp\/v2\/product\/23135","targetHints":{"allow":["GET"]}}],"collection":[{"href":"https:\/\/tremunpiercing.com\/de\/wp-json\/wp\/v2\/product"}],"about":[{"href":"https:\/\/tremunpiercing.com\/de\/wp-json\/wp\/v2\/types\/product"}],"replies":[{"embeddable":true,"href":"https:\/\/tremunpiercing.com\/de\/wp-json\/wp\/v2\/comments?post=23135"}],"version-history":[{"count":0,"href":"https:\/\/tremunpiercing.com\/de\/wp-json\/wp\/v2\/product\/23135\/revisions"}],"wp:featuredmedia":[{"embeddable":true,"href":"https:\/\/tremunpiercing.com\/de\/wp-json\/wp\/v2\/media\/23136"}],"wp:attachment":[{"href":"https:\/\/tremunpiercing.com\/de\/wp-json\/wp\/v2\/media?parent=23135"}],"wp:term":[{"taxonomy":"product_brand","embeddable":true,"href":"https:\/\/tremunpiercing.com\/de\/wp-json\/wp\/v2\/product_brand?post=23135"},{"taxonomy":"product_cat","embeddable":true,"href":"https:\/\/tremunpiercing.com\/de\/wp-json\/wp\/v2\/product_cat?post=23135"},{"taxonomy":"product_tag","embeddable":true,"href":"https:\/\/tremunpiercing.com\/de\/wp-json\/wp\/v2\/product_tag?post=23135"}],"curies":[{"name":"wp","href":"https:\/\/api.w.org\/{rel}","templated":true}]}}