{"id":23619,"date":"2025-10-27T22:55:50","date_gmt":"2025-10-27T21:55:50","guid":{"rendered":"https:\/\/tremunpiercing.com\/?post_type=product&#038;p=23619"},"modified":"2026-04-09T10:16:41","modified_gmt":"2026-04-09T09:16:41","slug":"mystic-glacier","status":"publish","type":"product","link":"https:\/\/tremunpiercing.com\/de\/product\/mystic-glacier\/","title":{"rendered":"Mystic - Gletscher"},"content":{"rendered":"<p data-start=\"3587\" data-end=\"4247\">Inspiriert von den eisigen Tiefen des kristallklaren Wassers, ist das <em data-start=\"3668\" data-end=\"3686\">Mystic - Gletscher<\/em> Das Push Pin Accessoire ist mit einem Schweizer Blautopas und einem wei\u00dfen Swarovski-Stein in 14 Karat Gelbgold gefasst. Die Kombination strahlt einen k\u00fchlen, luxuri\u00f6sen Ton aus, der jedes Ohr- oder Nasenlochpiercing perfekt zur Geltung bringt. Der 25G Push-Pin-Mechanismus sorgt f\u00fcr einen m\u00fchelosen Sitz und sicheren Halt und garantiert Komfort und Haltbarkeit.<\/p>\n<p data-start=\"3587\" data-end=\"4247\">Er eignet sich ideal f\u00fcr verheilte Piercings und ist die erste Wahl f\u00fcr Studios, die nach raffiniertem, hochwertigem Schmuck suchen, der Eleganz mit Alltagstauglichkeit verbindet. Nehmen Sie das Mystic Glacier in Ihre Piercing-Kollektion auf und bieten Sie Ihren Kunden ein Schmuckst\u00fcck, das in jedem Licht gl\u00e4nzt.<\/p>\n<p data-start=\"4249\" data-end=\"4303\">","protected":false},"excerpt":{"rendered":"<ul>\n<li>Push-Pin-Zubeh\u00f6r<\/li>\n<li>Spurweite: 25G<\/li>\n<li>Material: Wei\u00dfgold 14k<\/li>\n<li>Edelstein: Schweizer Blautopas + SW Wei\u00df<\/li>\n<\/ul>","protected":false},"featured_media":23620,"comment_status":"closed","ping_status":"closed","template":"","meta":{"_acf_changed":false},"product_brand":[],"product_cat":[400,337,463],"product_tag":[187,188,189,205,206,190,183,184,207],"class_list":{"0":"post-23619","1":"product","2":"type-product","3":"status-publish","4":"has-post-thumbnail","6":"product_cat-tremun","7":"product_cat-gold-jewelry","8":"product_cat-tops-gold-tremun","9":"product_tag-conch","10":"product_tag-ear","11":"product_tag-helix","12":"product_tag-lobe","13":"product_tag-lobulo","14":"product_tag-oreja","15":"product_tag-perforacion","16":"product_tag-piercing","17":"product_tag-tragus","19":"first","20":"instock","21":"taxable","22":"shipping-taxable","23":"purchasable","24":"product-type-simple"},"acf":[],"gallery_images":[29204,29205],"_links":{"self":[{"href":"https:\/\/tremunpiercing.com\/de\/wp-json\/wp\/v2\/product\/23619","targetHints":{"allow":["GET"]}}],"collection":[{"href":"https:\/\/tremunpiercing.com\/de\/wp-json\/wp\/v2\/product"}],"about":[{"href":"https:\/\/tremunpiercing.com\/de\/wp-json\/wp\/v2\/types\/product"}],"replies":[{"embeddable":true,"href":"https:\/\/tremunpiercing.com\/de\/wp-json\/wp\/v2\/comments?post=23619"}],"version-history":[{"count":1,"href":"https:\/\/tremunpiercing.com\/de\/wp-json\/wp\/v2\/product\/23619\/revisions"}],"predecessor-version":[{"id":29206,"href":"https:\/\/tremunpiercing.com\/de\/wp-json\/wp\/v2\/product\/23619\/revisions\/29206"}],"wp:featuredmedia":[{"embeddable":true,"href":"https:\/\/tremunpiercing.com\/de\/wp-json\/wp\/v2\/media\/23620"}],"wp:attachment":[{"href":"https:\/\/tremunpiercing.com\/de\/wp-json\/wp\/v2\/media?parent=23619"}],"wp:term":[{"taxonomy":"product_brand","embeddable":true,"href":"https:\/\/tremunpiercing.com\/de\/wp-json\/wp\/v2\/product_brand?post=23619"},{"taxonomy":"product_cat","embeddable":true,"href":"https:\/\/tremunpiercing.com\/de\/wp-json\/wp\/v2\/product_cat?post=23619"},{"taxonomy":"product_tag","embeddable":true,"href":"https:\/\/tremunpiercing.com\/de\/wp-json\/wp\/v2\/product_tag?post=23619"}],"curies":[{"name":"wp","href":"https:\/\/api.w.org\/{rel}","templated":true}]}}