{"id":5605,"date":"2023-08-09T17:08:36","date_gmt":"2023-08-09T16:08:36","guid":{"rendered":"https:\/\/tremunpiercing.com\/?post_type=product&#038;p=5605"},"modified":"2026-04-15T13:44:28","modified_gmt":"2026-04-15T12:44:28","slug":"tremun-diamond-push-pin-nostril","status":"publish","type":"product","link":"https:\/\/tremunpiercing.com\/de\/product\/tremun-diamond-push-pin-nostril\/","title":{"rendered":"Tremun Diamant (Stecknadel - Nasenloch)"},"content":{"rendered":"<p>Der Tremun Diamond Push Pin ist eine hochwertige Option f\u00fcr Nasenlochpiercings. Er ist mit einem funkelnden VS1-Diamanten auf einem massiven 14-kar\u00e4tigen Stift aus Gelb- oder Wei\u00dfgold oder Platin ausgestattet. Mit seinem bescheidenen Durchmesser von 2 mm bietet er ein sanftes Licht und ein luxuri\u00f6ses Funkeln, w\u00e4hrend er gleichzeitig professionelle Qualit\u00e4t und Sicherheitsstandards bietet. Er ist f\u00fcr Push-Pin-Labors konzipiert, so dass er eng an der Nase anliegt und ein einfaches und ruhiges Einsetzen erm\u00f6glicht, ohne den Komfort der Kundin zu beeintr\u00e4chtigen. Das Schmuckst\u00fcck ist hypoallergen, die Materialien sind so glatt gefertigt oder poliert, dass sie keine Unannehmlichkeiten verursachen, und es ist aufgrund der hochwertigen K\u00f6rperschmuckmaterialien auch f\u00fcr empfindliche Haut geeignet.<\/p>\n<p>Er ist perfekt f\u00fcr Piercing-Studios, Tattoo-Shops und den gehobenen Einzelhandel. Als minimalistische und dennoch hochwertige Nasenlochstecker-Option ist der Tremun Diamond Push Pin f\u00fcr Kunden geeignet, die Einfachheit w\u00fcnschen, aber die implantierbare Sicherheit von hochwertigem K\u00f6rperschmuck w\u00fcrde auch viele Kunden zufriedenstellen. F\u00fcr professionelle Piercer ist das exzellente Design der Stecknadel selbst f\u00fcr einen Anf\u00e4nger au\u00dferordentlich wiederholbar und die au\u00dfergew\u00f6hnliche Haltbarkeit sorgt f\u00fcr eine jahrelange stabile Verwendung.<\/p>\n<p>Tremun Diamond Push Pins heben das Niveau des Portfolios der Piercingausstatter auf dem europ\u00e4ischen, US-amerikanischen und britischen Markt weiter an, wo es eine Nachfrage nach hochwertigen Details und feinem K\u00f6rperschmuck gibt. Die diamantene Brillanz und das pr\u00e4zise Design des Pins sind jetzt perfekt f\u00fcr das Tragen von feinem K\u00f6rperschmuck am Tag oder am Abend.<\/p>","protected":false},"excerpt":{"rendered":"<ul>\n<li>Push Pin Zubeh\u00f6r<\/li>\n<li>Kompatibel mit Druckstiftlaboratorien<\/li>\n<li>Material: Gelbgold 14k oder Wei\u00dfgold 14k, Platinstift<\/li>\n<li>Edelstein: Diamant VS1<\/li>\n<li>Durchmesser: 2 mm<\/li>\n<\/ul>","protected":false},"featured_media":12539,"comment_status":"closed","ping_status":"closed","template":"","meta":{"_acf_changed":false},"product_brand":[],"product_cat":[337,463,400],"product_tag":[187,188,189,205,206,199,190,183,184,207],"class_list":{"0":"post-5605","1":"product","2":"type-product","3":"status-publish","4":"has-post-thumbnail","6":"product_cat-gold-jewelry","7":"product_cat-tops-gold-tremun","8":"product_cat-tremun","9":"product_tag-conch","10":"product_tag-ear","11":"product_tag-helix","12":"product_tag-lobe","13":"product_tag-lobulo","14":"product_tag-nostril","15":"product_tag-oreja","16":"product_tag-perforacion","17":"product_tag-piercing","18":"product_tag-tragus","20":"first","21":"instock","22":"taxable","23":"shipping-taxable","24":"purchasable","25":"product-type-variable"},"acf":[],"gallery_images":[29725,29724,12529,29723,29722],"_links":{"self":[{"href":"https:\/\/tremunpiercing.com\/de\/wp-json\/wp\/v2\/product\/5605","targetHints":{"allow":["GET"]}}],"collection":[{"href":"https:\/\/tremunpiercing.com\/de\/wp-json\/wp\/v2\/product"}],"about":[{"href":"https:\/\/tremunpiercing.com\/de\/wp-json\/wp\/v2\/types\/product"}],"replies":[{"embeddable":true,"href":"https:\/\/tremunpiercing.com\/de\/wp-json\/wp\/v2\/comments?post=5605"}],"version-history":[{"count":1,"href":"https:\/\/tremunpiercing.com\/de\/wp-json\/wp\/v2\/product\/5605\/revisions"}],"predecessor-version":[{"id":29726,"href":"https:\/\/tremunpiercing.com\/de\/wp-json\/wp\/v2\/product\/5605\/revisions\/29726"}],"wp:featuredmedia":[{"embeddable":true,"href":"https:\/\/tremunpiercing.com\/de\/wp-json\/wp\/v2\/media\/12539"}],"wp:attachment":[{"href":"https:\/\/tremunpiercing.com\/de\/wp-json\/wp\/v2\/media?parent=5605"}],"wp:term":[{"taxonomy":"product_brand","embeddable":true,"href":"https:\/\/tremunpiercing.com\/de\/wp-json\/wp\/v2\/product_brand?post=5605"},{"taxonomy":"product_cat","embeddable":true,"href":"https:\/\/tremunpiercing.com\/de\/wp-json\/wp\/v2\/product_cat?post=5605"},{"taxonomy":"product_tag","embeddable":true,"href":"https:\/\/tremunpiercing.com\/de\/wp-json\/wp\/v2\/product_tag?post=5605"}],"curies":[{"name":"wp","href":"https:\/\/api.w.org\/{rel}","templated":true}]}}