{"id":7592,"date":"2022-11-21T19:43:46","date_gmt":"2022-11-21T18:43:46","guid":{"rendered":"https:\/\/tremunpiercing.com\/?post_type=product&#038;p=7592"},"modified":"2025-09-30T13:02:39","modified_gmt":"2025-09-30T12:02:39","slug":"cavicide-surface-disinfectant-700ml","status":"publish","type":"product","link":"https:\/\/tremunpiercing.com\/de\/product\/cavicide-surface-disinfectant-700ml\/","title":{"rendered":"Cavicide Oberfl\u00e4chendesinfektionsmittel (700ml)"},"content":{"rendered":"<p>Gebrauchsfertiges Multifunktions-Fl\u00e4chen-Desinfektionsmittel zur Anwendung auf harten, nicht por\u00f6sen Oberfl\u00e4chen nicht-invasiver medizinischer Ger\u00e4te in Zahnkliniken, einschlie\u00dflich Patientenpflegebereichen und Labors.<\/p>\n<p><strong>Charakteristisch:<\/strong><\/p>\n<ul>\n<li>Klinische Wirksamkeit: Bakterizid, Viruzid, Fungizid, Tuberkulozid und Yeasticid.<\/li>\n<li>Zerst\u00f6rt die meisten Krankheitserreger in 3 Minuten oder weniger.<\/li>\n<li>Schnelligkeit: verringert das Risiko einer Kreuzkontamination.<\/li>\n<li>Gebrauchsfertige Produkte, da sie nicht verd\u00fcnnt oder gemischt werden m\u00fcssen.<\/li>\n<li>Niedriger Alkoholgehalt (weniger als 20%) mit hervorragender Materialvertr\u00e4glichkeit.<\/li>\n<li>Wirkt gegen Coronaviren und kann auf nicht-invasiven Oberfl\u00e4chen von Medizinprodukten verwendet werden.<\/li>\n<li>Neutraler Duft.<\/li>\n<\/ul>\n<p><strong>Inhalt: 700ml Beh\u00e4lter.<\/strong><\/p>","protected":false},"excerpt":{"rendered":"<p>Gebrauchsfertiges Multifunktions-Fl\u00e4chen-Desinfektionsmittel zur Anwendung auf harten, nicht por\u00f6sen Oberfl\u00e4chen nicht-invasiver medizinischer Ger\u00e4te in Zahnkliniken, einschlie\u00dflich Patientenpflegebereichen und Labors.<\/p>\n<p><strong>Charakteristisch:<\/strong><\/p>\n<ul>\n<li>Klinische Wirksamkeit: Bakterizid, Viruzid, Fungizid, Tuberkulozid und Yeasticid.<\/li>\n<li>Zerst\u00f6rt die meisten Krankheitserreger in 3 Minuten oder weniger.<\/li>\n<li>Schnelligkeit: verringert das Risiko einer Kreuzkontamination.<\/li>\n<li>Gebrauchsfertige Produkte, da sie nicht verd\u00fcnnt oder gemischt werden m\u00fcssen.<\/li>\n<li>Niedriger Alkoholgehalt (weniger als 20%) mit hervorragender Materialvertr\u00e4glichkeit.<\/li>\n<li>Wirkt gegen Coronaviren und kann auf nicht-invasiven Oberfl\u00e4chen von Medizinprodukten verwendet werden.<\/li>\n<li>Neutraler Duft.<\/li>\n<\/ul>","protected":false},"featured_media":7593,"comment_status":"closed","ping_status":"closed","template":"","meta":{"_acf_changed":false},"product_brand":[],"product_cat":[376,328],"product_tag":[279],"class_list":{"0":"post-7592","1":"product","2":"type-product","3":"status-publish","4":"has-post-thumbnail","6":"product_cat-medical-supplies","7":"product_cat-supplies","8":"product_tag-supplies","10":"first","11":"outofstock","12":"taxable","13":"shipping-taxable","14":"purchasable","15":"product-type-simple"},"acf":[],"gallery_images":[],"_links":{"self":[{"href":"https:\/\/tremunpiercing.com\/de\/wp-json\/wp\/v2\/product\/7592","targetHints":{"allow":["GET"]}}],"collection":[{"href":"https:\/\/tremunpiercing.com\/de\/wp-json\/wp\/v2\/product"}],"about":[{"href":"https:\/\/tremunpiercing.com\/de\/wp-json\/wp\/v2\/types\/product"}],"replies":[{"embeddable":true,"href":"https:\/\/tremunpiercing.com\/de\/wp-json\/wp\/v2\/comments?post=7592"}],"version-history":[{"count":0,"href":"https:\/\/tremunpiercing.com\/de\/wp-json\/wp\/v2\/product\/7592\/revisions"}],"wp:featuredmedia":[{"embeddable":true,"href":"https:\/\/tremunpiercing.com\/de\/wp-json\/wp\/v2\/media\/7593"}],"wp:attachment":[{"href":"https:\/\/tremunpiercing.com\/de\/wp-json\/wp\/v2\/media?parent=7592"}],"wp:term":[{"taxonomy":"product_brand","embeddable":true,"href":"https:\/\/tremunpiercing.com\/de\/wp-json\/wp\/v2\/product_brand?post=7592"},{"taxonomy":"product_cat","embeddable":true,"href":"https:\/\/tremunpiercing.com\/de\/wp-json\/wp\/v2\/product_cat?post=7592"},{"taxonomy":"product_tag","embeddable":true,"href":"https:\/\/tremunpiercing.com\/de\/wp-json\/wp\/v2\/product_tag?post=7592"}],"curies":[{"name":"wp","href":"https:\/\/api.w.org\/{rel}","templated":true}]}}