{"id":7682,"date":"2023-06-24T21:18:59","date_gmt":"2023-06-24T20:18:59","guid":{"rendered":"https:\/\/tremunpiercing.com\/?post_type=product&#038;p=7682"},"modified":"2026-04-19T10:21:22","modified_gmt":"2026-04-19T09:21:22","slug":"micro-labret-internally-threaded-base-3mm","status":"publish","type":"product","link":"https:\/\/tremunpiercing.com\/de\/product\/micro-labret-internally-threaded-base-3mm\/","title":{"rendered":"Mikrolabret mit Innengewinde"},"content":{"rendered":"<p>Der Titan-Labret-Stift mit Innengewinde (16G) ist auf Komfort und Sicherheit ausgelegt. Er besteht aus sicherem, hochwertigem Titan F-136, und die Innengewinde verringern die Reibung an empfindlichem Gewebe und machen ihn Erh\u00e4ltlich in L\u00e4ngen von 5 mm bis 9 mm mit einer 3 mm flachen Basis, ist er f\u00fcr Lippen-, Labret-, Ohrknorpel-, Tragus- oder Muschelpiercings geeignet. Das Innengewinde erm\u00f6glicht auch eine gro\u00dfe Auswahl an Innengewindeaufs\u00e4tzen, so dass Ihre Kunden ein erstklassiges Styling erhalten. <\/p>\n<p>Diese Mikrolabretts mit Innengewinde sind in Piercingstudios und Gro\u00dfhandelskatalogen ein fester Bestandteil. Sie bieten langlebige Schmuckqualit\u00e4t, sind autoklavierbar und werden nach professionellen Standards hergestellt. Es ist eine moderate Option f\u00fcr Piercer, die nach sicherem, sauberem und biokompatiblem Titanschmuck suchen.<\/p>","protected":false},"excerpt":{"rendered":"<ul>\n<li>Innengewinde<\/li>\n<li>Material: Implantat-G\u00fcteklasse Titan F-136<\/li>\n<li>Spurweite: 16G<\/li>\n<li>L\u00e4nge: 5 mm, 6 mm, 7 mm, 8 mm, 9 mm<\/li>\n<li>Durchmesser der Basis: 3 mm<\/li>\n<\/ul>","protected":false},"featured_media":15053,"comment_status":"closed","ping_status":"closed","template":"","meta":{"_acf_changed":false},"product_brand":[],"product_cat":[340,344],"product_tag":[187,188,189,210,211,205,206,212,190,183,213,184,293,207],"class_list":{"0":"post-7682","1":"product","2":"type-product","3":"status-publish","4":"has-post-thumbnail","6":"product_cat-titanium-jewelry","7":"product_cat-labret-titanium-jeawelry","8":"product_tag-conch","9":"product_tag-ear","10":"product_tag-helix","11":"product_tag-labret","12":"product_tag-lip","13":"product_tag-lobe","14":"product_tag-lobulo","15":"product_tag-medusa","16":"product_tag-oreja","17":"product_tag-perforacion","18":"product_tag-philtrum","19":"product_tag-piercing","20":"product_tag-push-pin","21":"product_tag-tragus","23":"first","24":"instock","25":"taxable","26":"shipping-taxable","27":"purchasable","28":"product-type-variable"},"acf":[],"gallery_images":[15052,15054,15055],"_links":{"self":[{"href":"https:\/\/tremunpiercing.com\/de\/wp-json\/wp\/v2\/product\/7682","targetHints":{"allow":["GET"]}}],"collection":[{"href":"https:\/\/tremunpiercing.com\/de\/wp-json\/wp\/v2\/product"}],"about":[{"href":"https:\/\/tremunpiercing.com\/de\/wp-json\/wp\/v2\/types\/product"}],"replies":[{"embeddable":true,"href":"https:\/\/tremunpiercing.com\/de\/wp-json\/wp\/v2\/comments?post=7682"}],"version-history":[{"count":0,"href":"https:\/\/tremunpiercing.com\/de\/wp-json\/wp\/v2\/product\/7682\/revisions"}],"wp:featuredmedia":[{"embeddable":true,"href":"https:\/\/tremunpiercing.com\/de\/wp-json\/wp\/v2\/media\/15053"}],"wp:attachment":[{"href":"https:\/\/tremunpiercing.com\/de\/wp-json\/wp\/v2\/media?parent=7682"}],"wp:term":[{"taxonomy":"product_brand","embeddable":true,"href":"https:\/\/tremunpiercing.com\/de\/wp-json\/wp\/v2\/product_brand?post=7682"},{"taxonomy":"product_cat","embeddable":true,"href":"https:\/\/tremunpiercing.com\/de\/wp-json\/wp\/v2\/product_cat?post=7682"},{"taxonomy":"product_tag","embeddable":true,"href":"https:\/\/tremunpiercing.com\/de\/wp-json\/wp\/v2\/product_tag?post=7682"}],"curies":[{"name":"wp","href":"https:\/\/api.w.org\/{rel}","templated":true}]}}