{"id":7794,"date":"2023-10-12T17:00:59","date_gmt":"2023-10-12T16:00:59","guid":{"rendered":"https:\/\/tremunpiercing.com\/?post_type=product&#038;p=7794"},"modified":"2026-04-01T13:30:26","modified_gmt":"2026-04-01T12:30:26","slug":"tiffany","status":"publish","type":"product","link":"https:\/\/tremunpiercing.com\/de\/product\/tiffany\/","title":{"rendered":"Tiffany"},"content":{"rendered":"<p>Der \u201cTiffany\u201d-Klickerring kombiniert hochwertige Materialien mit raffiniertem Funkeln. Geschmiedet aus implantierbarem Titan F-136, St\u00e4rke 16G, und einem schmalen Innendurchmesser von 8 mm kann er an verschiedenen Piercingstellen getragen werden: Helix, Conch, Rook, sogar Septum oder eng anliegende Knorpelringe. Der eingefasste Zirkonia bietet genau die richtige Menge an Funkeln und sieht dennoch sauber und poliert aus. Das Scharnier des Rings erm\u00f6glicht ein einfaches Anbringen und Entfernen, ein wichtiger Faktor f\u00fcr Piercingstudios, die die Geschwindigkeit des Schmuckwechsels maximieren wollen, sowohl f\u00fcr ihre Stylisten im Studio als auch f\u00fcr ihre Kunden.<\/p>\n<p>Das nickelfreie und hypoallergene Titan ASTM F-136 bietet Sicherheit f\u00fcr Piercings von empfindlichen Ohren oder Knorpeln. Als Gro\u00dfh\u00e4ndler oder Hersteller k\u00f6nnen Sie sich mit dieser Qualit\u00e4t auf den M\u00e4rkten Europas, des Vereinigten K\u00f6nigreichs oder der USA besser behaupten, wo die Verbraucher nach hochwertigen Materialien und eleganten Designs suchen. Der \u201cTiffany\u201d-Klicker bietet Optionen f\u00fcr Studios, die einen hochwertigen Titanring mit polierter Oberfl\u00e4che und ein wenig Bling suchen.<\/p>","protected":false},"excerpt":{"rendered":"<ul>\n<li>Klicker-Ring<\/li>\n<li>Material: Implantat-G\u00fcteklasse Titan F-136<\/li>\n<li>Durchmesser: 8 mm<\/li>\n<li>Spurweite: 16G<\/li>\n<li>Edelstein: Kubischer Zirkoniumdioxid<\/li>\n<\/ul>","protected":false},"featured_media":12777,"comment_status":"closed","ping_status":"closed","template":"","meta":{"_acf_changed":false},"product_brand":[],"product_cat":[341,340],"product_tag":[192,193,202,179,180,194,188,189,195,196,226,190,183,184,197,198],"class_list":{"0":"post-7794","1":"product","2":"type-product","3":"status-publish","4":"has-post-thumbnail","6":"product_cat-rings-titanium-jewelry","7":"product_cat-titanium-jewelry","8":"product_tag-anillo","9":"product_tag-argolla","10":"product_tag-clicker","11":"product_tag-cristal","12":"product_tag-cz","13":"product_tag-daith","14":"product_tag-ear","15":"product_tag-helix","16":"product_tag-hinged-ring","17":"product_tag-nariz","18":"product_tag-opal","19":"product_tag-oreja","20":"product_tag-perforacion","21":"product_tag-piercing","22":"product_tag-ring","23":"product_tag-septum","25":"first","26":"instock","27":"taxable","28":"shipping-taxable","29":"purchasable","30":"product-type-simple"},"acf":[],"gallery_images":[28526,28527],"_links":{"self":[{"href":"https:\/\/tremunpiercing.com\/de\/wp-json\/wp\/v2\/product\/7794","targetHints":{"allow":["GET"]}}],"collection":[{"href":"https:\/\/tremunpiercing.com\/de\/wp-json\/wp\/v2\/product"}],"about":[{"href":"https:\/\/tremunpiercing.com\/de\/wp-json\/wp\/v2\/types\/product"}],"replies":[{"embeddable":true,"href":"https:\/\/tremunpiercing.com\/de\/wp-json\/wp\/v2\/comments?post=7794"}],"version-history":[{"count":1,"href":"https:\/\/tremunpiercing.com\/de\/wp-json\/wp\/v2\/product\/7794\/revisions"}],"predecessor-version":[{"id":28528,"href":"https:\/\/tremunpiercing.com\/de\/wp-json\/wp\/v2\/product\/7794\/revisions\/28528"}],"wp:featuredmedia":[{"embeddable":true,"href":"https:\/\/tremunpiercing.com\/de\/wp-json\/wp\/v2\/media\/12777"}],"wp:attachment":[{"href":"https:\/\/tremunpiercing.com\/de\/wp-json\/wp\/v2\/media?parent=7794"}],"wp:term":[{"taxonomy":"product_brand","embeddable":true,"href":"https:\/\/tremunpiercing.com\/de\/wp-json\/wp\/v2\/product_brand?post=7794"},{"taxonomy":"product_cat","embeddable":true,"href":"https:\/\/tremunpiercing.com\/de\/wp-json\/wp\/v2\/product_cat?post=7794"},{"taxonomy":"product_tag","embeddable":true,"href":"https:\/\/tremunpiercing.com\/de\/wp-json\/wp\/v2\/product_tag?post=7794"}],"curies":[{"name":"wp","href":"https:\/\/api.w.org\/{rel}","templated":true}]}}