{"id":8243,"date":"2023-11-16T16:19:02","date_gmt":"2023-11-16T15:19:02","guid":{"rendered":"https:\/\/tremunpiercing.com\/?post_type=product&#038;p=8243"},"modified":"2026-04-15T11:32:16","modified_gmt":"2026-04-15T10:32:16","slug":"svasti","status":"publish","type":"product","link":"https:\/\/tremunpiercing.com\/de\/product\/svasti\/","title":{"rendered":"Svast\u00ec"},"content":{"rendered":"<p>Der Svast\u00ec-Stecker aus 14k Gelbgold definiert Luxus-Piercing-Schmuck neu. Das Innengewindesystem erm\u00f6glicht eine sichere Platzierung und einen angenehmen Tragekomfort. Es wurde mit dem Gedanken an den professionellen Piercer gemacht, der die Bed\u00fcrfnisse nach \u00c4sthetik und Pr\u00e4zision versteht. Erh\u00e4ltlich in 16G-14G mit einer Spitze von 6 mm-8 mm, ist der Svast\u00ec-Stecker eine auff\u00e4llige Option f\u00fcr Muschel-, Ohrl\u00e4ppchen- und Flachpiercings sowie als Zubeh\u00f6rteil in der Nase oder Lippe.<\/p>\n<p>Die satte gelbe Farbe, gepaart mit einer perfekt polierten Oberfl\u00e4che, schafft ein elegantes St\u00fcck, das die Zeit \u00fcberdauert und sich unglaublich gut in jede Schmucksammlung einf\u00fcgt. Die Svast\u00ec-Kollektion wurde nach den h\u00f6chsten Sicherheits- und Stilstandards entworfen und richtet sich an Studios, die Kunden auf der Suche nach raffiniertem, langlebigem K\u00f6rperschmuck sind.<\/p>","protected":false},"excerpt":{"rendered":"<ul>\n<li>Innengewinde<\/li>\n<li>Material: Gelbgold 14k<\/li>\n<li>Spurweite: 16G - 14G<\/li>\n<li>Gr\u00f6\u00dfe: 6mm - 8mm<\/li>\n<\/ul>","protected":false},"featured_media":12521,"comment_status":"closed","ping_status":"closed","template":"","meta":{"_acf_changed":false},"product_brand":[],"product_cat":[337,463,400],"product_tag":[187,188,189,205,206,212,190,183,213,184,207],"class_list":{"0":"post-8243","1":"product","2":"type-product","3":"status-publish","4":"has-post-thumbnail","6":"product_cat-gold-jewelry","7":"product_cat-tops-gold-tremun","8":"product_cat-tremun","9":"product_tag-conch","10":"product_tag-ear","11":"product_tag-helix","12":"product_tag-lobe","13":"product_tag-lobulo","14":"product_tag-medusa","15":"product_tag-oreja","16":"product_tag-perforacion","17":"product_tag-philtrum","18":"product_tag-piercing","19":"product_tag-tragus","21":"first","22":"instock","23":"taxable","24":"shipping-taxable","25":"purchasable","26":"product-type-variable"},"acf":[],"gallery_images":[29716,29715],"_links":{"self":[{"href":"https:\/\/tremunpiercing.com\/de\/wp-json\/wp\/v2\/product\/8243","targetHints":{"allow":["GET"]}}],"collection":[{"href":"https:\/\/tremunpiercing.com\/de\/wp-json\/wp\/v2\/product"}],"about":[{"href":"https:\/\/tremunpiercing.com\/de\/wp-json\/wp\/v2\/types\/product"}],"replies":[{"embeddable":true,"href":"https:\/\/tremunpiercing.com\/de\/wp-json\/wp\/v2\/comments?post=8243"}],"version-history":[{"count":1,"href":"https:\/\/tremunpiercing.com\/de\/wp-json\/wp\/v2\/product\/8243\/revisions"}],"predecessor-version":[{"id":29718,"href":"https:\/\/tremunpiercing.com\/de\/wp-json\/wp\/v2\/product\/8243\/revisions\/29718"}],"wp:featuredmedia":[{"embeddable":true,"href":"https:\/\/tremunpiercing.com\/de\/wp-json\/wp\/v2\/media\/12521"}],"wp:attachment":[{"href":"https:\/\/tremunpiercing.com\/de\/wp-json\/wp\/v2\/media?parent=8243"}],"wp:term":[{"taxonomy":"product_brand","embeddable":true,"href":"https:\/\/tremunpiercing.com\/de\/wp-json\/wp\/v2\/product_brand?post=8243"},{"taxonomy":"product_cat","embeddable":true,"href":"https:\/\/tremunpiercing.com\/de\/wp-json\/wp\/v2\/product_cat?post=8243"},{"taxonomy":"product_tag","embeddable":true,"href":"https:\/\/tremunpiercing.com\/de\/wp-json\/wp\/v2\/product_tag?post=8243"}],"curies":[{"name":"wp","href":"https:\/\/api.w.org\/{rel}","templated":true}]}}