{"id":8286,"date":"2023-11-17T13:20:52","date_gmt":"2023-11-17T12:20:52","guid":{"rendered":"https:\/\/tremunpiercing.com\/?post_type=product&#038;p=8286"},"modified":"2026-04-15T11:13:34","modified_gmt":"2026-04-15T10:13:34","slug":"cordis-yellow-gold","status":"publish","type":"product","link":"https:\/\/tremunpiercing.com\/de\/product\/cordis-yellow-gold\/","title":{"rendered":"Cordis Gelbgold"},"content":{"rendered":"<p>Erobern Sie die Herzen mit dem Cordis, einem schicken und skurrilen fadenlosen Anh\u00e4nger in Form eines klassischen Herzens. Durchdacht entworfen und gegossen in exquisitem 14 Karat Gelbgold mit einem funkelnden SW CZ im Vollschliff in der Mitte, um dem Design ein wenig Tiefe und Glanz zu verleihen. Dieses Herz ist in 2 Gr\u00f6\u00dfen erh\u00e4ltlich und kann f\u00fcr einen Hauch von Laune verwendet werden, ohne dabei jugendlich zu wirken (5\u00d76 mm und 6\u00d77 mm). Es handelt sich um ein Design mit Innengewinde f\u00fcr eine einfache und sichere Platzierung auf fast allen Stiften.<\/p>\n<p>Dieses niedliche kleine Herz eignet sich perfekt f\u00fcr einen romantischen Nasenlochstecker, um ein Helix- oder Ohrl\u00e4ppchenpiercing zu versch\u00f6nern, oder als Andenken in einem Bauchnabelset. Ein Bestseller in Top-Qualit\u00e4t, der von den Kunden gerne getragen wird und der ihnen ein St\u00fcck Pers\u00f6nlichkeit verleiht.<\/p>","protected":false},"excerpt":{"rendered":"<ul>\n<li>Ausf\u00fchrungen: Innengewinde und gewindelos<\/li>\n<li>Material: Gelbgold 14k<\/li>\n<li>Edelstein: SW CZ<\/li>\n<li>Spurweite: 16G | 25G<\/li>\n<li>Gr\u00f6\u00dfe: 5 mm x 6 mm und 6 mm x 7 mm<\/li>\n<\/ul>","protected":false},"featured_media":18604,"comment_status":"closed","ping_status":"closed","template":"","meta":{"_acf_changed":false},"product_brand":[],"product_cat":[337,463,400],"product_tag":[187,188,189,205,206,212,190,183,213,184,207],"class_list":{"0":"post-8286","1":"product","2":"type-product","3":"status-publish","4":"has-post-thumbnail","6":"product_cat-gold-jewelry","7":"product_cat-tops-gold-tremun","8":"product_cat-tremun","9":"product_tag-conch","10":"product_tag-ear","11":"product_tag-helix","12":"product_tag-lobe","13":"product_tag-lobulo","14":"product_tag-medusa","15":"product_tag-oreja","16":"product_tag-perforacion","17":"product_tag-philtrum","18":"product_tag-piercing","19":"product_tag-tragus","21":"first","22":"instock","23":"taxable","24":"shipping-taxable","25":"purchasable","26":"product-type-variable","27":"has-default-attributes"},"acf":[],"gallery_images":[29709,29708],"_links":{"self":[{"href":"https:\/\/tremunpiercing.com\/de\/wp-json\/wp\/v2\/product\/8286","targetHints":{"allow":["GET"]}}],"collection":[{"href":"https:\/\/tremunpiercing.com\/de\/wp-json\/wp\/v2\/product"}],"about":[{"href":"https:\/\/tremunpiercing.com\/de\/wp-json\/wp\/v2\/types\/product"}],"replies":[{"embeddable":true,"href":"https:\/\/tremunpiercing.com\/de\/wp-json\/wp\/v2\/comments?post=8286"}],"version-history":[{"count":1,"href":"https:\/\/tremunpiercing.com\/de\/wp-json\/wp\/v2\/product\/8286\/revisions"}],"predecessor-version":[{"id":29710,"href":"https:\/\/tremunpiercing.com\/de\/wp-json\/wp\/v2\/product\/8286\/revisions\/29710"}],"wp:featuredmedia":[{"embeddable":true,"href":"https:\/\/tremunpiercing.com\/de\/wp-json\/wp\/v2\/media\/18604"}],"wp:attachment":[{"href":"https:\/\/tremunpiercing.com\/de\/wp-json\/wp\/v2\/media?parent=8286"}],"wp:term":[{"taxonomy":"product_brand","embeddable":true,"href":"https:\/\/tremunpiercing.com\/de\/wp-json\/wp\/v2\/product_brand?post=8286"},{"taxonomy":"product_cat","embeddable":true,"href":"https:\/\/tremunpiercing.com\/de\/wp-json\/wp\/v2\/product_cat?post=8286"},{"taxonomy":"product_tag","embeddable":true,"href":"https:\/\/tremunpiercing.com\/de\/wp-json\/wp\/v2\/product_tag?post=8286"}],"curies":[{"name":"wp","href":"https:\/\/api.w.org\/{rel}","templated":true}]}}