{"id":8367,"date":"2023-11-30T20:43:24","date_gmt":"2023-11-30T19:43:24","guid":{"rendered":"https:\/\/tremunpiercing.com\/?post_type=product&#038;p=8367"},"modified":"2026-04-17T15:14:29","modified_gmt":"2026-04-17T14:14:29","slug":"clap-customizable-display-for-accessories-top-only","status":"publish","type":"product","link":"https:\/\/tremunpiercing.com\/de\/product\/clap-customizable-display-for-accessories-top-only\/","title":{"rendered":"Klatschen! Anpassbares Display f\u00fcr Zubeh\u00f6r - nur oben"},"content":{"rendered":"<p>Die Clap! Custom Display Top ist so konzipiert, dass er gut zu Ihrer Clap! Basis passt, so dass Sie Ihr Display f\u00fcr Ihr Piercingstudio individuell gestalten k\u00f6nnen. Dieser austauschbare Aufsatz ist in Schwarz und Wei\u00df erh\u00e4ltlich und l\u00e4sst deine Einrichtung elegant und professionell aussehen. Er ist perfekt f\u00fcr die Pr\u00e4sentation Ihrer Klicker, Nieten, Barbells oder anderer Schmuckst\u00fccke geeignet und sorgt f\u00fcr Ordnung und ein ansprechendes Erscheinungsbild.<\/p>\n<p>Er ist aus strapazierf\u00e4higen Materialien gefertigt und f\u00fcr den t\u00e4glichen Gebrauch in jedem Studio geeignet, wobei er gleichzeitig stilvoll und modern ist. Kombinieren Sie ihn mit dem Standard-Silikonohrsockel als vollst\u00e4ndig austauschbares, individuell anpassbares Display, um Ihre Kunden mit der Organisation von Schmuck zu beeindrucken.<\/p>","protected":false},"excerpt":{"rendered":"<ul>\n<li>Klatschen! Top f\u00fcr Zubeh\u00f6r<\/li>\n<li>Personalisierbares Display f\u00fcr Piercing-Schmuck<\/li>\n<li>Sockel ist separat erh\u00e4ltlich<\/li>\n<li>Erh\u00e4ltlich in Schwarz und Wei\u00df<\/li>\n<\/ul>","protected":false},"featured_media":8370,"comment_status":"closed","ping_status":"closed","template":"","meta":{"_acf_changed":false},"product_brand":[],"product_cat":[328,415,450,457,449],"product_tag":[],"class_list":{"0":"post-8367","1":"product","2":"type-product","3":"status-publish","4":"has-post-thumbnail","6":"product_cat-supplies","7":"product_cat-clap","8":"product_cat-clap-classic","9":"product_cat-clap-luxury","10":"product_cat-clap-elite","12":"first","13":"instock","14":"taxable","15":"shipping-taxable","16":"purchasable","17":"product-type-variable"},"acf":[],"gallery_images":[8371,8372,8373],"_links":{"self":[{"href":"https:\/\/tremunpiercing.com\/de\/wp-json\/wp\/v2\/product\/8367","targetHints":{"allow":["GET"]}}],"collection":[{"href":"https:\/\/tremunpiercing.com\/de\/wp-json\/wp\/v2\/product"}],"about":[{"href":"https:\/\/tremunpiercing.com\/de\/wp-json\/wp\/v2\/types\/product"}],"replies":[{"embeddable":true,"href":"https:\/\/tremunpiercing.com\/de\/wp-json\/wp\/v2\/comments?post=8367"}],"version-history":[{"count":1,"href":"https:\/\/tremunpiercing.com\/de\/wp-json\/wp\/v2\/product\/8367\/revisions"}],"predecessor-version":[{"id":29728,"href":"https:\/\/tremunpiercing.com\/de\/wp-json\/wp\/v2\/product\/8367\/revisions\/29728"}],"wp:featuredmedia":[{"embeddable":true,"href":"https:\/\/tremunpiercing.com\/de\/wp-json\/wp\/v2\/media\/8370"}],"wp:attachment":[{"href":"https:\/\/tremunpiercing.com\/de\/wp-json\/wp\/v2\/media?parent=8367"}],"wp:term":[{"taxonomy":"product_brand","embeddable":true,"href":"https:\/\/tremunpiercing.com\/de\/wp-json\/wp\/v2\/product_brand?post=8367"},{"taxonomy":"product_cat","embeddable":true,"href":"https:\/\/tremunpiercing.com\/de\/wp-json\/wp\/v2\/product_cat?post=8367"},{"taxonomy":"product_tag","embeddable":true,"href":"https:\/\/tremunpiercing.com\/de\/wp-json\/wp\/v2\/product_tag?post=8367"}],"curies":[{"name":"wp","href":"https:\/\/api.w.org\/{rel}","templated":true}]}}