{"id":8587,"date":"2023-12-07T18:41:15","date_gmt":"2023-12-07T17:41:15","guid":{"rendered":"https:\/\/tremunpiercing.com\/?post_type=product&#038;p=8587"},"modified":"2026-04-15T10:38:00","modified_gmt":"2026-04-15T09:38:00","slug":"olimpia-white-gold","status":"publish","type":"product","link":"https:\/\/tremunpiercing.com\/de\/product\/olimpia-white-gold\/","title":{"rendered":"Olimpia Wei\u00dfgold"},"content":{"rendered":"<p>Der Olimpia Wei\u00dfgoldaufsatz ist der Inbegriff eleganter Schlichtheit mit einem Augenmerk auf feines Schmuckhandwerk. Die sanfte Oberfl\u00e4che ist aus echtem 14-kar\u00e4tigem Wei\u00dfgold gefertigt und erm\u00f6glicht eine Innenverschraubung f\u00fcr Sicherheit und Komfort. Mit einer gemessenen Gr\u00f6\u00dfe von 4\u00d79 mm ist dieses St\u00fcck elegant f\u00fcr Helix-, Muschel- und obere Ohrpiercings konzipiert, wo minimale Eleganz bevorzugt wird.<\/p>\n<p>Die glatte Oberfl\u00e4che mit einer erstklassigen Politur macht dieses Oberteil f\u00fcr Kunden geeignet, die nach eleganten St\u00fccken f\u00fcr das t\u00e4gliche Tragen von Schmuck suchen. Dieses Oberteil funktioniert mit 14G Innengewinde f\u00fcr Bequemlichkeit und eine professionelle Passform und Gef\u00fchl. Das Olimpia White Gold wurde f\u00fcr Piercing-Profis und Premium-Schmuckh\u00e4ndler entwickelt und steht f\u00fcr die perfekte Balance aus Haltbarkeit, Biokompatibilit\u00e4t und luxuri\u00f6sem Schmuck, der f\u00fcr Kunden geeignet ist, die an subtiler, zeitloser Sch\u00f6nheit interessiert sind.<\/p>","protected":false},"excerpt":{"rendered":"<ul>\n<li>Innengewinde<\/li>\n<li>Material: Wei\u00dfgold 14k<\/li>\n<li>Spurweite: 14G<\/li>\n<li>Gr\u00f6\u00dfe: 4mm x 9mm<\/li>\n<\/ul>","protected":false},"featured_media":18605,"comment_status":"closed","ping_status":"closed","template":"","meta":{"_acf_changed":false},"product_brand":[],"product_cat":[337,463,400],"product_tag":[187,188,189,205,206,212,190,183,213,184,207],"class_list":{"0":"post-8587","1":"product","2":"type-product","3":"status-publish","4":"has-post-thumbnail","6":"product_cat-gold-jewelry","7":"product_cat-tops-gold-tremun","8":"product_cat-tremun","9":"product_tag-conch","10":"product_tag-ear","11":"product_tag-helix","12":"product_tag-lobe","13":"product_tag-lobulo","14":"product_tag-medusa","15":"product_tag-oreja","16":"product_tag-perforacion","17":"product_tag-philtrum","18":"product_tag-piercing","19":"product_tag-tragus","21":"first","22":"instock","23":"taxable","24":"shipping-taxable","25":"purchasable","26":"product-type-simple"},"acf":[],"gallery_images":[29688,29689],"_links":{"self":[{"href":"https:\/\/tremunpiercing.com\/de\/wp-json\/wp\/v2\/product\/8587","targetHints":{"allow":["GET"]}}],"collection":[{"href":"https:\/\/tremunpiercing.com\/de\/wp-json\/wp\/v2\/product"}],"about":[{"href":"https:\/\/tremunpiercing.com\/de\/wp-json\/wp\/v2\/types\/product"}],"replies":[{"embeddable":true,"href":"https:\/\/tremunpiercing.com\/de\/wp-json\/wp\/v2\/comments?post=8587"}],"version-history":[{"count":1,"href":"https:\/\/tremunpiercing.com\/de\/wp-json\/wp\/v2\/product\/8587\/revisions"}],"predecessor-version":[{"id":29690,"href":"https:\/\/tremunpiercing.com\/de\/wp-json\/wp\/v2\/product\/8587\/revisions\/29690"}],"wp:featuredmedia":[{"embeddable":true,"href":"https:\/\/tremunpiercing.com\/de\/wp-json\/wp\/v2\/media\/18605"}],"wp:attachment":[{"href":"https:\/\/tremunpiercing.com\/de\/wp-json\/wp\/v2\/media?parent=8587"}],"wp:term":[{"taxonomy":"product_brand","embeddable":true,"href":"https:\/\/tremunpiercing.com\/de\/wp-json\/wp\/v2\/product_brand?post=8587"},{"taxonomy":"product_cat","embeddable":true,"href":"https:\/\/tremunpiercing.com\/de\/wp-json\/wp\/v2\/product_cat?post=8587"},{"taxonomy":"product_tag","embeddable":true,"href":"https:\/\/tremunpiercing.com\/de\/wp-json\/wp\/v2\/product_tag?post=8587"}],"curies":[{"name":"wp","href":"https:\/\/api.w.org\/{rel}","templated":true}]}}