{"id":8643,"date":"2023-12-15T21:26:31","date_gmt":"2023-12-15T20:26:31","guid":{"rendered":"https:\/\/tremunpiercing.com\/?post_type=product&#038;p=8643"},"modified":"2026-04-20T17:28:23","modified_gmt":"2026-04-20T16:28:23","slug":"sterile-field-with-oval-aperture","status":"publish","type":"product","link":"https:\/\/tremunpiercing.com\/de\/product\/sterile-field-with-oval-aperture\/","title":{"rendered":"Steriles Feld mit ovaler Apertur"},"content":{"rendered":"<p>Das sterile Feld mit ovaler \u00d6ffnung ist in jedem professionellen Piercingstudio unverzichtbar. Jedes Feld ist einzeln steril verpackt und EO-Gas sterilisiert f\u00fcr absolute Sicherheit w\u00e4hrend des Verfahrens. Mit einer Gr\u00f6\u00dfe von 15 x 15 cm bietet es Sicherheit in einem aseptischen Arbeitsbereich sowie Klarheit, um saubere und pr\u00e4zise Piercings zu erm\u00f6glichen. Der interne Klebebereich sch\u00fctzt das Feld vor dem Verrutschen und reduziert so m\u00f6gliche Kontaminationen.<\/p>\n<p>Das sterile Feld ist in Packungen mit 25 oder 50 St\u00fcck erh\u00e4ltlich und eignet sich ideal, um eine professionelle und sichere Arbeitsumgebung f\u00fcr alle Piercings zu schaffen, egal ob Ohr-, Nasen- oder K\u00f6rperpiercings. Dieser sterile Bereich wurde f\u00fcr strenge Hygienestandards entwickelt und ist eine gro\u00dfartige Option f\u00fcr Studios, die es mit der Sicherheit und dem Vertrauen ihrer Kunden ernst meinen.<\/p>","protected":false},"excerpt":{"rendered":"<ul>\n<li>Steriles Feld mit ovaler Apertur<\/li>\n<li>Einzeln verpackt<\/li>\n<li>Gr\u00f6\u00dfe: 15 x 15 Zentimeter<\/li>\n<li>Ideal f\u00fcr die Schaffung eines aseptischen Arbeitsraums zum Durchstechen<\/li>\n<li>Interne Klebefl\u00e4che f\u00fcr bessere Stabilit\u00e4t<\/li>\n<li>EO Ga sterilisiert<\/li>\n<li>50 und 25 Einheiten pro Packung<\/li>\n<\/ul>","protected":false},"featured_media":8644,"comment_status":"closed","ping_status":"closed","template":"","meta":{"_acf_changed":false},"product_brand":[],"product_cat":[328,376],"product_tag":[390,393,392,391],"class_list":{"0":"post-8643","1":"product","2":"type-product","3":"status-publish","4":"has-post-thumbnail","6":"product_cat-supplies","7":"product_cat-medical-supplies","8":"product_tag-afetercare","9":"product_tag-aftercare-products","10":"product_tag-care","11":"product_tag-piercing-care","13":"first","14":"instock","15":"taxable","16":"shipping-taxable","17":"purchasable","18":"product-type-variable"},"acf":[],"gallery_images":[8645,8646],"_links":{"self":[{"href":"https:\/\/tremunpiercing.com\/de\/wp-json\/wp\/v2\/product\/8643","targetHints":{"allow":["GET"]}}],"collection":[{"href":"https:\/\/tremunpiercing.com\/de\/wp-json\/wp\/v2\/product"}],"about":[{"href":"https:\/\/tremunpiercing.com\/de\/wp-json\/wp\/v2\/types\/product"}],"replies":[{"embeddable":true,"href":"https:\/\/tremunpiercing.com\/de\/wp-json\/wp\/v2\/comments?post=8643"}],"version-history":[{"count":0,"href":"https:\/\/tremunpiercing.com\/de\/wp-json\/wp\/v2\/product\/8643\/revisions"}],"wp:featuredmedia":[{"embeddable":true,"href":"https:\/\/tremunpiercing.com\/de\/wp-json\/wp\/v2\/media\/8644"}],"wp:attachment":[{"href":"https:\/\/tremunpiercing.com\/de\/wp-json\/wp\/v2\/media?parent=8643"}],"wp:term":[{"taxonomy":"product_brand","embeddable":true,"href":"https:\/\/tremunpiercing.com\/de\/wp-json\/wp\/v2\/product_brand?post=8643"},{"taxonomy":"product_cat","embeddable":true,"href":"https:\/\/tremunpiercing.com\/de\/wp-json\/wp\/v2\/product_cat?post=8643"},{"taxonomy":"product_tag","embeddable":true,"href":"https:\/\/tremunpiercing.com\/de\/wp-json\/wp\/v2\/product_tag?post=8643"}],"curies":[{"name":"wp","href":"https:\/\/api.w.org\/{rel}","templated":true}]}}