{"id":8823,"date":"2024-01-16T20:39:57","date_gmt":"2024-01-16T19:39:57","guid":{"rendered":"https:\/\/tremunpiercing.com\/?post_type=product&#038;p=8823"},"modified":"2026-04-17T15:14:22","modified_gmt":"2026-04-17T14:14:22","slug":"clap-customizable-display-vertica-base","status":"publish","type":"product","link":"https:\/\/tremunpiercing.com\/de\/product\/clap-customizable-display-vertica-base\/","title":{"rendered":"Klatschen! Anpassbares Display - Vertikaler Sockel"},"content":{"rendered":"<p>Sind Sie frustriert \u00fcber das Durcheinander auf Ihrer Arbeitsplatte? Die Antwort ist dieser vertikale St\u00e4nder, der die Basis des Clap!-Systems darstellt. Sie m\u00f6chten Ihre Clap! Display-Deckel direkt oben auf dem Sockel platzieren. Sie k\u00f6nnen zwei Deckel \u00fcbereinander stapeln. So k\u00f6nnen Sie noch mehr Schmuck ausstellen, ohne mehr Platz auf der Theke zu ben\u00f6tigen. Dies ist eine clevere Art, Ihre meistverkauften Ringe und Endst\u00fccke zu pr\u00e4sentieren. Schaffen Sie eine beeindruckende Pr\u00e4sentation f\u00fcr Ihre Kunden mit einem frischen, sauberen, modernen Look, der es Ihren Kunden erm\u00f6glicht, alles klar zu sehen.<\/p>","protected":false},"excerpt":{"rendered":"<ul>\n<li>Klatschen! Vertikale Basis<\/li>\n<li>Personalisierbares Display f\u00fcr Piercing-Schmuck<\/li>\n<li>Nur Basis<\/li>\n<li>Der Deckel ist separat erh\u00e4ltlich<\/li>\n<li>Bis zu zwei Deckel k\u00f6nnen aufgesetzt werden<\/li>\n<\/ul>","protected":false},"featured_media":8977,"comment_status":"closed","ping_status":"closed","template":"","meta":{"_acf_changed":false},"product_brand":[],"product_cat":[328,415,450],"product_tag":[],"class_list":{"0":"post-8823","1":"product","2":"type-product","3":"status-publish","4":"has-post-thumbnail","6":"product_cat-supplies","7":"product_cat-clap","8":"product_cat-clap-classic","10":"first","11":"instock","12":"taxable","13":"shipping-taxable","14":"purchasable","15":"product-type-simple"},"acf":[],"gallery_images":[8976,8973,8825,8829,8826,8827,8828,8972,8974,8975,9100,9101,9102],"_links":{"self":[{"href":"https:\/\/tremunpiercing.com\/de\/wp-json\/wp\/v2\/product\/8823","targetHints":{"allow":["GET"]}}],"collection":[{"href":"https:\/\/tremunpiercing.com\/de\/wp-json\/wp\/v2\/product"}],"about":[{"href":"https:\/\/tremunpiercing.com\/de\/wp-json\/wp\/v2\/types\/product"}],"replies":[{"embeddable":true,"href":"https:\/\/tremunpiercing.com\/de\/wp-json\/wp\/v2\/comments?post=8823"}],"version-history":[{"count":1,"href":"https:\/\/tremunpiercing.com\/de\/wp-json\/wp\/v2\/product\/8823\/revisions"}],"predecessor-version":[{"id":28510,"href":"https:\/\/tremunpiercing.com\/de\/wp-json\/wp\/v2\/product\/8823\/revisions\/28510"}],"wp:featuredmedia":[{"embeddable":true,"href":"https:\/\/tremunpiercing.com\/de\/wp-json\/wp\/v2\/media\/8977"}],"wp:attachment":[{"href":"https:\/\/tremunpiercing.com\/de\/wp-json\/wp\/v2\/media?parent=8823"}],"wp:term":[{"taxonomy":"product_brand","embeddable":true,"href":"https:\/\/tremunpiercing.com\/de\/wp-json\/wp\/v2\/product_brand?post=8823"},{"taxonomy":"product_cat","embeddable":true,"href":"https:\/\/tremunpiercing.com\/de\/wp-json\/wp\/v2\/product_cat?post=8823"},{"taxonomy":"product_tag","embeddable":true,"href":"https:\/\/tremunpiercing.com\/de\/wp-json\/wp\/v2\/product_tag?post=8823"}],"curies":[{"name":"wp","href":"https:\/\/api.w.org\/{rel}","templated":true}]}}