{"id":9058,"date":"2024-03-12T14:11:17","date_gmt":"2024-03-12T13:11:17","guid":{"rendered":"https:\/\/tremunpiercing.com\/?post_type=product&#038;p=9058"},"modified":"2026-04-15T10:33:53","modified_gmt":"2026-04-15T09:33:53","slug":"alisea-2-yellow-gold","status":"publish","type":"product","link":"https:\/\/tremunpiercing.com\/de\/product\/alisea-2-yellow-gold\/","title":{"rendered":"Alisea 2 Gelbgold"},"content":{"rendered":"<p>Die Alisea 2 Gelbgold von Shanga Jewellery verk\u00f6rpert minimale Raffinesse in einem gut gemachten Design aus 18 Karat Gelbgold. Die zwei funkelnden Zirkonia verleihen diesem Schmuckst\u00fcck ein subtiles Funkeln, das perfekt f\u00fcr diejenigen ist, die einen leichten, eleganten Akzent setzen m\u00f6chten. Er ist f\u00fcr 16G und 14G gewindelose Labret-Posts geeignet, kann aber auch f\u00fcr Helix-, Lappen- oder Muschelpiercings verwendet werden. Der Stift verf\u00fcgt \u00fcber einen sicheren Push-Pin-Verschlussmechanismus, der Ihnen vor und nach dem professionellen Einsetzen Sicherheit bietet.<\/p>\n<p>Die Symmetrie der beiden Steine sieht wundersch\u00f6n aus und bereichert jede kreative Ohrenkuration. Piercer und Einzelh\u00e4ndler lieben den Alisea 2 f\u00fcr seine allgemeine Handwerkskunst, seinen Komfort und seinen modernen Stil. Das perfekte, luxuri\u00f6se, minimalistische Accessoire f\u00fcr Ihre Kunden.<\/p>","protected":false},"excerpt":{"rendered":"<ul>\n<li>Gewindelos - Druckknopf oben<\/li>\n<li>Material: Gelbgold 18k<\/li>\n<li>Edelstein: Kubischer Zirkoniumdioxid<\/li>\n<li>Kompatibel mit 16G und 14G gewindelosen Labretstiften<\/li>\n<li>Gr\u00f6\u00dfe: Gro\u00df - Klein<\/li>\n<li>Marke: Shanga-Schmuck<\/li>\n<\/ul>","protected":false},"featured_media":13261,"comment_status":"closed","ping_status":"closed","template":"","meta":{"_acf_changed":false},"product_brand":[],"product_cat":[337,398],"product_tag":[187,188,189,205,206,212,190,183,213,184,207],"class_list":{"0":"post-9058","1":"product","2":"type-product","3":"status-publish","4":"has-post-thumbnail","6":"product_cat-gold-jewelry","7":"product_cat-shanga","8":"product_tag-conch","9":"product_tag-ear","10":"product_tag-helix","11":"product_tag-lobe","12":"product_tag-lobulo","13":"product_tag-medusa","14":"product_tag-oreja","15":"product_tag-perforacion","16":"product_tag-philtrum","17":"product_tag-piercing","18":"product_tag-tragus","20":"first","21":"instock","22":"taxable","23":"shipping-taxable","24":"purchasable","25":"product-type-variable"},"acf":[],"gallery_images":[29685,29686],"_links":{"self":[{"href":"https:\/\/tremunpiercing.com\/de\/wp-json\/wp\/v2\/product\/9058","targetHints":{"allow":["GET"]}}],"collection":[{"href":"https:\/\/tremunpiercing.com\/de\/wp-json\/wp\/v2\/product"}],"about":[{"href":"https:\/\/tremunpiercing.com\/de\/wp-json\/wp\/v2\/types\/product"}],"replies":[{"embeddable":true,"href":"https:\/\/tremunpiercing.com\/de\/wp-json\/wp\/v2\/comments?post=9058"}],"version-history":[{"count":1,"href":"https:\/\/tremunpiercing.com\/de\/wp-json\/wp\/v2\/product\/9058\/revisions"}],"predecessor-version":[{"id":29687,"href":"https:\/\/tremunpiercing.com\/de\/wp-json\/wp\/v2\/product\/9058\/revisions\/29687"}],"wp:featuredmedia":[{"embeddable":true,"href":"https:\/\/tremunpiercing.com\/de\/wp-json\/wp\/v2\/media\/13261"}],"wp:attachment":[{"href":"https:\/\/tremunpiercing.com\/de\/wp-json\/wp\/v2\/media?parent=9058"}],"wp:term":[{"taxonomy":"product_brand","embeddable":true,"href":"https:\/\/tremunpiercing.com\/de\/wp-json\/wp\/v2\/product_brand?post=9058"},{"taxonomy":"product_cat","embeddable":true,"href":"https:\/\/tremunpiercing.com\/de\/wp-json\/wp\/v2\/product_cat?post=9058"},{"taxonomy":"product_tag","embeddable":true,"href":"https:\/\/tremunpiercing.com\/de\/wp-json\/wp\/v2\/product_tag?post=9058"}],"curies":[{"name":"wp","href":"https:\/\/api.w.org\/{rel}","templated":true}]}}