{"id":9141,"date":"2024-03-13T15:32:46","date_gmt":"2024-03-13T14:32:46","guid":{"rendered":"https:\/\/tremunpiercing.com\/?post_type=product&#038;p=9141"},"modified":"2026-04-16T14:18:59","modified_gmt":"2026-04-16T13:18:59","slug":"serena-v2","status":"publish","type":"product","link":"https:\/\/tremunpiercing.com\/de\/product\/serena-v2\/","title":{"rendered":"Serena V2"},"content":{"rendered":"<p>Serena V2 ist der Gewindetop von Shanga Jewellery, handgefertigt aus massivem 18-kar\u00e4tigem Gelbgold mit Zirkonia f\u00fcr ein unglaubliches Funkeln in seinem 8,5 mm x 8,5 mm Design. Serena V2 ist f\u00fcr ein 14G-Innengewinde ausgelegt und bietet einen sicheren Sitz und die bestm\u00f6gliche Montage auf professionellem Niveau. Die symmetrische Form des Serena V2 eignet sich perfekt f\u00fcr Muschel-, Helix- oder Lappenpiercings und verleiht jedem Piercing-Schmuckst\u00fcck Ausgewogenheit und Glanz. Polierte Perfektion - man merkt, dass Shanga bei jedem St\u00fcck auf Luxus und Handwerkskunst achtet. Serena V2 ist eine wundersch\u00f6ne Option f\u00fcr Piercingstudios, die exklusiven, handgefertigten, unverwechselbaren, hochwertigen Goldschmuck suchen.<\/p>","protected":false},"excerpt":{"rendered":"<ul>\n<li>Oberteil mit Gewinde<\/li>\n<li>Material: Gelbgold 18k oben, rostfreier Stift<\/li>\n<li>Edelstein: Kubischer Zirkoniumdioxid<\/li>\n<li>Feinheit: 14G - 1.6mm<\/li>\n<li>Kompatibel mit Labretstiften mit 14G-Innengewinde<\/li>\n<li>Gr\u00f6\u00dfe: ca. 8,5mm x 8,5mm.<\/li>\n<li>Marke: Shanga-Schmuck<\/li>\n<\/ul>","protected":false},"featured_media":9142,"comment_status":"closed","ping_status":"closed","template":"","meta":{"_acf_changed":false},"product_brand":[],"product_cat":[337,398],"product_tag":[187,188,189,205,206,212,190,183,213,184,207],"class_list":{"0":"post-9141","1":"product","2":"type-product","3":"status-publish","4":"has-post-thumbnail","6":"product_cat-gold-jewelry","7":"product_cat-shanga","8":"product_tag-conch","9":"product_tag-ear","10":"product_tag-helix","11":"product_tag-lobe","12":"product_tag-lobulo","13":"product_tag-medusa","14":"product_tag-oreja","15":"product_tag-perforacion","16":"product_tag-philtrum","17":"product_tag-piercing","18":"product_tag-tragus","20":"first","21":"instock","22":"taxable","23":"shipping-taxable","24":"purchasable","25":"product-type-simple"},"acf":[],"gallery_images":[29647,29646],"_links":{"self":[{"href":"https:\/\/tremunpiercing.com\/de\/wp-json\/wp\/v2\/product\/9141","targetHints":{"allow":["GET"]}}],"collection":[{"href":"https:\/\/tremunpiercing.com\/de\/wp-json\/wp\/v2\/product"}],"about":[{"href":"https:\/\/tremunpiercing.com\/de\/wp-json\/wp\/v2\/types\/product"}],"replies":[{"embeddable":true,"href":"https:\/\/tremunpiercing.com\/de\/wp-json\/wp\/v2\/comments?post=9141"}],"version-history":[{"count":1,"href":"https:\/\/tremunpiercing.com\/de\/wp-json\/wp\/v2\/product\/9141\/revisions"}],"predecessor-version":[{"id":29648,"href":"https:\/\/tremunpiercing.com\/de\/wp-json\/wp\/v2\/product\/9141\/revisions\/29648"}],"wp:featuredmedia":[{"embeddable":true,"href":"https:\/\/tremunpiercing.com\/de\/wp-json\/wp\/v2\/media\/9142"}],"wp:attachment":[{"href":"https:\/\/tremunpiercing.com\/de\/wp-json\/wp\/v2\/media?parent=9141"}],"wp:term":[{"taxonomy":"product_brand","embeddable":true,"href":"https:\/\/tremunpiercing.com\/de\/wp-json\/wp\/v2\/product_brand?post=9141"},{"taxonomy":"product_cat","embeddable":true,"href":"https:\/\/tremunpiercing.com\/de\/wp-json\/wp\/v2\/product_cat?post=9141"},{"taxonomy":"product_tag","embeddable":true,"href":"https:\/\/tremunpiercing.com\/de\/wp-json\/wp\/v2\/product_tag?post=9141"}],"curies":[{"name":"wp","href":"https:\/\/api.w.org\/{rel}","templated":true}]}}