{"id":10109,"date":"2024-08-21T18:47:30","date_gmt":"2024-08-21T17:47:30","guid":{"rendered":"https:\/\/tremunpiercing.com\/?post_type=product&#038;p=10109"},"modified":"2026-04-14T12:02:06","modified_gmt":"2026-04-14T11:02:06","slug":"alisea-1-with-bullets","status":"publish","type":"product","link":"https:\/\/tremunpiercing.com\/es\/product\/alisea-1-with-bullets\/","title":{"rendered":"Alisea 1 Con balas"},"content":{"rendered":"<p>El Alisea 1 con balas es una hermosa adici\u00f3n a la colecci\u00f3n de piercings de oro de Shanga Jewellery. Este pasador sin rosca de oro amarillo de 18 quilates cuenta con brillantes piedras de circonita c\u00fabica dise\u00f1adas en forma de bala, proporcionando profundidad y brillo a cualquier piercing. Alisea 1 es compatible con los postes de labret sin rosca 16G y 14G, lo que permite al perforador un ajuste seguro y profesional. Disponible en tama\u00f1os grande y peque\u00f1o, el Alisea 1 se puede llevar en m\u00faltiples ubicaciones, como el h\u00e9lix, el tragus y el l\u00f3bulo.<\/p>\n<p>Tanto a los clientes como a los piercers les encanta el Alisea 1 por su atrevimiento y elegancia, lo que lo hace adecuado para personas interesadas en joyas con car\u00e1cter y aspecto lujoso. Hecha para durar y construida pensando en los profesionales, esta pieza representa la visi\u00f3n de Shanga de un producto de calidad con elementos de dise\u00f1o moderno. El Alisea 1 es una gran opci\u00f3n para proveedores mayoristas y minoristas de piercing que buscan algo para elevar su colecci\u00f3n de joyer\u00eda de piercing de gama alta.<\/p>","protected":false},"excerpt":{"rendered":"<ul>\n<li>Sin rosca - Push pin top<\/li>\n<li>Material: Oro Amarillo 18k<\/li>\n<li>Gema: Circonita c\u00fabica<\/li>\n<li>Compatible con los postes labretales sin rosca 16G y 14G<\/li>\n<li>Talla: Grande - Peque\u00f1o<\/li>\n<li>Marca: Shanga Jewellery<\/li>\n<\/ul>","protected":false},"featured_media":10112,"comment_status":"closed","ping_status":"closed","template":"","meta":{"_acf_changed":false},"product_brand":[],"product_cat":[337,398],"product_tag":[187,188,189,205,206,212,190,183,213,184,207],"class_list":{"0":"post-10109","1":"product","2":"type-product","3":"status-publish","4":"has-post-thumbnail","6":"product_cat-gold-jewelry","7":"product_cat-shanga","8":"product_tag-conch","9":"product_tag-ear","10":"product_tag-helix","11":"product_tag-lobe","12":"product_tag-lobulo","13":"product_tag-medusa","14":"product_tag-oreja","15":"product_tag-perforacion","16":"product_tag-philtrum","17":"product_tag-piercing","18":"product_tag-tragus","20":"first","21":"instock","22":"taxable","23":"shipping-taxable","24":"purchasable","25":"product-type-variable"},"acf":[],"gallery_images":[29628,29629],"_links":{"self":[{"href":"https:\/\/tremunpiercing.com\/es\/wp-json\/wp\/v2\/product\/10109","targetHints":{"allow":["GET"]}}],"collection":[{"href":"https:\/\/tremunpiercing.com\/es\/wp-json\/wp\/v2\/product"}],"about":[{"href":"https:\/\/tremunpiercing.com\/es\/wp-json\/wp\/v2\/types\/product"}],"replies":[{"embeddable":true,"href":"https:\/\/tremunpiercing.com\/es\/wp-json\/wp\/v2\/comments?post=10109"}],"version-history":[{"count":1,"href":"https:\/\/tremunpiercing.com\/es\/wp-json\/wp\/v2\/product\/10109\/revisions"}],"predecessor-version":[{"id":29630,"href":"https:\/\/tremunpiercing.com\/es\/wp-json\/wp\/v2\/product\/10109\/revisions\/29630"}],"wp:featuredmedia":[{"embeddable":true,"href":"https:\/\/tremunpiercing.com\/es\/wp-json\/wp\/v2\/media\/10112"}],"wp:attachment":[{"href":"https:\/\/tremunpiercing.com\/es\/wp-json\/wp\/v2\/media?parent=10109"}],"wp:term":[{"taxonomy":"product_brand","embeddable":true,"href":"https:\/\/tremunpiercing.com\/es\/wp-json\/wp\/v2\/product_brand?post=10109"},{"taxonomy":"product_cat","embeddable":true,"href":"https:\/\/tremunpiercing.com\/es\/wp-json\/wp\/v2\/product_cat?post=10109"},{"taxonomy":"product_tag","embeddable":true,"href":"https:\/\/tremunpiercing.com\/es\/wp-json\/wp\/v2\/product_tag?post=10109"}],"curies":[{"name":"wp","href":"https:\/\/api.w.org\/{rel}","templated":true}]}}