{"id":10119,"date":"2024-08-21T19:10:34","date_gmt":"2024-08-21T18:10:34","guid":{"rendered":"https:\/\/tremunpiercing.com\/?post_type=product&#038;p=10119"},"modified":"2025-12-04T14:10:24","modified_gmt":"2025-12-04T13:10:24","slug":"square-alisea-1","status":"publish","type":"product","link":"https:\/\/tremunpiercing.com\/es\/product\/square-alisea-1\/","title":{"rendered":"Plaza Alisea 1"},"content":{"rendered":"<p>El Alisea 1 cuadrado de Shanga Jewellery es la combinaci\u00f3n perfecta de lujo y practicidad para tus profesionales del piercing favoritos. Fabricado en oro amarillo macizo de 18 quilates, este pasador sin rosca est\u00e1 adornado con una brillante piedra de circonita c\u00fabica en el centro para un acabado limpio y discreto. Compatible con los postes labret sin rosca 16G y 14G, el Square Alisea 1 ofrece a los piercers una f\u00e1cil compatibilidad y un ajuste c\u00f3modo a la vez que asegura la joya en su sitio.<\/p>\n<p>El cuadrado Alisea 1 est\u00e1 disponible en grandes y peque\u00f1as variaciones de tama\u00f1o para sus clientes que les gusta la opci\u00f3n de llamada de subestimado y m\u00e1s todo con la declaraci\u00f3n se ve a ofrecer a nuestros clientes. Esta joyer\u00eda puede estar en su lugar para piercings iniciales y para el uso diario. Tiene pluses como joyer\u00eda piercing en que es ligero pero tambi\u00e9n durable para el desgaste a largo plazo y est\u00e1 dise\u00f1ado con la mirada cuadrada-torneada intemporal para los clientes que buscan lujo minimalista.<\/p>\n<p>El Square Alisea 1 es una gran pieza para el estudio de piercing, tienda de tatuajes, o proveedor al por mayor. El Square Alisea 1 es una gran representaci\u00f3n de la calidad y la artesan\u00eda, as\u00ed como el dise\u00f1o moderno en la l\u00ednea de Shanga. Mediante el almacenamiento de la Plaza Alisea 1, el moderno usted garantizar\u00e1 que sus clientes tendr\u00e1n acceso a la joyer\u00eda de perforaci\u00f3n de primera calidad para el uso diario y ocasional de la oreja curada estilo espacio.<\/p>","protected":false},"excerpt":{"rendered":"<ul>\n<li>Sin rosca - Push pin top<\/li>\n<li>Material: Oro amarillo 18k, pin inoxidable<\/li>\n<li>Gema: Circonita c\u00fabica<\/li>\n<li>Compatible con los postes labretales sin rosca 16G y 14G<\/li>\n<li>Talla: Grande - Peque\u00f1o<\/li>\n<li>Marca: Shanga Jewellery<\/li>\n<\/ul>","protected":false},"featured_media":10122,"comment_status":"closed","ping_status":"closed","template":"","meta":{"_acf_changed":false},"product_brand":[],"product_cat":[337,398],"product_tag":[187,188,189,205,206,212,190,183,213,184,207],"class_list":{"0":"post-10119","1":"product","2":"type-product","3":"status-publish","4":"has-post-thumbnail","6":"product_cat-gold-jewelry","7":"product_cat-shanga","8":"product_tag-conch","9":"product_tag-ear","10":"product_tag-helix","11":"product_tag-lobe","12":"product_tag-lobulo","13":"product_tag-medusa","14":"product_tag-oreja","15":"product_tag-perforacion","16":"product_tag-philtrum","17":"product_tag-piercing","18":"product_tag-tragus","20":"first","21":"instock","22":"taxable","23":"shipping-taxable","24":"product-type-variable"},"acf":[],"gallery_images":[],"_links":{"self":[{"href":"https:\/\/tremunpiercing.com\/es\/wp-json\/wp\/v2\/product\/10119","targetHints":{"allow":["GET"]}}],"collection":[{"href":"https:\/\/tremunpiercing.com\/es\/wp-json\/wp\/v2\/product"}],"about":[{"href":"https:\/\/tremunpiercing.com\/es\/wp-json\/wp\/v2\/types\/product"}],"replies":[{"embeddable":true,"href":"https:\/\/tremunpiercing.com\/es\/wp-json\/wp\/v2\/comments?post=10119"}],"version-history":[{"count":0,"href":"https:\/\/tremunpiercing.com\/es\/wp-json\/wp\/v2\/product\/10119\/revisions"}],"wp:featuredmedia":[{"embeddable":true,"href":"https:\/\/tremunpiercing.com\/es\/wp-json\/wp\/v2\/media\/10122"}],"wp:attachment":[{"href":"https:\/\/tremunpiercing.com\/es\/wp-json\/wp\/v2\/media?parent=10119"}],"wp:term":[{"taxonomy":"product_brand","embeddable":true,"href":"https:\/\/tremunpiercing.com\/es\/wp-json\/wp\/v2\/product_brand?post=10119"},{"taxonomy":"product_cat","embeddable":true,"href":"https:\/\/tremunpiercing.com\/es\/wp-json\/wp\/v2\/product_cat?post=10119"},{"taxonomy":"product_tag","embeddable":true,"href":"https:\/\/tremunpiercing.com\/es\/wp-json\/wp\/v2\/product_tag?post=10119"}],"curies":[{"name":"wp","href":"https:\/\/api.w.org\/{rel}","templated":true}]}}