{"id":10154,"date":"2024-08-22T14:41:04","date_gmt":"2024-08-22T13:41:04","guid":{"rendered":"https:\/\/tremunpiercing.com\/?post_type=product&#038;p=10154"},"modified":"2026-04-14T11:14:29","modified_gmt":"2026-04-14T10:14:29","slug":"firenze","status":"publish","type":"product","link":"https:\/\/tremunpiercing.com\/es\/product\/firenze\/","title":{"rendered":"Firenze"},"content":{"rendered":"<p>Descubre el lujo atemporal para tu colecci\u00f3n de piercings con el remate de rosca Firenze de Shanga Jewellery. Fabricado \u00edntegramente en oro amarillo de 18 quilates, el tope Firenze mide 6,7 mm x 4,1 mm y cuenta con exquisitas circonitas c\u00fabicas para un brillo excepcional. La parte superior presenta una construcci\u00f3n roscada 14G, optando por un ajuste seguro y fiable tanto para los perforadores como para los clientes. El tope roscado Firenze es compatible con los postes de labret 14G y excepcionalmente adecuado para piercings de cart\u00edlago, labio y otros piercings compatibles y duraderos.<\/p>\n<p>La combinaci\u00f3n de oro y circonitas brillantes hace que este dise\u00f1o de joyer\u00eda no suponga ning\u00fan esfuerzo para la mayor\u00eda de los usuarios: lo suficientemente sutil como para llevarlo a diario, pero resplandeciente cuando se incorpora a exposiciones m\u00e1s grandes. Dise\u00f1ado para uso profesional, el tope de rosca Firenze es hipoalerg\u00e9nico y est\u00e1 hecho para adaptarse a pieles sensibles para mayor comodidad y seguridad. Tanto si se trata de un estudio de piercing como de un minorista de joyer\u00eda, la tapa Firenze es esencial para la presencia de tapas de piercing de oro de alta calidad que resistan el paso del tiempo.<\/p>","protected":false},"excerpt":{"rendered":"<ul>\n<li>Parte superior roscada<\/li>\n<li>Material: Oro Amarillo 18k<\/li>\n<li>Calibre: 14G<\/li>\n<li>Tama\u00f1o: 6,7 mm x 4,1 mm<\/li>\n<li>Gema: Circonita c\u00fabica<\/li>\n<li>Compatible con postes de labret 14G<\/li>\n<li>Marca: Shanga Jewellery<\/li>\n<\/ul>","protected":false},"featured_media":12808,"comment_status":"closed","ping_status":"closed","template":"","meta":{"_acf_changed":false},"product_brand":[],"product_cat":[337,398],"product_tag":[187,188,189,205,206,212,190,183,213,184,207],"class_list":{"0":"post-10154","1":"product","2":"type-product","3":"status-publish","4":"has-post-thumbnail","6":"product_cat-gold-jewelry","7":"product_cat-shanga","8":"product_tag-conch","9":"product_tag-ear","10":"product_tag-helix","11":"product_tag-lobe","12":"product_tag-lobulo","13":"product_tag-medusa","14":"product_tag-oreja","15":"product_tag-perforacion","16":"product_tag-philtrum","17":"product_tag-piercing","18":"product_tag-tragus","20":"first","21":"instock","22":"featured","23":"taxable","24":"shipping-taxable","25":"purchasable","26":"product-type-simple"},"acf":[],"gallery_images":[29619,29618],"_links":{"self":[{"href":"https:\/\/tremunpiercing.com\/es\/wp-json\/wp\/v2\/product\/10154","targetHints":{"allow":["GET"]}}],"collection":[{"href":"https:\/\/tremunpiercing.com\/es\/wp-json\/wp\/v2\/product"}],"about":[{"href":"https:\/\/tremunpiercing.com\/es\/wp-json\/wp\/v2\/types\/product"}],"replies":[{"embeddable":true,"href":"https:\/\/tremunpiercing.com\/es\/wp-json\/wp\/v2\/comments?post=10154"}],"version-history":[{"count":1,"href":"https:\/\/tremunpiercing.com\/es\/wp-json\/wp\/v2\/product\/10154\/revisions"}],"predecessor-version":[{"id":29620,"href":"https:\/\/tremunpiercing.com\/es\/wp-json\/wp\/v2\/product\/10154\/revisions\/29620"}],"wp:featuredmedia":[{"embeddable":true,"href":"https:\/\/tremunpiercing.com\/es\/wp-json\/wp\/v2\/media\/12808"}],"wp:attachment":[{"href":"https:\/\/tremunpiercing.com\/es\/wp-json\/wp\/v2\/media?parent=10154"}],"wp:term":[{"taxonomy":"product_brand","embeddable":true,"href":"https:\/\/tremunpiercing.com\/es\/wp-json\/wp\/v2\/product_brand?post=10154"},{"taxonomy":"product_cat","embeddable":true,"href":"https:\/\/tremunpiercing.com\/es\/wp-json\/wp\/v2\/product_cat?post=10154"},{"taxonomy":"product_tag","embeddable":true,"href":"https:\/\/tremunpiercing.com\/es\/wp-json\/wp\/v2\/product_tag?post=10154"}],"curies":[{"name":"wp","href":"https:\/\/api.w.org\/{rel}","templated":true}]}}