{"id":10177,"date":"2024-08-22T20:26:05","date_gmt":"2024-08-22T19:26:05","guid":{"rendered":"https:\/\/tremunpiercing.com\/?post_type=product&#038;p=10177"},"modified":"2026-04-14T10:59:52","modified_gmt":"2026-04-14T09:59:52","slug":"baguette-with-bullets","status":"publish","type":"product","link":"https:\/\/tremunpiercing.com\/es\/product\/baguette-with-bullets\/","title":{"rendered":"Baguette con balas"},"content":{"rendered":"<p>Baguette With Bullets de Shanga Jewellery presenta un dise\u00f1o elegante y atrevido en joyer\u00eda corporal de primera calidad. Fabricada en oro amarillo de 18 quilates, la parte superior sin rosca mide 2,9 mm x 6,9 mm y presenta un cristal de circonita c\u00fabica en forma de baguette en el centro. Cada lado de la joya tiene un detalle en forma de bala que le da un toque vanguardista sin dejar de ser una lujosa pieza de joyer\u00eda corporal. La parte superior se ajusta a los postes labret de 16G o 14G y es de calidad profesional. Est\u00e1 pensada para joyer\u00eda de h\u00e9lix, tragus, l\u00f3bulo o fosa nasal y satisface el deseo de los clientes de joyas que destaquen por su estilo y sofisticaci\u00f3n.<\/p>\n<p>A los clientes que deseen comprar al por mayor les encantar\u00e1 la calidad de la artesan\u00eda de esta joya para el cuerpo, as\u00ed como su estilo moderno, que se suma a las colecciones de cualquier dise\u00f1ador. La baguette con balas tiene precisi\u00f3n, durabilidad y un dise\u00f1o de moda vanguardista, lo que la convierte en una pieza imprescindible tanto para estudios como para minoristas.<\/p>","protected":false},"excerpt":{"rendered":"<ul>\n<li>Parte superior sin rosca - pasador inoxidable 25ga<\/li>\n<li>Material: Oro Amarillo 18k<\/li>\n<li>Tama\u00f1o: 2,9 mm x 6,9 mm<\/li>\n<li>Gema: Circonita c\u00fabica<\/li>\n<li>Compatible con los labrets sin rosca 16G y 14G<\/li>\n<li>Marca: Shanga Jewellery<\/li>\n<\/ul>","protected":false},"featured_media":10178,"comment_status":"closed","ping_status":"closed","template":"","meta":{"_acf_changed":false},"product_brand":[],"product_cat":[337,398],"product_tag":[187,188,189,205,206,212,190,183,213,184,207],"class_list":{"0":"post-10177","1":"product","2":"type-product","3":"status-publish","4":"has-post-thumbnail","6":"product_cat-gold-jewelry","7":"product_cat-shanga","8":"product_tag-conch","9":"product_tag-ear","10":"product_tag-helix","11":"product_tag-lobe","12":"product_tag-lobulo","13":"product_tag-medusa","14":"product_tag-oreja","15":"product_tag-perforacion","16":"product_tag-philtrum","17":"product_tag-piercing","18":"product_tag-tragus","20":"first","21":"instock","22":"taxable","23":"shipping-taxable","24":"purchasable","25":"product-type-simple"},"acf":[],"gallery_images":[29617,29616],"_links":{"self":[{"href":"https:\/\/tremunpiercing.com\/es\/wp-json\/wp\/v2\/product\/10177","targetHints":{"allow":["GET"]}}],"collection":[{"href":"https:\/\/tremunpiercing.com\/es\/wp-json\/wp\/v2\/product"}],"about":[{"href":"https:\/\/tremunpiercing.com\/es\/wp-json\/wp\/v2\/types\/product"}],"replies":[{"embeddable":true,"href":"https:\/\/tremunpiercing.com\/es\/wp-json\/wp\/v2\/comments?post=10177"}],"version-history":[{"count":1,"href":"https:\/\/tremunpiercing.com\/es\/wp-json\/wp\/v2\/product\/10177\/revisions"}],"predecessor-version":[{"id":28961,"href":"https:\/\/tremunpiercing.com\/es\/wp-json\/wp\/v2\/product\/10177\/revisions\/28961"}],"wp:featuredmedia":[{"embeddable":true,"href":"https:\/\/tremunpiercing.com\/es\/wp-json\/wp\/v2\/media\/10178"}],"wp:attachment":[{"href":"https:\/\/tremunpiercing.com\/es\/wp-json\/wp\/v2\/media?parent=10177"}],"wp:term":[{"taxonomy":"product_brand","embeddable":true,"href":"https:\/\/tremunpiercing.com\/es\/wp-json\/wp\/v2\/product_brand?post=10177"},{"taxonomy":"product_cat","embeddable":true,"href":"https:\/\/tremunpiercing.com\/es\/wp-json\/wp\/v2\/product_cat?post=10177"},{"taxonomy":"product_tag","embeddable":true,"href":"https:\/\/tremunpiercing.com\/es\/wp-json\/wp\/v2\/product_tag?post=10177"}],"curies":[{"name":"wp","href":"https:\/\/api.w.org\/{rel}","templated":true}]}}