{"id":10179,"date":"2024-08-22T20:38:18","date_gmt":"2024-08-22T19:38:18","guid":{"rendered":"https:\/\/tremunpiercing.com\/?post_type=product&#038;p=10179"},"modified":"2026-04-14T10:55:03","modified_gmt":"2026-04-14T09:55:03","slug":"baguette-double-point","status":"publish","type":"product","link":"https:\/\/tremunpiercing.com\/es\/product\/baguette-double-point\/","title":{"rendered":"Baguette Doble Punta"},"content":{"rendered":"<p>Baguette Double Point de Shanga Jewelry es un elegante cierre de joyer\u00eda sin rosca dise\u00f1ado para tu perforador o para el perforador de tu cliente. La tapa de oro amarillo de 18 quilates es una tapa de estilo push-pin que mide 2,9 mm x 5,5 mm y cuenta con una hermosa piedra baguette de circonita c\u00fabica engastada en un engaste de doble punta. La precisi\u00f3n del dise\u00f1o moderno elevar\u00e1 cualquier piercing gracias a su estilo afilado.<\/p>\n<p>Minimalista y lujoso, el doble punto baguette es uno de los estilos m\u00e1s populares entre los clientes que prefieren un aspecto limpio y contempor\u00e1neo. La parte superior es adecuada para postes de labret sin rosca de 16G y 14G y se puede llevar en colocaciones que incluyen la fosa nasal, el tragus, el helix y los l\u00f3bulos con comodidad y facilidad. Para los compradores al por mayor y los estudios, la punta doble baguette es un producto de primera calidad que es funcional, mejora el inventario y es una de las principales opciones entre los piercers y los clientes.<\/p>","protected":false},"excerpt":{"rendered":"<ul>\n<li>Top sin hilos<\/li>\n<li>Material: Oro Amarillo 18k<\/li>\n<li>Tama\u00f1o: : 2,9mm x 5,5mm<\/li>\n<li>Gema: Circonita c\u00fabica<\/li>\n<li>Compatible con los postes labretales sin rosca 16G y 14G<\/li>\n<li>Marca: Shanga Jewellery<\/li>\n<\/ul>","protected":false},"featured_media":12792,"comment_status":"closed","ping_status":"closed","template":"","meta":{"_acf_changed":false},"product_brand":[],"product_cat":[337,398],"product_tag":[187,188,189,205,206,212,190,183,213,184,207],"class_list":{"0":"post-10179","1":"product","2":"type-product","3":"status-publish","4":"has-post-thumbnail","6":"product_cat-gold-jewelry","7":"product_cat-shanga","8":"product_tag-conch","9":"product_tag-ear","10":"product_tag-helix","11":"product_tag-lobe","12":"product_tag-lobulo","13":"product_tag-medusa","14":"product_tag-oreja","15":"product_tag-perforacion","16":"product_tag-philtrum","17":"product_tag-piercing","18":"product_tag-tragus","20":"first","21":"instock","22":"featured","23":"taxable","24":"shipping-taxable","25":"purchasable","26":"product-type-simple"},"acf":[],"gallery_images":[29615,29614],"_links":{"self":[{"href":"https:\/\/tremunpiercing.com\/es\/wp-json\/wp\/v2\/product\/10179","targetHints":{"allow":["GET"]}}],"collection":[{"href":"https:\/\/tremunpiercing.com\/es\/wp-json\/wp\/v2\/product"}],"about":[{"href":"https:\/\/tremunpiercing.com\/es\/wp-json\/wp\/v2\/types\/product"}],"replies":[{"embeddable":true,"href":"https:\/\/tremunpiercing.com\/es\/wp-json\/wp\/v2\/comments?post=10179"}],"version-history":[{"count":1,"href":"https:\/\/tremunpiercing.com\/es\/wp-json\/wp\/v2\/product\/10179\/revisions"}],"predecessor-version":[{"id":28960,"href":"https:\/\/tremunpiercing.com\/es\/wp-json\/wp\/v2\/product\/10179\/revisions\/28960"}],"wp:featuredmedia":[{"embeddable":true,"href":"https:\/\/tremunpiercing.com\/es\/wp-json\/wp\/v2\/media\/12792"}],"wp:attachment":[{"href":"https:\/\/tremunpiercing.com\/es\/wp-json\/wp\/v2\/media?parent=10179"}],"wp:term":[{"taxonomy":"product_brand","embeddable":true,"href":"https:\/\/tremunpiercing.com\/es\/wp-json\/wp\/v2\/product_brand?post=10179"},{"taxonomy":"product_cat","embeddable":true,"href":"https:\/\/tremunpiercing.com\/es\/wp-json\/wp\/v2\/product_cat?post=10179"},{"taxonomy":"product_tag","embeddable":true,"href":"https:\/\/tremunpiercing.com\/es\/wp-json\/wp\/v2\/product_tag?post=10179"}],"curies":[{"name":"wp","href":"https:\/\/api.w.org\/{rel}","templated":true}]}}