{"id":11266,"date":"2024-09-30T14:28:38","date_gmt":"2024-09-30T13:28:38","guid":{"rendered":"https:\/\/tremunpiercing.com\/?post_type=product&#038;p=11266"},"modified":"2026-04-05T11:29:43","modified_gmt":"2026-04-05T10:29:43","slug":"sue-vitrial-cz","status":"publish","type":"product","link":"https:\/\/tremunpiercing.com\/es\/product\/sue-vitrial-cz\/","title":{"rendered":"Sue Vitrial CZ"},"content":{"rendered":"<h2 data-start=\"1287\" data-end=\"1345\">Sue Vitrial CZ - Joyas de titanio con rosca interna<\/h2>\n<p>El Sue Vitrial CZ da a la joyer\u00eda cl\u00e1sica de piercing un toque divertido y colorido. Est\u00e1 hecho de titanio de grado de implante F-136 que est\u00e1 garantizado para ser hipoalerg\u00e9nico y duradero. Mide 10 mm de largo y est\u00e1 dise\u00f1ado para un calibre profesional 14G. La zirconia c\u00fabica vitrial es de 4mm-6mm y brilla en una multitud de colores en cualquier tipo de luz. El est\u00e1ndar del departamento de rosca interna minimiza la irritaci\u00f3n de los clientes durante la inserci\u00f3n y proporciona una inserci\u00f3n suave y segura.<\/p>\n<p>El Sue Vitrial CZ es una pieza de joyer\u00eda corporal impresionante y llamativa, perfecta para tiendas de piercings de \u00e9lite, proveedores de joyer\u00eda corporal y tiendas comerciales. El juego de colores del Sue Vitrial CZ a\u00f1ade acento a cualquier piercing esperado y crea un aspecto distintivo para el cart\u00edlago, los labios y otros piercings principales. Es extravagante, pero juega con un dise\u00f1o sencillo y sofisticado. El Sue Vitrial CZ encarna la calidad de construcci\u00f3n y no compromete el estilo est\u00e9tico y es la elecci\u00f3n de los piercers profesionales y sus clientes en todo el mundo.<\/p>","protected":false},"excerpt":{"rendered":"<ul>\n<li>Rosca interna<\/li>\n<li>Material: Titanio F-136 para implantes<\/li>\n<li>Longitud: 10 mm<\/li>\n<li>Calibre: 14G<\/li>\n<li>Tama\u00f1o de la gema: 4 mm - 6 mm<\/li>\n<li>Gema: Circonita c\u00fabica de Vitrial<\/li>\n<\/ul>","protected":false},"featured_media":12834,"comment_status":"closed","ping_status":"closed","template":"","meta":{"_acf_changed":false},"product_brand":[],"product_cat":[346,340],"product_tag":[177,178,179,180,181,182,183,184,185],"class_list":{"0":"post-11266","1":"product","2":"type-product","3":"status-publish","4":"has-post-thumbnail","6":"product_cat-belly-button-titanium-jewelry","7":"product_cat-titanium-jewelry","8":"product_tag-belly","9":"product_tag-belly-button","10":"product_tag-cristal","11":"product_tag-cz","12":"product_tag-navel","13":"product_tag-ombligo","14":"product_tag-perforacion","15":"product_tag-piercing","16":"product_tag-shiny","18":"first","19":"instock","20":"taxable","21":"shipping-taxable","22":"purchasable","23":"product-type-simple"},"acf":[],"gallery_images":[28190,28189],"_links":{"self":[{"href":"https:\/\/tremunpiercing.com\/es\/wp-json\/wp\/v2\/product\/11266","targetHints":{"allow":["GET"]}}],"collection":[{"href":"https:\/\/tremunpiercing.com\/es\/wp-json\/wp\/v2\/product"}],"about":[{"href":"https:\/\/tremunpiercing.com\/es\/wp-json\/wp\/v2\/types\/product"}],"replies":[{"embeddable":true,"href":"https:\/\/tremunpiercing.com\/es\/wp-json\/wp\/v2\/comments?post=11266"}],"version-history":[{"count":1,"href":"https:\/\/tremunpiercing.com\/es\/wp-json\/wp\/v2\/product\/11266\/revisions"}],"predecessor-version":[{"id":28193,"href":"https:\/\/tremunpiercing.com\/es\/wp-json\/wp\/v2\/product\/11266\/revisions\/28193"}],"wp:featuredmedia":[{"embeddable":true,"href":"https:\/\/tremunpiercing.com\/es\/wp-json\/wp\/v2\/media\/12834"}],"wp:attachment":[{"href":"https:\/\/tremunpiercing.com\/es\/wp-json\/wp\/v2\/media?parent=11266"}],"wp:term":[{"taxonomy":"product_brand","embeddable":true,"href":"https:\/\/tremunpiercing.com\/es\/wp-json\/wp\/v2\/product_brand?post=11266"},{"taxonomy":"product_cat","embeddable":true,"href":"https:\/\/tremunpiercing.com\/es\/wp-json\/wp\/v2\/product_cat?post=11266"},{"taxonomy":"product_tag","embeddable":true,"href":"https:\/\/tremunpiercing.com\/es\/wp-json\/wp\/v2\/product_tag?post=11266"}],"curies":[{"name":"wp","href":"https:\/\/api.w.org\/{rel}","templated":true}]}}