{"id":11444,"date":"2024-10-09T20:58:15","date_gmt":"2024-10-09T19:58:15","guid":{"rendered":"https:\/\/tremunpiercing.com\/?post_type=product&#038;p=11444"},"modified":"2026-04-13T14:30:49","modified_gmt":"2026-04-13T13:30:49","slug":"kathy","status":"publish","type":"product","link":"https:\/\/tremunpiercing.com\/es\/product\/kathy\/","title":{"rendered":"Kathy"},"content":{"rendered":"<p>El broche de rosca interna Kathy es una mejora de primera calidad para quienes se perforan profesionalmente. Fabricado en oro amarillo macizo de 14 quilates, este pasador es una excelente combinaci\u00f3n de lujo y seguridad. 14G y 7mm de tama\u00f1o, este broche est\u00e1 adornado con una gema de circonita c\u00fabica que deslumbrar\u00e1 a cualquiera. Roscado internamente para facilitar la inserci\u00f3n y mejorar la seguridad, este pendiente est\u00e1 dise\u00f1ado para proteger los tejidos delicados durante la inserci\u00f3n. Fabricado con materiales hipoalerg\u00e9nicos y resistentes al deslustre, este pendiente es duradero y tendr\u00e1 un aspecto estupendo durante mucho tiempo sin dejar de ser c\u00f3modo. Es ideal para piercings en el labret, el tragus o el cart\u00edlago. A\u00f1ade el broche Kathy a tus existencias para ofrecer a tus clientes joyas corporales seguras y de alta calidad.<\/p>","protected":false},"excerpt":{"rendered":"<ul>\n<li>Rosca interna<\/li>\n<li>Material: Oro amarillo 14k<\/li>\n<li>Gema: Circonita c\u00fabica<\/li>\n<li>Calibre: 14G<\/li>\n<li>Tama\u00f1o: 7 mm<\/li>\n<\/ul>","protected":false},"featured_media":18608,"comment_status":"closed","ping_status":"closed","template":"","meta":{"_acf_changed":false},"product_brand":[],"product_cat":[337,463,400],"product_tag":[187,188,189,205,206,212,190,183,213,184,207],"class_list":{"0":"post-11444","1":"product","2":"type-product","3":"status-publish","4":"has-post-thumbnail","6":"product_cat-gold-jewelry","7":"product_cat-tops-gold-tremun","8":"product_cat-tremun","9":"product_tag-conch","10":"product_tag-ear","11":"product_tag-helix","12":"product_tag-lobe","13":"product_tag-lobulo","14":"product_tag-medusa","15":"product_tag-oreja","16":"product_tag-perforacion","17":"product_tag-philtrum","18":"product_tag-piercing","19":"product_tag-tragus","21":"first","22":"instock","23":"taxable","24":"shipping-taxable","25":"purchasable","26":"product-type-simple"},"acf":[],"gallery_images":[29579,29578],"_links":{"self":[{"href":"https:\/\/tremunpiercing.com\/es\/wp-json\/wp\/v2\/product\/11444","targetHints":{"allow":["GET"]}}],"collection":[{"href":"https:\/\/tremunpiercing.com\/es\/wp-json\/wp\/v2\/product"}],"about":[{"href":"https:\/\/tremunpiercing.com\/es\/wp-json\/wp\/v2\/types\/product"}],"replies":[{"embeddable":true,"href":"https:\/\/tremunpiercing.com\/es\/wp-json\/wp\/v2\/comments?post=11444"}],"version-history":[{"count":1,"href":"https:\/\/tremunpiercing.com\/es\/wp-json\/wp\/v2\/product\/11444\/revisions"}],"predecessor-version":[{"id":29580,"href":"https:\/\/tremunpiercing.com\/es\/wp-json\/wp\/v2\/product\/11444\/revisions\/29580"}],"wp:featuredmedia":[{"embeddable":true,"href":"https:\/\/tremunpiercing.com\/es\/wp-json\/wp\/v2\/media\/18608"}],"wp:attachment":[{"href":"https:\/\/tremunpiercing.com\/es\/wp-json\/wp\/v2\/media?parent=11444"}],"wp:term":[{"taxonomy":"product_brand","embeddable":true,"href":"https:\/\/tremunpiercing.com\/es\/wp-json\/wp\/v2\/product_brand?post=11444"},{"taxonomy":"product_cat","embeddable":true,"href":"https:\/\/tremunpiercing.com\/es\/wp-json\/wp\/v2\/product_cat?post=11444"},{"taxonomy":"product_tag","embeddable":true,"href":"https:\/\/tremunpiercing.com\/es\/wp-json\/wp\/v2\/product_tag?post=11444"}],"curies":[{"name":"wp","href":"https:\/\/api.w.org\/{rel}","templated":true}]}}