{"id":12205,"date":"2024-11-11T14:50:53","date_gmt":"2024-11-11T13:50:53","guid":{"rendered":"https:\/\/tremunpiercing.com\/?post_type=product&#038;p=12205"},"modified":"2026-04-22T16:24:01","modified_gmt":"2026-04-22T15:24:01","slug":"eva-white-cz","status":"publish","type":"product","link":"https:\/\/tremunpiercing.com\/es\/product\/eva-white-cz\/","title":{"rendered":"Eva White CZ"},"content":{"rendered":"<p>El Eva White CZ refleja la elegancia cl\u00e1sica y una construcci\u00f3n de calidad profesional. La pieza de rosca interna 16G est\u00e1 fabricada con titanio de calidad para implantes (ASTM F-136), que ofrece la m\u00e1xima seguridad, resistencia y comodidad a los clientes. El racimo de brillantes piedras de circonita blanca crea un brillo limpio y atemporal de 12,5 mm, por lo que es ideal para las curas que necesitan un encanto exclusivo sin concesiones. La joyer\u00eda con rosca interna permite inserciones m\u00e1s suaves y una reducci\u00f3n del traumatismo tisular, por lo que puede llevar esta pieza con la confianza de que est\u00e1 utilizando el art\u00edculo b\u00e1sico de un profesional del piercing.<\/p>\n<p>El Eva White CZ se puede llevar en piercings de oreja como para l\u00f3bulos, h\u00e9lix o concha, y es una pieza elegante y de larga evoluci\u00f3n para el disfrute de los clientes. La CZ Eva White se puede llevar sola para una simple declaraci\u00f3n o con sus piezas favoritas de piedras preciosas, a\u00f1adiendo una inmersi\u00f3n extra profunda para desbloquear su exhibici\u00f3n de joyas a un nivel superior. El Eva White CZ es elegante, fiable y dise\u00f1ado para el uso a largo plazo; este art\u00edculo es una simple adici\u00f3n para su colecci\u00f3n de joyer\u00eda de perforaci\u00f3n al por mayor.<\/p>","protected":false},"excerpt":{"rendered":"<ul>\n<li>Rosca interna<\/li>\n<li>Material: Titanio F-136 para implantes<\/li>\n<li>Galga: 16G<\/li>\n<li>Gema: Circonita c\u00fabica<\/li>\n<li>Tama\u00f1o: 12,5 mm<\/li>\n<\/ul>","protected":false},"featured_media":12400,"comment_status":"closed","ping_status":"closed","template":"","meta":{"_acf_changed":false},"product_brand":[],"product_cat":[340,343],"product_tag":[187,188,209,189,205,206,190,183,184,207],"class_list":{"0":"post-12205","1":"product","2":"type-product","3":"status-publish","4":"has-post-thumbnail","6":"product_cat-titanium-jewelry","7":"product_cat-tops-titanium-jewelry","8":"product_tag-conch","9":"product_tag-ear","10":"product_tag-faux-rook","11":"product_tag-helix","12":"product_tag-lobe","13":"product_tag-lobulo","14":"product_tag-oreja","15":"product_tag-perforacion","16":"product_tag-piercing","17":"product_tag-tragus","19":"first","20":"instock","21":"taxable","22":"shipping-taxable","23":"purchasable","24":"product-type-simple"},"acf":[],"gallery_images":[28085,28086],"_links":{"self":[{"href":"https:\/\/tremunpiercing.com\/es\/wp-json\/wp\/v2\/product\/12205","targetHints":{"allow":["GET"]}}],"collection":[{"href":"https:\/\/tremunpiercing.com\/es\/wp-json\/wp\/v2\/product"}],"about":[{"href":"https:\/\/tremunpiercing.com\/es\/wp-json\/wp\/v2\/types\/product"}],"replies":[{"embeddable":true,"href":"https:\/\/tremunpiercing.com\/es\/wp-json\/wp\/v2\/comments?post=12205"}],"version-history":[{"count":1,"href":"https:\/\/tremunpiercing.com\/es\/wp-json\/wp\/v2\/product\/12205\/revisions"}],"predecessor-version":[{"id":28090,"href":"https:\/\/tremunpiercing.com\/es\/wp-json\/wp\/v2\/product\/12205\/revisions\/28090"}],"wp:featuredmedia":[{"embeddable":true,"href":"https:\/\/tremunpiercing.com\/es\/wp-json\/wp\/v2\/media\/12400"}],"wp:attachment":[{"href":"https:\/\/tremunpiercing.com\/es\/wp-json\/wp\/v2\/media?parent=12205"}],"wp:term":[{"taxonomy":"product_brand","embeddable":true,"href":"https:\/\/tremunpiercing.com\/es\/wp-json\/wp\/v2\/product_brand?post=12205"},{"taxonomy":"product_cat","embeddable":true,"href":"https:\/\/tremunpiercing.com\/es\/wp-json\/wp\/v2\/product_cat?post=12205"},{"taxonomy":"product_tag","embeddable":true,"href":"https:\/\/tremunpiercing.com\/es\/wp-json\/wp\/v2\/product_tag?post=12205"}],"curies":[{"name":"wp","href":"https:\/\/api.w.org\/{rel}","templated":true}]}}