{"id":12668,"date":"2024-12-19T01:38:03","date_gmt":"2024-12-19T00:38:03","guid":{"rendered":"https:\/\/tremunpiercing.com\/?post_type=product&#038;p=12668"},"modified":"2026-04-18T10:25:47","modified_gmt":"2026-04-18T09:25:47","slug":"micro-labret-push-pin-post-only-base-3mm","status":"publish","type":"product","link":"https:\/\/tremunpiercing.com\/es\/product\/micro-labret-push-pin-post-only-base-3mm\/","title":{"rendered":"Micro Labret Push Pin (SOLO POST) (Base 3mm)"},"content":{"rendered":"<p>El poste Micro Labret Push Pin es un complemento esencial para todos los estudios de piercing profesionales. Dise\u00f1ado espec\u00edficamente para las puntas de los pasadores, este poste est\u00e1 fabricado con titanio de implante de primera calidad (F-136) que ofrece seguridad, durabilidad y biocompatibilidad para todo tipo de piel. Se ofrece en una anchura fina de calibre 20G y longitudes de 5 mm, 6 mm o 7 mm, por lo que puede mezclar y combinar como desee en funci\u00f3n de la colocaci\u00f3n del piercing que prefiera su cliente. El poste Micro Labret Push Pin es universal para casi cualquier cliente, con la ventaja a\u00f1adida de ofrecer una comodidad excepcional durante el proceso de cicatrizaci\u00f3n. Con una base plana de 3 mm, el poste Micro Labret Push Pin se mantiene c\u00f3modamente situado contra la piel, al tiempo que ofrece un buen agarre estable con poca irritaci\u00f3n.<\/p>\n<p>El Micro Labret Push Pin es s\u00f3lo para poste, lo que permite al piercer la oportunidad de mezclar y combinar con el cat\u00e1logo de accesorios push pin disponibles, que es lo que todo piercer busca en una colecci\u00f3n de joyas. El labret est\u00e1 hecho de titanio ligero pero duradero y es otra raz\u00f3n por la que los expertos en piercing de todo el mundo conf\u00edan en sus micro labrets por sus propiedades hipoalerg\u00e9nicas y su durabilidad. Son otra gran opci\u00f3n de venta al por mayor para tu estudio, tienda de tatuajes o minorista que busca ampliar su inventario de piercings de calidad con resultados de nivel profesional.<\/p>","protected":false},"excerpt":{"rendered":"<ul>\n<li>Pasador<\/li>\n<li>Compatible s\u00f3lo con accesorios con pasador<\/li>\n<li>Material: Titanio F-136 para implantes<\/li>\n<li>Calibre: 20G<\/li>\n<li>Longitud: 5 mm, 6 mm, 7 mm<\/li>\n<li>Di\u00e1metro de la base: 3 mm<\/li>\n<\/ul>","protected":false},"featured_media":15054,"comment_status":"closed","ping_status":"closed","template":"","meta":{"_acf_changed":false},"product_brand":[],"product_cat":[340,344],"product_tag":[187,188,189,210,211,205,206,212,190,183,213,184,293,207],"class_list":{"0":"post-12668","1":"product","2":"type-product","3":"status-publish","4":"has-post-thumbnail","6":"product_cat-titanium-jewelry","7":"product_cat-labret-titanium-jeawelry","8":"product_tag-conch","9":"product_tag-ear","10":"product_tag-helix","11":"product_tag-labret","12":"product_tag-lip","13":"product_tag-lobe","14":"product_tag-lobulo","15":"product_tag-medusa","16":"product_tag-oreja","17":"product_tag-perforacion","18":"product_tag-philtrum","19":"product_tag-piercing","20":"product_tag-push-pin","21":"product_tag-tragus","23":"first","24":"instock","25":"taxable","26":"shipping-taxable","27":"purchasable","28":"product-type-variable"},"acf":[],"gallery_images":[15055,15053,15052],"_links":{"self":[{"href":"https:\/\/tremunpiercing.com\/es\/wp-json\/wp\/v2\/product\/12668","targetHints":{"allow":["GET"]}}],"collection":[{"href":"https:\/\/tremunpiercing.com\/es\/wp-json\/wp\/v2\/product"}],"about":[{"href":"https:\/\/tremunpiercing.com\/es\/wp-json\/wp\/v2\/types\/product"}],"replies":[{"embeddable":true,"href":"https:\/\/tremunpiercing.com\/es\/wp-json\/wp\/v2\/comments?post=12668"}],"version-history":[{"count":0,"href":"https:\/\/tremunpiercing.com\/es\/wp-json\/wp\/v2\/product\/12668\/revisions"}],"wp:featuredmedia":[{"embeddable":true,"href":"https:\/\/tremunpiercing.com\/es\/wp-json\/wp\/v2\/media\/15054"}],"wp:attachment":[{"href":"https:\/\/tremunpiercing.com\/es\/wp-json\/wp\/v2\/media?parent=12668"}],"wp:term":[{"taxonomy":"product_brand","embeddable":true,"href":"https:\/\/tremunpiercing.com\/es\/wp-json\/wp\/v2\/product_brand?post=12668"},{"taxonomy":"product_cat","embeddable":true,"href":"https:\/\/tremunpiercing.com\/es\/wp-json\/wp\/v2\/product_cat?post=12668"},{"taxonomy":"product_tag","embeddable":true,"href":"https:\/\/tremunpiercing.com\/es\/wp-json\/wp\/v2\/product_tag?post=12668"}],"curies":[{"name":"wp","href":"https:\/\/api.w.org\/{rel}","templated":true}]}}