{"id":13043,"date":"2025-01-09T20:29:45","date_gmt":"2025-01-09T19:29:45","guid":{"rendered":"https:\/\/tremunpiercing.com\/?post_type=product&#038;p=13043"},"modified":"2026-04-13T10:56:56","modified_gmt":"2026-04-13T09:56:56","slug":"elise-with-beads-white-gold","status":"publish","type":"product","link":"https:\/\/tremunpiercing.com\/es\/product\/elise-with-beads-white-gold\/","title":{"rendered":"Elise Con Cuentas Oro Blanco"},"content":{"rendered":"<p>El Elise con cuentas de oro blanco es un elemento de moda y adaptable dise\u00f1ado por Shanga Jewellery para uso profesional. Esta pieza fabricada en el duradero material de 18 quilates es un remate sin rosca que mide 5,4 mm x 3,8 mm y se adapta a postes de labret sin rosca de 16G y 14G. Este dise\u00f1o presenta acentos de circonita c\u00fabica y un sutil detalle de abalorios, aportando elegancia e individualidad.<\/p>\n<p>El Elise With Beads es adecuado para piercings de cart\u00edlago, h\u00e9lix, tragus y l\u00f3bulo, a\u00f1adiendo un toque de refinamiento a tu piercing. El sencillo sistema de pasador a presi\u00f3n ayuda a una aplicaci\u00f3n f\u00e1cil y segura, por lo que lo convierte en la opci\u00f3n preferida de estudios y minoristas. Dise\u00f1ado para un uso prolongado, al estar fabricado en oro de 18 quilates es biocompatible y duradero. Utilizado tanto en un estudio de piercing como de colecci\u00f3n en el comercio minorista, se trata de una pieza lujosa con una fiabilidad de nivel profesional.<\/p>","protected":false},"excerpt":{"rendered":"<ul>\n<li>Parte superior sin rosca, pasador inoxidable 25ga<\/li>\n<li>Material: Oro Blanco 18k<\/li>\n<li>Tama\u00f1o: 5,4 mm x 3,8 mm<\/li>\n<li>Gema: Circonita c\u00fabica<\/li>\n<li>Compatible con los postes labretales sin rosca 16G y 14G<\/li>\n<li>Marca: Shanga Jewellery<\/li>\n<\/ul>","protected":false},"featured_media":13044,"comment_status":"closed","ping_status":"closed","template":"","meta":{"_acf_changed":false},"product_brand":[],"product_cat":[337,398],"product_tag":[187,188,189,205,206,212,190,183,213,184,207],"class_list":{"0":"post-13043","1":"product","2":"type-product","3":"status-publish","4":"has-post-thumbnail","6":"product_cat-gold-jewelry","7":"product_cat-shanga","8":"product_tag-conch","9":"product_tag-ear","10":"product_tag-helix","11":"product_tag-lobe","12":"product_tag-lobulo","13":"product_tag-medusa","14":"product_tag-oreja","15":"product_tag-perforacion","16":"product_tag-philtrum","17":"product_tag-piercing","18":"product_tag-tragus","20":"first","21":"instock","22":"taxable","23":"shipping-taxable","24":"purchasable","25":"product-type-simple"},"acf":[],"gallery_images":[29525,29524],"_links":{"self":[{"href":"https:\/\/tremunpiercing.com\/es\/wp-json\/wp\/v2\/product\/13043","targetHints":{"allow":["GET"]}}],"collection":[{"href":"https:\/\/tremunpiercing.com\/es\/wp-json\/wp\/v2\/product"}],"about":[{"href":"https:\/\/tremunpiercing.com\/es\/wp-json\/wp\/v2\/types\/product"}],"replies":[{"embeddable":true,"href":"https:\/\/tremunpiercing.com\/es\/wp-json\/wp\/v2\/comments?post=13043"}],"version-history":[{"count":1,"href":"https:\/\/tremunpiercing.com\/es\/wp-json\/wp\/v2\/product\/13043\/revisions"}],"predecessor-version":[{"id":28944,"href":"https:\/\/tremunpiercing.com\/es\/wp-json\/wp\/v2\/product\/13043\/revisions\/28944"}],"wp:featuredmedia":[{"embeddable":true,"href":"https:\/\/tremunpiercing.com\/es\/wp-json\/wp\/v2\/media\/13044"}],"wp:attachment":[{"href":"https:\/\/tremunpiercing.com\/es\/wp-json\/wp\/v2\/media?parent=13043"}],"wp:term":[{"taxonomy":"product_brand","embeddable":true,"href":"https:\/\/tremunpiercing.com\/es\/wp-json\/wp\/v2\/product_brand?post=13043"},{"taxonomy":"product_cat","embeddable":true,"href":"https:\/\/tremunpiercing.com\/es\/wp-json\/wp\/v2\/product_cat?post=13043"},{"taxonomy":"product_tag","embeddable":true,"href":"https:\/\/tremunpiercing.com\/es\/wp-json\/wp\/v2\/product_tag?post=13043"}],"curies":[{"name":"wp","href":"https:\/\/api.w.org\/{rel}","templated":true}]}}