{"id":13047,"date":"2025-01-10T17:35:50","date_gmt":"2025-01-10T16:35:50","guid":{"rendered":"https:\/\/tremunpiercing.com\/?post_type=product&#038;p=13047"},"modified":"2026-04-13T10:55:40","modified_gmt":"2026-04-13T09:55:40","slug":"microflower-white-gold","status":"publish","type":"product","link":"https:\/\/tremunpiercing.com\/es\/product\/microflower-white-gold\/","title":{"rendered":"Microflower Oro Blanco"},"content":{"rendered":"<p>El Microflower White Gold es un art\u00edculo fino y sofisticado fabricado por Shanga Jewellery. Est\u00e1 dise\u00f1ado para profesionales a los que les gustan las colecciones de joyer\u00eda corporal m\u00e1s elegantes y sofisticadas sin dejar de tener una pieza de joyer\u00eda corporal muy funcional y pr\u00e1ctica. Est\u00e1 hecho de oro blanco de 18 quilates y tiene un pasador sin rosca en la parte superior que funciona con postes labret sin rosca de 16G o 14G. Es ideal para todo tipo de piercings. Presenta brillantes gemas de circonita c\u00fabica con flores de 4 mm para a\u00f1adir un toque final de elegancia a los piercings de cart\u00edlago, tragus o l\u00f3bulo. Los estudios de piercing y los minoristas apreciar\u00e1n que se trate de un dise\u00f1o completamente sin rosca, lo que significa que puede fijarse r\u00e1pida y f\u00e1cilmente a los clientes, siendo tambi\u00e9n muy c\u00f3modo para ellos.<\/p>\n<p>El Microflower est\u00e1 fabricado en oro de 18 quilates de primera calidad, lo que garantiza un brillo duradero y biocompatibilidad para los clientes que desean una experiencia de joyer\u00eda corporal de lujo. Este art\u00edculo ha sido un \u00e9xito de ventas a\u00f1o tras a\u00f1o, ya que combina estilo, durabilidad y seguridad en un cl\u00e1sico, lo que lo convierte en un art\u00edculo de joyer\u00eda corporal imprescindible para las colecciones profesionales.<\/p>","protected":false},"excerpt":{"rendered":"<ul>\n<li>Parte superior sin rosca - pasador inoxidable 25ga<\/li>\n<li>Material: Oro Blanco 18k<\/li>\n<li>Gema: Circonita c\u00fabica<\/li>\n<li>Compatible con los postes labretales sin rosca 16G y 14G<\/li>\n<li>Tama\u00f1o: 4 mm aprox.<\/li>\n<li>Marca: Shanga Jewellery<\/li>\n<\/ul>","protected":false},"featured_media":13050,"comment_status":"closed","ping_status":"closed","template":"","meta":{"_acf_changed":false},"product_brand":[],"product_cat":[337,398],"product_tag":[187,188,189,205,206,212,190,183,213,184,207],"class_list":{"0":"post-13047","1":"product","2":"type-product","3":"status-publish","4":"has-post-thumbnail","6":"product_cat-gold-jewelry","7":"product_cat-shanga","8":"product_tag-conch","9":"product_tag-ear","10":"product_tag-helix","11":"product_tag-lobe","12":"product_tag-lobulo","13":"product_tag-medusa","14":"product_tag-oreja","15":"product_tag-perforacion","16":"product_tag-philtrum","17":"product_tag-piercing","18":"product_tag-tragus","20":"first","21":"instock","22":"taxable","23":"shipping-taxable","24":"purchasable","25":"product-type-simple"},"acf":[],"gallery_images":[29522,29523],"_links":{"self":[{"href":"https:\/\/tremunpiercing.com\/es\/wp-json\/wp\/v2\/product\/13047","targetHints":{"allow":["GET"]}}],"collection":[{"href":"https:\/\/tremunpiercing.com\/es\/wp-json\/wp\/v2\/product"}],"about":[{"href":"https:\/\/tremunpiercing.com\/es\/wp-json\/wp\/v2\/types\/product"}],"replies":[{"embeddable":true,"href":"https:\/\/tremunpiercing.com\/es\/wp-json\/wp\/v2\/comments?post=13047"}],"version-history":[{"count":1,"href":"https:\/\/tremunpiercing.com\/es\/wp-json\/wp\/v2\/product\/13047\/revisions"}],"predecessor-version":[{"id":28943,"href":"https:\/\/tremunpiercing.com\/es\/wp-json\/wp\/v2\/product\/13047\/revisions\/28943"}],"wp:featuredmedia":[{"embeddable":true,"href":"https:\/\/tremunpiercing.com\/es\/wp-json\/wp\/v2\/media\/13050"}],"wp:attachment":[{"href":"https:\/\/tremunpiercing.com\/es\/wp-json\/wp\/v2\/media?parent=13047"}],"wp:term":[{"taxonomy":"product_brand","embeddable":true,"href":"https:\/\/tremunpiercing.com\/es\/wp-json\/wp\/v2\/product_brand?post=13047"},{"taxonomy":"product_cat","embeddable":true,"href":"https:\/\/tremunpiercing.com\/es\/wp-json\/wp\/v2\/product_cat?post=13047"},{"taxonomy":"product_tag","embeddable":true,"href":"https:\/\/tremunpiercing.com\/es\/wp-json\/wp\/v2\/product_tag?post=13047"}],"curies":[{"name":"wp","href":"https:\/\/api.w.org\/{rel}","templated":true}]}}