{"id":13148,"date":"2025-01-13T21:08:32","date_gmt":"2025-01-13T20:08:32","guid":{"rendered":"https:\/\/tremunpiercing.com\/?post_type=product&#038;p=13148"},"modified":"2026-04-15T15:30:27","modified_gmt":"2026-04-15T14:30:27","slug":"trinity-blue-agate","status":"publish","type":"product","link":"https:\/\/tremunpiercing.com\/es\/product\/trinity-blue-agate\/","title":{"rendered":"\u00c1gata Azul Trinidad"},"content":{"rendered":"<p>El Trinity Blue Agate ha sido desarrollado para profesionales que desean ofrecer a sus clientes un accesorio verdaderamente distintivo. Fabricado en titanio F-136 de grado de implante, este tope 16G con rosca interna presenta tres gemas de \u00e1gata azul vivo en una armoniosa disposici\u00f3n de trinidad. Cada gema mide 4,3 mm y est\u00e1 pulida con un brillo reflectante, proporcionando unos tonos azules relajantes que atraen todas las miradas. El \u00e1gata azul Trinity va m\u00e1s all\u00e1 del atractivo visual y est\u00e1 hecho para durar.<\/p>\n<p>La m\u00e1s alta calidad de titanio hipoalerg\u00e9nico se utiliza para hacer la base c\u00f3moda y segura para el uso diario. El Trinity Blue Agate es perfecto para piercings de cart\u00edlago, tragus, concha o l\u00f3bulo y proporciona flexibilidad para usted, el perforador en un estudio o un minorista. M\u00e1s all\u00e1 de la est\u00e9tica azul brillante, las caracter\u00edsticas ergon\u00f3micas de la piedra inspiran a los consumidores a dar un paso adelante en su look sin dejar de ofrecer una naturaleza terrenal. El Trinity Blue Agate est\u00e1 hecho para durar, est\u00e9ticamente a la moda, y dise\u00f1ado profesionalmente, asegurando al perforador y al cliente una experiencia de calidad.<\/p>","protected":false},"excerpt":{"rendered":"<ul>\n<li>Rosca interna<\/li>\n<li>Material: Titanio F-136 para implantes<\/li>\n<li>Galga: 16G<\/li>\n<li>Gema \u00c1gata azul<\/li>\n<li>Tama\u00f1o: 4,3 mm<\/li>\n<\/ul>","protected":false},"featured_media":15086,"comment_status":"closed","ping_status":"closed","template":"","meta":{"_acf_changed":false},"product_brand":[],"product_cat":[340,343],"product_tag":[187,188,189,210,205,206,212,190,183,213,184,207],"class_list":{"0":"post-13148","1":"product","2":"type-product","3":"status-publish","4":"has-post-thumbnail","6":"product_cat-titanium-jewelry","7":"product_cat-tops-titanium-jewelry","8":"product_tag-conch","9":"product_tag-ear","10":"product_tag-helix","11":"product_tag-labret","12":"product_tag-lobe","13":"product_tag-lobulo","14":"product_tag-medusa","15":"product_tag-oreja","16":"product_tag-perforacion","17":"product_tag-philtrum","18":"product_tag-piercing","19":"product_tag-tragus","21":"first","22":"instock","23":"taxable","24":"shipping-taxable","25":"purchasable","26":"product-type-simple"},"acf":[],"gallery_images":[28065,28066],"_links":{"self":[{"href":"https:\/\/tremunpiercing.com\/es\/wp-json\/wp\/v2\/product\/13148","targetHints":{"allow":["GET"]}}],"collection":[{"href":"https:\/\/tremunpiercing.com\/es\/wp-json\/wp\/v2\/product"}],"about":[{"href":"https:\/\/tremunpiercing.com\/es\/wp-json\/wp\/v2\/types\/product"}],"replies":[{"embeddable":true,"href":"https:\/\/tremunpiercing.com\/es\/wp-json\/wp\/v2\/comments?post=13148"}],"version-history":[{"count":1,"href":"https:\/\/tremunpiercing.com\/es\/wp-json\/wp\/v2\/product\/13148\/revisions"}],"predecessor-version":[{"id":28067,"href":"https:\/\/tremunpiercing.com\/es\/wp-json\/wp\/v2\/product\/13148\/revisions\/28067"}],"wp:featuredmedia":[{"embeddable":true,"href":"https:\/\/tremunpiercing.com\/es\/wp-json\/wp\/v2\/media\/15086"}],"wp:attachment":[{"href":"https:\/\/tremunpiercing.com\/es\/wp-json\/wp\/v2\/media?parent=13148"}],"wp:term":[{"taxonomy":"product_brand","embeddable":true,"href":"https:\/\/tremunpiercing.com\/es\/wp-json\/wp\/v2\/product_brand?post=13148"},{"taxonomy":"product_cat","embeddable":true,"href":"https:\/\/tremunpiercing.com\/es\/wp-json\/wp\/v2\/product_cat?post=13148"},{"taxonomy":"product_tag","embeddable":true,"href":"https:\/\/tremunpiercing.com\/es\/wp-json\/wp\/v2\/product_tag?post=13148"}],"curies":[{"name":"wp","href":"https:\/\/api.w.org\/{rel}","templated":true}]}}