{"id":13240,"date":"2025-01-14T21:16:32","date_gmt":"2025-01-14T20:16:32","guid":{"rendered":"https:\/\/tremunpiercing.com\/?post_type=product&#038;p=13240"},"modified":"2026-04-10T22:54:09","modified_gmt":"2026-04-10T21:54:09","slug":"heartweb","status":"publish","type":"product","link":"https:\/\/tremunpiercing.com\/es\/product\/heartweb\/","title":{"rendered":"Heartweb"},"content":{"rendered":"<h2 data-start=\"1393\" data-end=\"1442\">Heartweb - Joyas piercing coraz\u00f3n de titanio<\/h2>\n<p>Nuestro piercing HeartWeb es un dise\u00f1o \u00fanico en forma de coraz\u00f3n fabricado con titanio F-136 de grado de implante. El HeartWebTiny es tan ligero y biocompatible que pesa s\u00f3lo 7 mm x 6,5 mm.Esta pieza de joyer\u00eda es tan elegante y audaz y es adecuado para cualquier colecci\u00f3n de piercing.Nuestro modelo tiene un poste 16G roscado internamente, lo que le permite a usted y a los clientes confiar en el ajuste del piercer.This hermosa textura funciona fant\u00e1sticamente como joyer\u00eda de perforaci\u00f3n para las diversas perforaciones del o\u00eddo, incluyendo h\u00e9lix, concha, l\u00f3bulo, etc.<\/p>\n<p>El Heartweb para todos los estudios y minoristas es un complemento estupendo para las tiendas que buscan versatilidad en su colecci\u00f3n de joyas.El acabado de titanio pulido garantiza que su Heartweb conservar\u00e1 su lustroso brillo sin deslustrarse durante mucho tiempo.A los estudios les gusta porque creamos nuestras piezas pensando en los profesionales del piercing, proporcionando a los clientes una opci\u00f3n \u00fanica de joyer\u00eda para piercing fuera de las plantillas \"ordinarias\".El Heart web queda genial junto o como piezas separadas.<\/p>","protected":false},"excerpt":{"rendered":"<ul>\n<li>Rosca interna<\/li>\n<li>Material: Titanio F-136 para implantes<\/li>\n<li>Galga: 16G<\/li>\n<li>Tama\u00f1o: 7 mm x 6,5 mm<\/li>\n<\/ul>","protected":false},"featured_media":18201,"comment_status":"closed","ping_status":"closed","template":"","meta":{"_acf_changed":false},"product_brand":[],"product_cat":[340,343],"product_tag":[187,188,189,205,206,212,190,183,213,184,207],"class_list":{"0":"post-13240","1":"product","2":"type-product","3":"status-publish","4":"has-post-thumbnail","6":"product_cat-titanium-jewelry","7":"product_cat-tops-titanium-jewelry","8":"product_tag-conch","9":"product_tag-ear","10":"product_tag-helix","11":"product_tag-lobe","12":"product_tag-lobulo","13":"product_tag-medusa","14":"product_tag-oreja","15":"product_tag-perforacion","16":"product_tag-philtrum","17":"product_tag-piercing","18":"product_tag-tragus","20":"first","21":"instock","22":"taxable","23":"shipping-taxable","24":"purchasable","25":"product-type-simple"},"acf":[],"gallery_images":[27987,27988],"_links":{"self":[{"href":"https:\/\/tremunpiercing.com\/es\/wp-json\/wp\/v2\/product\/13240","targetHints":{"allow":["GET"]}}],"collection":[{"href":"https:\/\/tremunpiercing.com\/es\/wp-json\/wp\/v2\/product"}],"about":[{"href":"https:\/\/tremunpiercing.com\/es\/wp-json\/wp\/v2\/types\/product"}],"replies":[{"embeddable":true,"href":"https:\/\/tremunpiercing.com\/es\/wp-json\/wp\/v2\/comments?post=13240"}],"version-history":[{"count":1,"href":"https:\/\/tremunpiercing.com\/es\/wp-json\/wp\/v2\/product\/13240\/revisions"}],"predecessor-version":[{"id":27990,"href":"https:\/\/tremunpiercing.com\/es\/wp-json\/wp\/v2\/product\/13240\/revisions\/27990"}],"wp:featuredmedia":[{"embeddable":true,"href":"https:\/\/tremunpiercing.com\/es\/wp-json\/wp\/v2\/media\/18201"}],"wp:attachment":[{"href":"https:\/\/tremunpiercing.com\/es\/wp-json\/wp\/v2\/media?parent=13240"}],"wp:term":[{"taxonomy":"product_brand","embeddable":true,"href":"https:\/\/tremunpiercing.com\/es\/wp-json\/wp\/v2\/product_brand?post=13240"},{"taxonomy":"product_cat","embeddable":true,"href":"https:\/\/tremunpiercing.com\/es\/wp-json\/wp\/v2\/product_cat?post=13240"},{"taxonomy":"product_tag","embeddable":true,"href":"https:\/\/tremunpiercing.com\/es\/wp-json\/wp\/v2\/product_tag?post=13240"}],"curies":[{"name":"wp","href":"https:\/\/api.w.org\/{rel}","templated":true}]}}