{"id":13517,"date":"2025-02-06T17:17:05","date_gmt":"2025-02-06T16:17:05","guid":{"rendered":"https:\/\/tremunpiercing.com\/?post_type=product&#038;p=13517"},"modified":"2026-04-10T22:54:08","modified_gmt":"2026-04-10T21:54:08","slug":"venus-amethyst-cz","status":"publish","type":"product","link":"https:\/\/tremunpiercing.com\/es\/product\/venus-amethyst-cz\/","title":{"rendered":"Venus Amatista CZ"},"content":{"rendered":"<p>Las tiendas de piercing y los mayoristas de joyer\u00eda buscan una pieza hermosa, segura y de alta calidad: \u00a1la Venus Amatista CZ! Fabricada en titanio F-136 de grado de implante, con rosca interna 16G, para una pieza de joyer\u00eda corporal 100% segura y duradera en la que conf\u00edan los estudios de piercing de todo el mundo. Con una zirconia c\u00fabica amatista p\u00farpura de 4 mm, esta pieza de joyer\u00eda corporal rebosa color y es perfecta para piercings de oreja, labio y cart\u00edlago. Una pieza que destaca tanto por su brillante dise\u00f1o como por su fiabilidad. El Venus Amethyst CZ es una pieza imprescindible en cualquier colecci\u00f3n de joyer\u00eda corporal porque es de titanio de grado m\u00e9dico, \u00a1adem\u00e1s de ofrecer un magn\u00edfico dise\u00f1o a cualquier cliente! Compre joyas para piercing en l\u00ednea y encuentre un proveedor de confianza que se comprometa a mantener su estudio abastecido y con estilo.<\/p>","protected":false},"excerpt":{"rendered":"<ul>\n<li>Rosca interna<\/li>\n<li>Material: Titanio F-136 para implantes<\/li>\n<li>Galga: 16G<\/li>\n<li>Gema: Circonita c\u00fabica<\/li>\n<li>Tama\u00f1o de la gema: 4 mm<\/li>\n<\/ul>","protected":false},"featured_media":13889,"comment_status":"closed","ping_status":"closed","template":"","meta":{"_acf_changed":false},"product_brand":[],"product_cat":[340,343],"product_tag":[187,220,188,189,210,205,206,212,222,190,183,213,184,207],"class_list":{"0":"post-13517","1":"product","2":"type-product","3":"status-publish","4":"has-post-thumbnail","6":"product_cat-titanium-jewelry","7":"product_cat-tops-titanium-jewelry","8":"product_tag-conch","9":"product_tag-dermal","10":"product_tag-ear","11":"product_tag-helix","12":"product_tag-labret","13":"product_tag-lobe","14":"product_tag-lobulo","15":"product_tag-medusa","16":"product_tag-microdermal","17":"product_tag-oreja","18":"product_tag-perforacion","19":"product_tag-philtrum","20":"product_tag-piercing","21":"product_tag-tragus","23":"first","24":"instock","25":"taxable","26":"shipping-taxable","27":"purchasable","28":"product-type-simple"},"acf":[],"gallery_images":[27919,27918],"_links":{"self":[{"href":"https:\/\/tremunpiercing.com\/es\/wp-json\/wp\/v2\/product\/13517","targetHints":{"allow":["GET"]}}],"collection":[{"href":"https:\/\/tremunpiercing.com\/es\/wp-json\/wp\/v2\/product"}],"about":[{"href":"https:\/\/tremunpiercing.com\/es\/wp-json\/wp\/v2\/types\/product"}],"replies":[{"embeddable":true,"href":"https:\/\/tremunpiercing.com\/es\/wp-json\/wp\/v2\/comments?post=13517"}],"version-history":[{"count":1,"href":"https:\/\/tremunpiercing.com\/es\/wp-json\/wp\/v2\/product\/13517\/revisions"}],"predecessor-version":[{"id":27922,"href":"https:\/\/tremunpiercing.com\/es\/wp-json\/wp\/v2\/product\/13517\/revisions\/27922"}],"wp:featuredmedia":[{"embeddable":true,"href":"https:\/\/tremunpiercing.com\/es\/wp-json\/wp\/v2\/media\/13889"}],"wp:attachment":[{"href":"https:\/\/tremunpiercing.com\/es\/wp-json\/wp\/v2\/media?parent=13517"}],"wp:term":[{"taxonomy":"product_brand","embeddable":true,"href":"https:\/\/tremunpiercing.com\/es\/wp-json\/wp\/v2\/product_brand?post=13517"},{"taxonomy":"product_cat","embeddable":true,"href":"https:\/\/tremunpiercing.com\/es\/wp-json\/wp\/v2\/product_cat?post=13517"},{"taxonomy":"product_tag","embeddable":true,"href":"https:\/\/tremunpiercing.com\/es\/wp-json\/wp\/v2\/product_tag?post=13517"}],"curies":[{"name":"wp","href":"https:\/\/api.w.org\/{rel}","templated":true}]}}