{"id":13521,"date":"2025-02-06T17:28:22","date_gmt":"2025-02-06T16:28:22","guid":{"rendered":"https:\/\/tremunpiercing.com\/?post_type=product&#038;p=13521"},"modified":"2026-03-24T23:31:10","modified_gmt":"2026-03-24T22:31:10","slug":"venus-lavander-cz","status":"publish","type":"product","link":"https:\/\/tremunpiercing.com\/es\/product\/venus-lavander-cz\/","title":{"rendered":"Venus Lavanda"},"content":{"rendered":"<p>La Venus Lavender es una opci\u00f3n de alta calidad para los profesionales del piercing que buscan joyas seguras, elegantes y duraderas. Fabricado con titanio F-136 de grado de implante, tiene un dise\u00f1o de rosca interna, que ofrece la m\u00e1xima seguridad y comodidad para cada cliente. El calibre 16G y la piedra de circonita c\u00fabica de 4 mm (con un suave color lavanda) son excepcionales para piercings de oreja, labio y cart\u00edlago.<\/p>\n<p>La Venus Lavender ofrece clase y sofisticaci\u00f3n a cualquier colecci\u00f3n y es perfecta para proveedores de tiendas de piercing, estudios de tatuaje y mayoristas de joyer\u00eda. Tanto si vende al por mayor narigueras, barbells o joyer\u00eda corporal al por mayor, esta es una pieza por excelencia para su estudio de piercing que ofrece una opci\u00f3n de alta calidad a sus clientes. Compre joyer\u00eda para piercing online a un proveedor de joyer\u00eda para piercing de confianza y mejore su selecci\u00f3n al por mayor con nuestra joyer\u00eda corporal segura.<\/p>","protected":false},"excerpt":{"rendered":"<ul>\n<li>Rosca interna<\/li>\n<li>Material: Titanio F-136 para implantes<\/li>\n<li>Galga: 16G<\/li>\n<li>Gema: Circonita c\u00fabica<\/li>\n<li>Tama\u00f1o de la gema: 4 mm<\/li>\n<\/ul>","protected":false},"featured_media":13880,"comment_status":"closed","ping_status":"closed","template":"","meta":{"_acf_changed":false},"product_brand":[],"product_cat":[340,343],"product_tag":[187,220,188,189,210,205,206,212,222,190,183,213,184,207],"class_list":{"0":"post-13521","1":"product","2":"type-product","3":"status-publish","4":"has-post-thumbnail","6":"product_cat-titanium-jewelry","7":"product_cat-tops-titanium-jewelry","8":"product_tag-conch","9":"product_tag-dermal","10":"product_tag-ear","11":"product_tag-helix","12":"product_tag-labret","13":"product_tag-lobe","14":"product_tag-lobulo","15":"product_tag-medusa","16":"product_tag-microdermal","17":"product_tag-oreja","18":"product_tag-perforacion","19":"product_tag-philtrum","20":"product_tag-piercing","21":"product_tag-tragus","23":"first","24":"instock","25":"taxable","26":"shipping-taxable","27":"purchasable","28":"product-type-simple"},"acf":[],"gallery_images":[27907,27906],"_links":{"self":[{"href":"https:\/\/tremunpiercing.com\/es\/wp-json\/wp\/v2\/product\/13521","targetHints":{"allow":["GET"]}}],"collection":[{"href":"https:\/\/tremunpiercing.com\/es\/wp-json\/wp\/v2\/product"}],"about":[{"href":"https:\/\/tremunpiercing.com\/es\/wp-json\/wp\/v2\/types\/product"}],"replies":[{"embeddable":true,"href":"https:\/\/tremunpiercing.com\/es\/wp-json\/wp\/v2\/comments?post=13521"}],"version-history":[{"count":1,"href":"https:\/\/tremunpiercing.com\/es\/wp-json\/wp\/v2\/product\/13521\/revisions"}],"predecessor-version":[{"id":27910,"href":"https:\/\/tremunpiercing.com\/es\/wp-json\/wp\/v2\/product\/13521\/revisions\/27910"}],"wp:featuredmedia":[{"embeddable":true,"href":"https:\/\/tremunpiercing.com\/es\/wp-json\/wp\/v2\/media\/13880"}],"wp:attachment":[{"href":"https:\/\/tremunpiercing.com\/es\/wp-json\/wp\/v2\/media?parent=13521"}],"wp:term":[{"taxonomy":"product_brand","embeddable":true,"href":"https:\/\/tremunpiercing.com\/es\/wp-json\/wp\/v2\/product_brand?post=13521"},{"taxonomy":"product_cat","embeddable":true,"href":"https:\/\/tremunpiercing.com\/es\/wp-json\/wp\/v2\/product_cat?post=13521"},{"taxonomy":"product_tag","embeddable":true,"href":"https:\/\/tremunpiercing.com\/es\/wp-json\/wp\/v2\/product_tag?post=13521"}],"curies":[{"name":"wp","href":"https:\/\/api.w.org\/{rel}","templated":true}]}}