{"id":13523,"date":"2025-02-06T17:32:22","date_gmt":"2025-02-06T16:32:22","guid":{"rendered":"https:\/\/tremunpiercing.com\/?post_type=product&#038;p=13523"},"modified":"2026-04-10T22:54:07","modified_gmt":"2026-04-10T21:54:07","slug":"venus-topaz-blue-cz","status":"publish","type":"product","link":"https:\/\/tremunpiercing.com\/es\/product\/venus-topaz-blue-cz\/","title":{"rendered":"Venus Topacio Azul CZ"},"content":{"rendered":"<p>La fusi\u00f3n Venus Topaz Blue CZ aporta un color vivo y un dise\u00f1o seguro, todo en una pieza asombrosa. Fabricada con titanio F-136 de grado de implante, esta joya de rosca interna 16G garantiza comodidad hipoalerg\u00e9nica, resistencia y seguridad de grado profesional. Con hermosas circonitas c\u00fabicas de 4 mm en vivo azul topacio, esta pieza es perfecta para piercings de oreja y cart\u00edlago.<\/p>\n<p>Recomendamos este dise\u00f1o a estudios de piercing, tiendas de tatuajes y distribuidores mayoristas de joyer\u00eda corporal por su aspecto cl\u00e1sico, funcionalidad y relaci\u00f3n calidad\/precio. Tambi\u00e9n garantiza que sus clientes puedan llevar joyas corporales seguras, a la moda y de calidad m\u00e9dica. A\u00f1\u00e1delo a tu cat\u00e1logo para satisfacer la creciente demanda del mercado de joyas para piercings coloridas y de calidad profesional.<\/p>\n<p>&nbsp;<\/p>","protected":false},"excerpt":{"rendered":"<ul>\n<li>Rosca interna<\/li>\n<li>Material: Titanio F-136 para implantes<\/li>\n<li>Galga: 16G<\/li>\n<li>Gema: Circonita c\u00fabica<\/li>\n<li>Tama\u00f1o de la gema: 4 mm<\/li>\n<\/ul>","protected":false},"featured_media":16460,"comment_status":"closed","ping_status":"closed","template":"","meta":{"_acf_changed":false},"product_brand":[],"product_cat":[340,343],"product_tag":[187,220,188,189,210,205,206,212,222,190,183,213,184,207],"class_list":{"0":"post-13523","1":"product","2":"type-product","3":"status-publish","4":"has-post-thumbnail","6":"product_cat-titanium-jewelry","7":"product_cat-tops-titanium-jewelry","8":"product_tag-conch","9":"product_tag-dermal","10":"product_tag-ear","11":"product_tag-helix","12":"product_tag-labret","13":"product_tag-lobe","14":"product_tag-lobulo","15":"product_tag-medusa","16":"product_tag-microdermal","17":"product_tag-oreja","18":"product_tag-perforacion","19":"product_tag-philtrum","20":"product_tag-piercing","21":"product_tag-tragus","23":"first","24":"instock","25":"taxable","26":"shipping-taxable","27":"purchasable","28":"product-type-simple"},"acf":[],"gallery_images":[27904,27905],"_links":{"self":[{"href":"https:\/\/tremunpiercing.com\/es\/wp-json\/wp\/v2\/product\/13523","targetHints":{"allow":["GET"]}}],"collection":[{"href":"https:\/\/tremunpiercing.com\/es\/wp-json\/wp\/v2\/product"}],"about":[{"href":"https:\/\/tremunpiercing.com\/es\/wp-json\/wp\/v2\/types\/product"}],"replies":[{"embeddable":true,"href":"https:\/\/tremunpiercing.com\/es\/wp-json\/wp\/v2\/comments?post=13523"}],"version-history":[{"count":1,"href":"https:\/\/tremunpiercing.com\/es\/wp-json\/wp\/v2\/product\/13523\/revisions"}],"predecessor-version":[{"id":27908,"href":"https:\/\/tremunpiercing.com\/es\/wp-json\/wp\/v2\/product\/13523\/revisions\/27908"}],"wp:featuredmedia":[{"embeddable":true,"href":"https:\/\/tremunpiercing.com\/es\/wp-json\/wp\/v2\/media\/16460"}],"wp:attachment":[{"href":"https:\/\/tremunpiercing.com\/es\/wp-json\/wp\/v2\/media?parent=13523"}],"wp:term":[{"taxonomy":"product_brand","embeddable":true,"href":"https:\/\/tremunpiercing.com\/es\/wp-json\/wp\/v2\/product_brand?post=13523"},{"taxonomy":"product_cat","embeddable":true,"href":"https:\/\/tremunpiercing.com\/es\/wp-json\/wp\/v2\/product_cat?post=13523"},{"taxonomy":"product_tag","embeddable":true,"href":"https:\/\/tremunpiercing.com\/es\/wp-json\/wp\/v2\/product_tag?post=13523"}],"curies":[{"name":"wp","href":"https:\/\/api.w.org\/{rel}","templated":true}]}}