{"id":13524,"date":"2025-02-06T17:37:52","date_gmt":"2025-02-06T16:37:52","guid":{"rendered":"https:\/\/tremunpiercing.com\/?post_type=product&#038;p=13524"},"modified":"2026-03-24T11:20:15","modified_gmt":"2026-03-24T10:20:15","slug":"venus-champagne-cz","status":"publish","type":"product","link":"https:\/\/tremunpiercing.com\/es\/product\/venus-champagne-cz\/","title":{"rendered":"Venus Champ\u00e1n CZ"},"content":{"rendered":"<p>El Venus Champagne CZ es una opci\u00f3n de lujo para los piercers que desean ofrecer a sus clientes un acabado de lujo. Fabricado en titanio F-136 para implantes, esta pieza con rosca interna es un ejemplo de durabilidad, seguridad hipoalerg\u00e9nica y un brillo tradicional de circonita c\u00fabica color champ\u00e1n. Viene con una gema de 4 mm, 3 mm y 2 mm y es perfecta para cualquier piercing de 14 G, incluidos los de oreja, labio y cart\u00edlago. La joya Venus Champagne CZ para el cuerpo le permite almacenar opciones seguras de joyer\u00eda para el cuerpo sin sacrificar el brillo. Esta lujosa adici\u00f3n a su colecci\u00f3n se puede adquirir en l\u00ednea o al por mayor para su inventario y para a\u00f1adir un toque de brillo a su cat\u00e1logo profesional.<\/p>\n<p>&nbsp;<\/p>","protected":false},"excerpt":{"rendered":"<ul>\n<li>Rosca interna<\/li>\n<li>Material: Titanio F-136 para implantes<\/li>\n<li>Galga: 16G<\/li>\n<li>Gema: Circonita c\u00fabica<\/li>\n<li>Tama\u00f1o de la gema: 4 mm<\/li>\n<\/ul>","protected":false},"featured_media":13876,"comment_status":"closed","ping_status":"closed","template":"","meta":{"_acf_changed":false},"product_brand":[],"product_cat":[340,343],"product_tag":[187,220,188,189,210,205,206,212,222,190,183,213,184,207],"class_list":{"0":"post-13524","1":"product","2":"type-product","3":"status-publish","4":"has-post-thumbnail","6":"product_cat-titanium-jewelry","7":"product_cat-tops-titanium-jewelry","8":"product_tag-conch","9":"product_tag-dermal","10":"product_tag-ear","11":"product_tag-helix","12":"product_tag-labret","13":"product_tag-lobe","14":"product_tag-lobulo","15":"product_tag-medusa","16":"product_tag-microdermal","17":"product_tag-oreja","18":"product_tag-perforacion","19":"product_tag-philtrum","20":"product_tag-piercing","21":"product_tag-tragus","23":"first","24":"instock","25":"taxable","26":"shipping-taxable","27":"purchasable","28":"product-type-simple"},"acf":[],"gallery_images":[27902,27903],"_links":{"self":[{"href":"https:\/\/tremunpiercing.com\/es\/wp-json\/wp\/v2\/product\/13524","targetHints":{"allow":["GET"]}}],"collection":[{"href":"https:\/\/tremunpiercing.com\/es\/wp-json\/wp\/v2\/product"}],"about":[{"href":"https:\/\/tremunpiercing.com\/es\/wp-json\/wp\/v2\/types\/product"}],"replies":[{"embeddable":true,"href":"https:\/\/tremunpiercing.com\/es\/wp-json\/wp\/v2\/comments?post=13524"}],"version-history":[{"count":1,"href":"https:\/\/tremunpiercing.com\/es\/wp-json\/wp\/v2\/product\/13524\/revisions"}],"predecessor-version":[{"id":27909,"href":"https:\/\/tremunpiercing.com\/es\/wp-json\/wp\/v2\/product\/13524\/revisions\/27909"}],"wp:featuredmedia":[{"embeddable":true,"href":"https:\/\/tremunpiercing.com\/es\/wp-json\/wp\/v2\/media\/13876"}],"wp:attachment":[{"href":"https:\/\/tremunpiercing.com\/es\/wp-json\/wp\/v2\/media?parent=13524"}],"wp:term":[{"taxonomy":"product_brand","embeddable":true,"href":"https:\/\/tremunpiercing.com\/es\/wp-json\/wp\/v2\/product_brand?post=13524"},{"taxonomy":"product_cat","embeddable":true,"href":"https:\/\/tremunpiercing.com\/es\/wp-json\/wp\/v2\/product_cat?post=13524"},{"taxonomy":"product_tag","embeddable":true,"href":"https:\/\/tremunpiercing.com\/es\/wp-json\/wp\/v2\/product_tag?post=13524"}],"curies":[{"name":"wp","href":"https:\/\/api.w.org\/{rel}","templated":true}]}}