{"id":13526,"date":"2025-02-06T17:49:56","date_gmt":"2025-02-06T16:49:56","guid":{"rendered":"https:\/\/tremunpiercing.com\/?post_type=product&#038;p=13526"},"modified":"2026-03-29T20:29:18","modified_gmt":"2026-03-29T19:29:18","slug":"cluster-amethyst-cz","status":"publish","type":"product","link":"https:\/\/tremunpiercing.com\/es\/product\/cluster-amethyst-cz\/","title":{"rendered":"Racimo Amatista CZ"},"content":{"rendered":"<p>El Cluster Amethyst CZ ofrece un aspecto atrevido y lujoso con la comodidad de la seguridad profesional. El cl\u00faster 14G con rosca interna est\u00e1 fabricado con titanio F-136 de grado de implante para ofrecer resistencia, comodidad hipoalerg\u00e9nica y brillo duradero. El Cluster Amethyst CZ est\u00e1 repleto de gemas de circonita c\u00fabica de 4 mm, 3 mm y 2 mm, de un brillante tono amatista p\u00farpura pavo real. Este estilo es muy adecuado para los clientes que disfrutan de la joyer\u00eda piercing \u00fanico y auto-expresivo.<\/p>\n<p>Esta pieza es ideal para piercings de oreja, labio y cart\u00edlago y es un \u00e9xito de ventas entre los proveedores de joyer\u00eda de piercing y distribuidores de joyer\u00eda corporal de todo el mundo. El racimo de amatista CZ encajar\u00e1 perfectamente en su cat\u00e1logo. Es seguro, elegante y est\u00e1 dise\u00f1ado teniendo en cuenta los pedidos al por mayor, por lo que es una buena elecci\u00f3n para tiendas de piercing profesionales y estudios de tatuaje.<\/p>\n<p>&nbsp;<\/p>","protected":false},"excerpt":{"rendered":"<ul>\n<li>Rosca interna<\/li>\n<li>Material: Titanio F-136 para implantes<\/li>\n<li>Tama\u00f1os de gema: 4mm, 3mm y 2mm<\/li>\n<li>Calibre: 14G<\/li>\n<li>Gema: Circonita c\u00fabica<\/li>\n<\/ul>","protected":false},"featured_media":13824,"comment_status":"closed","ping_status":"closed","template":"","meta":{"_acf_changed":false},"product_brand":[],"product_cat":[340,343],"product_tag":[225,187,179,180,188,189,190,200,183,184,185],"class_list":{"0":"post-13526","1":"product","2":"type-product","3":"status-publish","4":"has-post-thumbnail","6":"product_cat-titanium-jewelry","7":"product_cat-tops-titanium-jewelry","8":"product_tag-cluster","9":"product_tag-conch","10":"product_tag-cristal","11":"product_tag-cz","12":"product_tag-ear","13":"product_tag-helix","14":"product_tag-oreja","15":"product_tag-ornamental","16":"product_tag-perforacion","17":"product_tag-piercing","18":"product_tag-shiny","20":"first","21":"instock","22":"taxable","23":"shipping-taxable","24":"purchasable","25":"product-type-simple"},"acf":[],"gallery_images":[27896,27897],"_links":{"self":[{"href":"https:\/\/tremunpiercing.com\/es\/wp-json\/wp\/v2\/product\/13526","targetHints":{"allow":["GET"]}}],"collection":[{"href":"https:\/\/tremunpiercing.com\/es\/wp-json\/wp\/v2\/product"}],"about":[{"href":"https:\/\/tremunpiercing.com\/es\/wp-json\/wp\/v2\/types\/product"}],"replies":[{"embeddable":true,"href":"https:\/\/tremunpiercing.com\/es\/wp-json\/wp\/v2\/comments?post=13526"}],"version-history":[{"count":1,"href":"https:\/\/tremunpiercing.com\/es\/wp-json\/wp\/v2\/product\/13526\/revisions"}],"predecessor-version":[{"id":27900,"href":"https:\/\/tremunpiercing.com\/es\/wp-json\/wp\/v2\/product\/13526\/revisions\/27900"}],"wp:featuredmedia":[{"embeddable":true,"href":"https:\/\/tremunpiercing.com\/es\/wp-json\/wp\/v2\/media\/13824"}],"wp:attachment":[{"href":"https:\/\/tremunpiercing.com\/es\/wp-json\/wp\/v2\/media?parent=13526"}],"wp:term":[{"taxonomy":"product_brand","embeddable":true,"href":"https:\/\/tremunpiercing.com\/es\/wp-json\/wp\/v2\/product_brand?post=13526"},{"taxonomy":"product_cat","embeddable":true,"href":"https:\/\/tremunpiercing.com\/es\/wp-json\/wp\/v2\/product_cat?post=13526"},{"taxonomy":"product_tag","embeddable":true,"href":"https:\/\/tremunpiercing.com\/es\/wp-json\/wp\/v2\/product_tag?post=13526"}],"curies":[{"name":"wp","href":"https:\/\/api.w.org\/{rel}","templated":true}]}}