{"id":13527,"date":"2025-02-06T17:52:12","date_gmt":"2025-02-06T16:52:12","guid":{"rendered":"https:\/\/tremunpiercing.com\/?post_type=product&#038;p=13527"},"modified":"2026-04-21T12:33:16","modified_gmt":"2026-04-21T11:33:16","slug":"cluster-pink-cz","status":"publish","type":"product","link":"https:\/\/tremunpiercing.com\/es\/product\/cluster-pink-cz\/","title":{"rendered":"Racimo CZ rosa"},"content":{"rendered":"<p>El Pink Cluster CZ es una adici\u00f3n esencial para estudios y tiendas de tatuajes que buscan llevar joyas divertidas pero correctamente hechas. Fabricado con titanio F-136 de grado de implante, esta pieza con rosca interna est\u00e1 garantizada como hipoalerg\u00e9nica, por lo que est\u00e1 pensada para un usuario con piel sensible que pueda llevar joyas que sean seguras. Nuestro racimo 14G est\u00e1 compuesto por tres piedras de circonita c\u00fabica de 4 mm, 3 mm y 2 mm de tama\u00f1o y tiene un suave reflejo rosa que evoca la feminidad contempor\u00e1nea para esta joya de piercing de oreja, labio o cart\u00edlago. Nos centramos en la funcionalidad, pero la belleza tambi\u00e9n es una prioridad. \u00a1Este racimo de CZ rosa es una gran adici\u00f3n a sus pedidos de joyer\u00eda de piercing al por mayor!<\/p>\n<p>&nbsp;<\/p>","protected":false},"excerpt":{"rendered":"<ul>\n<li>Rosca interna<\/li>\n<li>Material: Titanio F-136 para implantes<\/li>\n<li>Tama\u00f1os de gema: 4mm, 3mm y 2mm<\/li>\n<li>Calibre: 14G<\/li>\n<li>Gema: Circonita c\u00fabica<\/li>\n<\/ul>","protected":false},"featured_media":13822,"comment_status":"closed","ping_status":"closed","template":"","meta":{"_acf_changed":false},"product_brand":[],"product_cat":[340,343],"product_tag":[225,187,179,180,188,189,190,200,183,184,185],"class_list":{"0":"post-13527","1":"product","2":"type-product","3":"status-publish","4":"has-post-thumbnail","6":"product_cat-titanium-jewelry","7":"product_cat-tops-titanium-jewelry","8":"product_tag-cluster","9":"product_tag-conch","10":"product_tag-cristal","11":"product_tag-cz","12":"product_tag-ear","13":"product_tag-helix","14":"product_tag-oreja","15":"product_tag-ornamental","16":"product_tag-perforacion","17":"product_tag-piercing","18":"product_tag-shiny","20":"first","21":"instock","22":"taxable","23":"shipping-taxable","24":"purchasable","25":"product-type-simple"},"acf":[],"gallery_images":[27887,27888],"_links":{"self":[{"href":"https:\/\/tremunpiercing.com\/es\/wp-json\/wp\/v2\/product\/13527","targetHints":{"allow":["GET"]}}],"collection":[{"href":"https:\/\/tremunpiercing.com\/es\/wp-json\/wp\/v2\/product"}],"about":[{"href":"https:\/\/tremunpiercing.com\/es\/wp-json\/wp\/v2\/types\/product"}],"replies":[{"embeddable":true,"href":"https:\/\/tremunpiercing.com\/es\/wp-json\/wp\/v2\/comments?post=13527"}],"version-history":[{"count":1,"href":"https:\/\/tremunpiercing.com\/es\/wp-json\/wp\/v2\/product\/13527\/revisions"}],"predecessor-version":[{"id":27893,"href":"https:\/\/tremunpiercing.com\/es\/wp-json\/wp\/v2\/product\/13527\/revisions\/27893"}],"wp:featuredmedia":[{"embeddable":true,"href":"https:\/\/tremunpiercing.com\/es\/wp-json\/wp\/v2\/media\/13822"}],"wp:attachment":[{"href":"https:\/\/tremunpiercing.com\/es\/wp-json\/wp\/v2\/media?parent=13527"}],"wp:term":[{"taxonomy":"product_brand","embeddable":true,"href":"https:\/\/tremunpiercing.com\/es\/wp-json\/wp\/v2\/product_brand?post=13527"},{"taxonomy":"product_cat","embeddable":true,"href":"https:\/\/tremunpiercing.com\/es\/wp-json\/wp\/v2\/product_cat?post=13527"},{"taxonomy":"product_tag","embeddable":true,"href":"https:\/\/tremunpiercing.com\/es\/wp-json\/wp\/v2\/product_tag?post=13527"}],"curies":[{"name":"wp","href":"https:\/\/api.w.org\/{rel}","templated":true}]}}