{"id":13528,"date":"2025-02-06T17:54:33","date_gmt":"2025-02-06T16:54:33","guid":{"rendered":"https:\/\/tremunpiercing.com\/?post_type=product&#038;p=13528"},"modified":"2026-03-24T10:55:21","modified_gmt":"2026-03-24T09:55:21","slug":"cluster-emerald-cz","status":"publish","type":"product","link":"https:\/\/tremunpiercing.com\/es\/product\/cluster-emerald-cz\/","title":{"rendered":"Racimo Esmeralda CZ"},"content":{"rendered":"<p>Para los perforadores corporales que desean un toque de color y estilo atrevidos, este magn\u00edfico racimo de CZ esmeralda ser\u00eda perfecto. Fabricado con titanio F-136 de grado de implante, este racimo est\u00e1 roscado internamente y tiene un desgaste hipoalerg\u00e9nico, por lo que es seguro para los clientes con piel sensible. El racimo est\u00e1 hecho con gemas de circonio c\u00fabico disponibles en dos tama\u00f1os, 4 mm y 3 mm, y 2 mm; el rico color verde esmeralda proporciona un contraste a cualquier piercing de oreja, labio o cart\u00edlago. Atendiendo a los est\u00e1ndares profesionales de piercing en 14G, es un estilo popular entre los distribuidores de joyer\u00eda corporal, tiendas de tatuajes y proveedores de joyer\u00eda de perforaci\u00f3n corporal a nivel mundial. Ideal para pedidos al por mayor, esta pieza al por mayor de joyer\u00eda piercing de grado m\u00e9dico mejorar\u00e1 el estilo y la seguridad de su tienda de piercing.<\/p>\n<p>&nbsp;<\/p>","protected":false},"excerpt":{"rendered":"<ul>\n<li>Rosca interna<\/li>\n<li>Material: Titanio F-136 para implantes<\/li>\n<li>Tama\u00f1os de gema: 4mm, 3mm y 2mm<\/li>\n<li>Calibre: 14G<\/li>\n<li>Gema: Circonita c\u00fabica<\/li>\n<\/ul>","protected":false},"featured_media":13740,"comment_status":"closed","ping_status":"closed","template":"","meta":{"_acf_changed":false},"product_brand":[],"product_cat":[340,343],"product_tag":[225,187,179,180,188,189,190,200,183,184,185],"class_list":{"0":"post-13528","1":"product","2":"type-product","3":"status-publish","4":"has-post-thumbnail","6":"product_cat-titanium-jewelry","7":"product_cat-tops-titanium-jewelry","8":"product_tag-cluster","9":"product_tag-conch","10":"product_tag-cristal","11":"product_tag-cz","12":"product_tag-ear","13":"product_tag-helix","14":"product_tag-oreja","15":"product_tag-ornamental","16":"product_tag-perforacion","17":"product_tag-piercing","18":"product_tag-shiny","20":"first","21":"instock","22":"taxable","23":"shipping-taxable","24":"product-type-simple"},"acf":[],"gallery_images":[27890,27889],"_links":{"self":[{"href":"https:\/\/tremunpiercing.com\/es\/wp-json\/wp\/v2\/product\/13528","targetHints":{"allow":["GET"]}}],"collection":[{"href":"https:\/\/tremunpiercing.com\/es\/wp-json\/wp\/v2\/product"}],"about":[{"href":"https:\/\/tremunpiercing.com\/es\/wp-json\/wp\/v2\/types\/product"}],"replies":[{"embeddable":true,"href":"https:\/\/tremunpiercing.com\/es\/wp-json\/wp\/v2\/comments?post=13528"}],"version-history":[{"count":1,"href":"https:\/\/tremunpiercing.com\/es\/wp-json\/wp\/v2\/product\/13528\/revisions"}],"predecessor-version":[{"id":27894,"href":"https:\/\/tremunpiercing.com\/es\/wp-json\/wp\/v2\/product\/13528\/revisions\/27894"}],"wp:featuredmedia":[{"embeddable":true,"href":"https:\/\/tremunpiercing.com\/es\/wp-json\/wp\/v2\/media\/13740"}],"wp:attachment":[{"href":"https:\/\/tremunpiercing.com\/es\/wp-json\/wp\/v2\/media?parent=13528"}],"wp:term":[{"taxonomy":"product_brand","embeddable":true,"href":"https:\/\/tremunpiercing.com\/es\/wp-json\/wp\/v2\/product_brand?post=13528"},{"taxonomy":"product_cat","embeddable":true,"href":"https:\/\/tremunpiercing.com\/es\/wp-json\/wp\/v2\/product_cat?post=13528"},{"taxonomy":"product_tag","embeddable":true,"href":"https:\/\/tremunpiercing.com\/es\/wp-json\/wp\/v2\/product_tag?post=13528"}],"curies":[{"name":"wp","href":"https:\/\/api.w.org\/{rel}","templated":true}]}}