{"id":13530,"date":"2025-02-06T18:00:35","date_gmt":"2025-02-06T17:00:35","guid":{"rendered":"https:\/\/tremunpiercing.com\/?post_type=product&#038;p=13530"},"modified":"2026-03-24T23:31:09","modified_gmt":"2026-03-24T22:31:09","slug":"cluster-sapphire-blue-cz","status":"publish","type":"product","link":"https:\/\/tremunpiercing.com\/es\/product\/cluster-sapphire-blue-cz\/","title":{"rendered":"Racimo Zafiro Azul CZ"},"content":{"rendered":"<p>El Cluster Sapphire Blue CZ es el equilibrio perfecto de profundidad y elegancia que puede confiar a los profesionales. Fabricado con titanio F-136 de grado de implante, esta pieza est\u00e1 roscada internamente y va a ser segura, duradera e hipoalerg\u00e9nica para cada cliente. Presenta gemas de circonio c\u00fabico de 4 mm, 3 mm y 2 mm en un atrevido azul zafiro que brilla positivamente. Por \u00faltimo, este racimo 14G es a menudo elegido por los estudios de perforaci\u00f3n, tiendas de tatuajes, y distribuidores de joyas para el cuerpo que quieren comprar joyas de perforaci\u00f3n de grado m\u00e9dico al por mayor.<\/p>\n<p>&nbsp;<\/p>","protected":false},"excerpt":{"rendered":"<ul>\n<li>Rosca interna<\/li>\n<li>Material: Titanio F-136 para implantes<\/li>\n<li>Tama\u00f1os de gema: 4mm, 3mm y 2mm<\/li>\n<li>Calibre: 14G<\/li>\n<li>Gema: Circonita c\u00fabica<\/li>\n<\/ul>","protected":false},"featured_media":13816,"comment_status":"closed","ping_status":"closed","template":"","meta":{"_acf_changed":false},"product_brand":[],"product_cat":[340,343],"product_tag":[225,187,179,180,188,189,190,200,183,184,185],"class_list":{"0":"post-13530","1":"product","2":"type-product","3":"status-publish","4":"has-post-thumbnail","6":"product_cat-titanium-jewelry","7":"product_cat-tops-titanium-jewelry","8":"product_tag-cluster","9":"product_tag-conch","10":"product_tag-cristal","11":"product_tag-cz","12":"product_tag-ear","13":"product_tag-helix","14":"product_tag-oreja","15":"product_tag-ornamental","16":"product_tag-perforacion","17":"product_tag-piercing","18":"product_tag-shiny","20":"first","21":"instock","22":"taxable","23":"shipping-taxable","24":"purchasable","25":"product-type-simple"},"acf":[],"gallery_images":[27884,27883],"_links":{"self":[{"href":"https:\/\/tremunpiercing.com\/es\/wp-json\/wp\/v2\/product\/13530","targetHints":{"allow":["GET"]}}],"collection":[{"href":"https:\/\/tremunpiercing.com\/es\/wp-json\/wp\/v2\/product"}],"about":[{"href":"https:\/\/tremunpiercing.com\/es\/wp-json\/wp\/v2\/types\/product"}],"replies":[{"embeddable":true,"href":"https:\/\/tremunpiercing.com\/es\/wp-json\/wp\/v2\/comments?post=13530"}],"version-history":[{"count":1,"href":"https:\/\/tremunpiercing.com\/es\/wp-json\/wp\/v2\/product\/13530\/revisions"}],"predecessor-version":[{"id":27886,"href":"https:\/\/tremunpiercing.com\/es\/wp-json\/wp\/v2\/product\/13530\/revisions\/27886"}],"wp:featuredmedia":[{"embeddable":true,"href":"https:\/\/tremunpiercing.com\/es\/wp-json\/wp\/v2\/media\/13816"}],"wp:attachment":[{"href":"https:\/\/tremunpiercing.com\/es\/wp-json\/wp\/v2\/media?parent=13530"}],"wp:term":[{"taxonomy":"product_brand","embeddable":true,"href":"https:\/\/tremunpiercing.com\/es\/wp-json\/wp\/v2\/product_brand?post=13530"},{"taxonomy":"product_cat","embeddable":true,"href":"https:\/\/tremunpiercing.com\/es\/wp-json\/wp\/v2\/product_cat?post=13530"},{"taxonomy":"product_tag","embeddable":true,"href":"https:\/\/tremunpiercing.com\/es\/wp-json\/wp\/v2\/product_tag?post=13530"}],"curies":[{"name":"wp","href":"https:\/\/api.w.org\/{rel}","templated":true}]}}