{"id":13531,"date":"2025-02-06T18:16:49","date_gmt":"2025-02-06T17:16:49","guid":{"rendered":"https:\/\/tremunpiercing.com\/?post_type=product&#038;p=13531"},"modified":"2026-03-30T18:33:16","modified_gmt":"2026-03-30T17:33:16","slug":"cluster-topaz-blue-cz","status":"publish","type":"product","link":"https:\/\/tremunpiercing.com\/es\/product\/cluster-topaz-blue-cz\/","title":{"rendered":"Racimo Topacio Azul CZ"},"content":{"rendered":"<p>A\u00f1ada un divertido toque de color a su colecci\u00f3n con el Cluster Topaz Blue CZ. Fabricado en titanio F-136 para implantes, esta pieza con rosca interna ofrece calidad, resistencia, seguridad y un aspecto pulido profesional. El conjunto de tres gemas de circonita c\u00fabica (4 mm, 3 mm y 2 mm) de color azul topacio destacar\u00e1 en orejas, labios y cart\u00edlagos perforados en cualquier lugar donde compre joyas para piercing online. Esta joya es hipoalerg\u00e9nica y muy ligera, raz\u00f3n por la cual los proveedores de joyer\u00eda para piercing y los estudios de tatuaje de todo el mundo, incluidos los piercers profesionales, utilizan esta joya en sus tiendas.<\/p>\n<p>El art\u00edculo de 14 g ofrece a los piercers profesionales una opci\u00f3n que pueden utilizar y ofrecer a cada cliente. Para proveedores de joyer\u00eda corporal y tiendas de piercing que hagan pedidos al por mayor, \u00a1a\u00f1\u00e1dalo a su colecci\u00f3n! Perfecto para el consumidor que desea comprar joyas para piercing en l\u00ednea; a\u00f1\u00e1dalo a su cesta, abast\u00e9zcase como corresponda y compre con confianza.<\/p>\n<p>&nbsp;<\/p>","protected":false},"excerpt":{"rendered":"<ul>\n<li>Rosca interna<\/li>\n<li>Material: Titanio F-136 para implantes<\/li>\n<li>Tama\u00f1os de gema: 4mm, 3mm y 2mm<\/li>\n<li>Calibre: 14G<\/li>\n<li>Gema: Circonita c\u00fabica<\/li>\n<\/ul>","protected":false},"featured_media":13814,"comment_status":"closed","ping_status":"closed","template":"","meta":{"_acf_changed":false},"product_brand":[],"product_cat":[340,343],"product_tag":[225,187,179,180,188,189,190,200,183,184,185],"class_list":{"0":"post-13531","1":"product","2":"type-product","3":"status-publish","4":"has-post-thumbnail","6":"product_cat-titanium-jewelry","7":"product_cat-tops-titanium-jewelry","8":"product_tag-cluster","9":"product_tag-conch","10":"product_tag-cristal","11":"product_tag-cz","12":"product_tag-ear","13":"product_tag-helix","14":"product_tag-oreja","15":"product_tag-ornamental","16":"product_tag-perforacion","17":"product_tag-piercing","18":"product_tag-shiny","20":"first","21":"instock","22":"taxable","23":"shipping-taxable","24":"purchasable","25":"product-type-simple"},"acf":[],"gallery_images":[27881,27882],"_links":{"self":[{"href":"https:\/\/tremunpiercing.com\/es\/wp-json\/wp\/v2\/product\/13531","targetHints":{"allow":["GET"]}}],"collection":[{"href":"https:\/\/tremunpiercing.com\/es\/wp-json\/wp\/v2\/product"}],"about":[{"href":"https:\/\/tremunpiercing.com\/es\/wp-json\/wp\/v2\/types\/product"}],"replies":[{"embeddable":true,"href":"https:\/\/tremunpiercing.com\/es\/wp-json\/wp\/v2\/comments?post=13531"}],"version-history":[{"count":1,"href":"https:\/\/tremunpiercing.com\/es\/wp-json\/wp\/v2\/product\/13531\/revisions"}],"predecessor-version":[{"id":27885,"href":"https:\/\/tremunpiercing.com\/es\/wp-json\/wp\/v2\/product\/13531\/revisions\/27885"}],"wp:featuredmedia":[{"embeddable":true,"href":"https:\/\/tremunpiercing.com\/es\/wp-json\/wp\/v2\/media\/13814"}],"wp:attachment":[{"href":"https:\/\/tremunpiercing.com\/es\/wp-json\/wp\/v2\/media?parent=13531"}],"wp:term":[{"taxonomy":"product_brand","embeddable":true,"href":"https:\/\/tremunpiercing.com\/es\/wp-json\/wp\/v2\/product_brand?post=13531"},{"taxonomy":"product_cat","embeddable":true,"href":"https:\/\/tremunpiercing.com\/es\/wp-json\/wp\/v2\/product_cat?post=13531"},{"taxonomy":"product_tag","embeddable":true,"href":"https:\/\/tremunpiercing.com\/es\/wp-json\/wp\/v2\/product_tag?post=13531"}],"curies":[{"name":"wp","href":"https:\/\/api.w.org\/{rel}","templated":true}]}}