{"id":13532,"date":"2025-02-06T18:19:35","date_gmt":"2025-02-06T17:19:35","guid":{"rendered":"https:\/\/tremunpiercing.com\/?post_type=product&#038;p=13532"},"modified":"2026-03-31T14:11:19","modified_gmt":"2026-03-31T13:11:19","slug":"cluster-champagne-cz","status":"publish","type":"product","link":"https:\/\/tremunpiercing.com\/es\/product\/cluster-champagne-cz\/","title":{"rendered":"Racimo CZ Champ\u00e1n"},"content":{"rendered":"<p>El Cluster Champagne CZ est\u00e1 dise\u00f1ado para piercers que desean combinar el lujo con la seguridad. Se trata de una pieza de joyer\u00eda atemporal fabricada con titanio F-136 de grado de implante, lo que garantiza que esta joya corporal con rosca interna sea duradera e hipoalerg\u00e9nica para sus clientes con piel sensible. El racimo de gemas CZ est\u00e1 disponible en tama\u00f1os de 4 mm, 3 mm y 2 mm, y el color de estas gemas (champ\u00e1n) puede realzar cualquier piercing de oreja, labio o cart\u00edlago.<\/p>\n<p>Es un 14G, que proporciona fianza y oportunidades al por mayor para piercers profesionales, tiendas de tatuajes, o tiendas de joyer\u00eda corporal que venden joyas para el cuerpo a granel. Como proveedor de joyer\u00eda de perforaci\u00f3n del cuerpo en Canad\u00e1, ofrecemos joyer\u00eda de perforaci\u00f3n que equilibra aspecto lujoso con seguridad est\u00e1ndar m\u00e9dica.<\/p>\n<p>&nbsp;<\/p>","protected":false},"excerpt":{"rendered":"<ul>\n<li>Rosca interna<\/li>\n<li>Material: Titanio F-136 para implantes<\/li>\n<li>Tama\u00f1os de gema: 4mm, 3mm y 2mm<\/li>\n<li>Calibre: 14G<\/li>\n<li>Gema: Circonita c\u00fabica<\/li>\n<\/ul>","protected":false},"featured_media":13811,"comment_status":"closed","ping_status":"closed","template":"","meta":{"_acf_changed":false},"product_brand":[],"product_cat":[340,343],"product_tag":[225,187,179,180,188,189,190,200,183,184,185],"class_list":{"0":"post-13532","1":"product","2":"type-product","3":"status-publish","4":"has-post-thumbnail","6":"product_cat-titanium-jewelry","7":"product_cat-tops-titanium-jewelry","8":"product_tag-cluster","9":"product_tag-conch","10":"product_tag-cristal","11":"product_tag-cz","12":"product_tag-ear","13":"product_tag-helix","14":"product_tag-oreja","15":"product_tag-ornamental","16":"product_tag-perforacion","17":"product_tag-piercing","18":"product_tag-shiny","20":"first","21":"instock","22":"taxable","23":"shipping-taxable","24":"purchasable","25":"product-type-simple"},"acf":[],"gallery_images":[27878,27879],"_links":{"self":[{"href":"https:\/\/tremunpiercing.com\/es\/wp-json\/wp\/v2\/product\/13532","targetHints":{"allow":["GET"]}}],"collection":[{"href":"https:\/\/tremunpiercing.com\/es\/wp-json\/wp\/v2\/product"}],"about":[{"href":"https:\/\/tremunpiercing.com\/es\/wp-json\/wp\/v2\/types\/product"}],"replies":[{"embeddable":true,"href":"https:\/\/tremunpiercing.com\/es\/wp-json\/wp\/v2\/comments?post=13532"}],"version-history":[{"count":1,"href":"https:\/\/tremunpiercing.com\/es\/wp-json\/wp\/v2\/product\/13532\/revisions"}],"predecessor-version":[{"id":27880,"href":"https:\/\/tremunpiercing.com\/es\/wp-json\/wp\/v2\/product\/13532\/revisions\/27880"}],"wp:featuredmedia":[{"embeddable":true,"href":"https:\/\/tremunpiercing.com\/es\/wp-json\/wp\/v2\/media\/13811"}],"wp:attachment":[{"href":"https:\/\/tremunpiercing.com\/es\/wp-json\/wp\/v2\/media?parent=13532"}],"wp:term":[{"taxonomy":"product_brand","embeddable":true,"href":"https:\/\/tremunpiercing.com\/es\/wp-json\/wp\/v2\/product_brand?post=13532"},{"taxonomy":"product_cat","embeddable":true,"href":"https:\/\/tremunpiercing.com\/es\/wp-json\/wp\/v2\/product_cat?post=13532"},{"taxonomy":"product_tag","embeddable":true,"href":"https:\/\/tremunpiercing.com\/es\/wp-json\/wp\/v2\/product_tag?post=13532"}],"curies":[{"name":"wp","href":"https:\/\/api.w.org\/{rel}","templated":true}]}}