{"id":13597,"date":"2025-02-07T17:07:13","date_gmt":"2025-02-07T16:07:13","guid":{"rendered":"https:\/\/tremunpiercing.com\/?post_type=product&#038;p=13597"},"modified":"2026-04-18T13:47:23","modified_gmt":"2026-04-18T12:47:23","slug":"aurora-white-cz","status":"publish","type":"product","link":"https:\/\/tremunpiercing.com\/es\/product\/aurora-white-cz\/","title":{"rendered":"Aurora CZ blanca"},"content":{"rendered":"<p>El accesorio Aurora White CZ es un elegante dise\u00f1o en forma de l\u00e1grima que ofrece un brillo atemporal con seguridad profesional. Fabricado con titanio F-136 de calidad para implantes, el producto promete un uso hipoalerg\u00e9nico, por lo que ser\u00e1 seguro para pieles sensibles. La brillante piedra de circonita c\u00fabica blanca (8 mm x 6 mm) resalta la luz de tal forma que puede convertirse en su accesorio m\u00e1s vers\u00e1til, ya que puede quedar igual de impresionante en un piercing de oreja, nariz o labio.<\/p>\n<p>Tiene un dise\u00f1o de rosca interna que ser\u00e1 seguro en la perforaci\u00f3n pero c\u00f3modo para el perforador y el cliente. Compre Aurora White CZ al por mayor para recibir precios competitivos al por mayor de un proveedor de joyer\u00eda corporal de confianza. Si vende al por mayor aros para la nariz, barbos al por mayor o cualquier accesorio con piedras preciosas, la CZ Blanca ser\u00e1 un complemento b\u00e1sico para su marca.<\/p>","protected":false},"excerpt":{"rendered":"<ul>\n<li>Rosca interna<\/li>\n<li>Material: Titanio F-136 para implantes<\/li>\n<li>Galga: 16G<\/li>\n<li>Gema: Circonita c\u00fabica<\/li>\n<li>Tama\u00f1o: 8 mm x 6 mm<\/li>\n<\/ul>","protected":false},"featured_media":16470,"comment_status":"closed","ping_status":"closed","template":"","meta":{"_acf_changed":false},"product_brand":[],"product_cat":[340,343],"product_tag":[187,220,188,189,210,205,206,212,222,190,183,213,184,207],"class_list":{"0":"post-13597","1":"product","2":"type-product","3":"status-publish","4":"has-post-thumbnail","6":"product_cat-titanium-jewelry","7":"product_cat-tops-titanium-jewelry","8":"product_tag-conch","9":"product_tag-dermal","10":"product_tag-ear","11":"product_tag-helix","12":"product_tag-labret","13":"product_tag-lobe","14":"product_tag-lobulo","15":"product_tag-medusa","16":"product_tag-microdermal","17":"product_tag-oreja","18":"product_tag-perforacion","19":"product_tag-philtrum","20":"product_tag-piercing","21":"product_tag-tragus","23":"first","24":"instock","25":"taxable","26":"shipping-taxable","27":"purchasable","28":"product-type-simple"},"acf":[],"gallery_images":[27846,27845],"_links":{"self":[{"href":"https:\/\/tremunpiercing.com\/es\/wp-json\/wp\/v2\/product\/13597","targetHints":{"allow":["GET"]}}],"collection":[{"href":"https:\/\/tremunpiercing.com\/es\/wp-json\/wp\/v2\/product"}],"about":[{"href":"https:\/\/tremunpiercing.com\/es\/wp-json\/wp\/v2\/types\/product"}],"replies":[{"embeddable":true,"href":"https:\/\/tremunpiercing.com\/es\/wp-json\/wp\/v2\/comments?post=13597"}],"version-history":[{"count":1,"href":"https:\/\/tremunpiercing.com\/es\/wp-json\/wp\/v2\/product\/13597\/revisions"}],"predecessor-version":[{"id":27847,"href":"https:\/\/tremunpiercing.com\/es\/wp-json\/wp\/v2\/product\/13597\/revisions\/27847"}],"wp:featuredmedia":[{"embeddable":true,"href":"https:\/\/tremunpiercing.com\/es\/wp-json\/wp\/v2\/media\/16470"}],"wp:attachment":[{"href":"https:\/\/tremunpiercing.com\/es\/wp-json\/wp\/v2\/media?parent=13597"}],"wp:term":[{"taxonomy":"product_brand","embeddable":true,"href":"https:\/\/tremunpiercing.com\/es\/wp-json\/wp\/v2\/product_brand?post=13597"},{"taxonomy":"product_cat","embeddable":true,"href":"https:\/\/tremunpiercing.com\/es\/wp-json\/wp\/v2\/product_cat?post=13597"},{"taxonomy":"product_tag","embeddable":true,"href":"https:\/\/tremunpiercing.com\/es\/wp-json\/wp\/v2\/product_tag?post=13597"}],"curies":[{"name":"wp","href":"https:\/\/api.w.org\/{rel}","templated":true}]}}