{"id":13600,"date":"2025-02-07T17:13:04","date_gmt":"2025-02-07T16:13:04","guid":{"rendered":"https:\/\/tremunpiercing.com\/?post_type=product&#038;p=13600"},"modified":"2026-04-10T22:54:07","modified_gmt":"2026-04-10T21:54:07","slug":"aurora-amethyst","status":"publish","type":"product","link":"https:\/\/tremunpiercing.com\/es\/product\/aurora-amethyst\/","title":{"rendered":"Aurora Amatista"},"content":{"rendered":"<p>El Aurora Amethyst es una pieza de joyer\u00eda profesional de calidad superior con rosca interna, perfecta para estudios de piercing, tiendas de piercing o estudios de tatuaje. Hecho de titanio F-136 de grado implante, este accesorio de clase mundial ofrece a los clientes la m\u00e1xima seguridad y durabilidad en un producto de grado implante, as\u00ed como la comodidad hipoalerg\u00e9nica que se merecen. La exquisita amatista p\u00farpura est\u00e1 tallada en forma de l\u00e1grima (8 mm x 6 mm) y est\u00e1 trazada por un acabado altamente pulido y radiante que realza cualquier piercing.<\/p>\n<p>Sea uno de los primeros en adoptarla; esta pieza de joyer\u00eda corporal segura es perfecta para piercings en las orejas, piercings en los labios o cualquier tipo de colocaci\u00f3n personalizada y combina el lujo con un est\u00e1ndar de dispositivo m\u00e9dico, as\u00ed que abast\u00e9zcase en nuestra tienda mayorista de joyer\u00eda corporal de un proveedor en l\u00ednea de Cranmary y ofrezca a sus clientes una opci\u00f3n de piedras preciosas de alta gama que apreciar\u00e1n. Compra joyer\u00eda piercing online a un proveedor de joyer\u00eda corporal y piercing de confianza que te valora como cliente. Joyer\u00eda corporal adecuada y segura.<\/p>","protected":false},"excerpt":{"rendered":"<ul>\n<li>Rosca interna<\/li>\n<li>Material: Titanio F-136 para implantes<\/li>\n<li>Galga: 16G<\/li>\n<li>Gema Amatista<\/li>\n<li>Tama\u00f1o: 8 mm x 6 mm<\/li>\n<\/ul>","protected":false},"featured_media":13834,"comment_status":"closed","ping_status":"closed","template":"","meta":{"_acf_changed":false},"product_brand":[],"product_cat":[340,343],"product_tag":[187,220,188,189,210,205,206,212,222,190,183,213,184,207],"class_list":{"0":"post-13600","1":"product","2":"type-product","3":"status-publish","4":"has-post-thumbnail","6":"product_cat-titanium-jewelry","7":"product_cat-tops-titanium-jewelry","8":"product_tag-conch","9":"product_tag-dermal","10":"product_tag-ear","11":"product_tag-helix","12":"product_tag-labret","13":"product_tag-lobe","14":"product_tag-lobulo","15":"product_tag-medusa","16":"product_tag-microdermal","17":"product_tag-oreja","18":"product_tag-perforacion","19":"product_tag-philtrum","20":"product_tag-piercing","21":"product_tag-tragus","23":"first","24":"instock","25":"taxable","26":"shipping-taxable","27":"purchasable","28":"product-type-simple"},"acf":[],"gallery_images":[27843,27842],"_links":{"self":[{"href":"https:\/\/tremunpiercing.com\/es\/wp-json\/wp\/v2\/product\/13600","targetHints":{"allow":["GET"]}}],"collection":[{"href":"https:\/\/tremunpiercing.com\/es\/wp-json\/wp\/v2\/product"}],"about":[{"href":"https:\/\/tremunpiercing.com\/es\/wp-json\/wp\/v2\/types\/product"}],"replies":[{"embeddable":true,"href":"https:\/\/tremunpiercing.com\/es\/wp-json\/wp\/v2\/comments?post=13600"}],"version-history":[{"count":1,"href":"https:\/\/tremunpiercing.com\/es\/wp-json\/wp\/v2\/product\/13600\/revisions"}],"predecessor-version":[{"id":27844,"href":"https:\/\/tremunpiercing.com\/es\/wp-json\/wp\/v2\/product\/13600\/revisions\/27844"}],"wp:featuredmedia":[{"embeddable":true,"href":"https:\/\/tremunpiercing.com\/es\/wp-json\/wp\/v2\/media\/13834"}],"wp:attachment":[{"href":"https:\/\/tremunpiercing.com\/es\/wp-json\/wp\/v2\/media?parent=13600"}],"wp:term":[{"taxonomy":"product_brand","embeddable":true,"href":"https:\/\/tremunpiercing.com\/es\/wp-json\/wp\/v2\/product_brand?post=13600"},{"taxonomy":"product_cat","embeddable":true,"href":"https:\/\/tremunpiercing.com\/es\/wp-json\/wp\/v2\/product_cat?post=13600"},{"taxonomy":"product_tag","embeddable":true,"href":"https:\/\/tremunpiercing.com\/es\/wp-json\/wp\/v2\/product_tag?post=13600"}],"curies":[{"name":"wp","href":"https:\/\/api.w.org\/{rel}","templated":true}]}}