{"id":13604,"date":"2025-02-07T17:17:44","date_gmt":"2025-02-07T16:17:44","guid":{"rendered":"https:\/\/tremunpiercing.com\/?post_type=product&#038;p=13604"},"modified":"2026-04-01T16:29:34","modified_gmt":"2026-04-01T15:29:34","slug":"aurora-moss-agate","status":"publish","type":"product","link":"https:\/\/tremunpiercing.com\/es\/product\/aurora-moss-agate\/","title":{"rendered":"\u00c1gata Aurora Musgo"},"content":{"rendered":"<p>El Top de \u00c1gata Aurora Musgo es una elegante pieza de joyer\u00eda con un estilo natural. El top est\u00e1 hecho con titanio de grado de implante (F-136). Por lo tanto, tiene seguridad hipoalerg\u00e9nica y es un dise\u00f1o de alta tolerancia, con la curaci\u00f3n de su cuerpo y llevarlo con el uso a largo plazo en mente. La parte superior est\u00e1 hecha para piercings (16G). Tiene una piedra pulida de \u00e1gata musgosa de 8 mm x 6 mm, que es una hermosa piedra semipreciosa, y cada piedra es \u00fanica de llevar, dado que presenta patrones verdes. Dado que la piedra est\u00e1 centrada y no es grande, al maximizar el uso de la piedra se crea un bonito dise\u00f1o.<\/p>\n<p>La parte superior es lisa y est\u00e1 roscada internamente, por lo que es f\u00e1cil y seguro de instalar en el cuerpo y, naturalmente, c\u00f3modo de llevar, sobre todo en el estudio de un piercer profesional. El metal ligero es titanio; es el metal m\u00e1s duradero y completamente libre de deslustre y mantiene un brillo especial dependiendo de la luz con la que se mire. La tapa de \u00e1gata Aurora Musgo presenta tonos terrosos combinados con un estilo org\u00e1nico. Esta pieza es apropiada para las clientas amantes de la joyer\u00eda corporal con piedras preciosas que abraza su estilo art\u00edstico natural.<\/p>","protected":false},"excerpt":{"rendered":"<ul>\n<li>Rosca interna<\/li>\n<li>Material: Titanio F-136 para implantes<\/li>\n<li>Galga: 16G<\/li>\n<li>Gema \u00c1gata musgosa<\/li>\n<li>Tama\u00f1o: 8 mm x 6 mm<\/li>\n<\/ul>","protected":false},"featured_media":13839,"comment_status":"closed","ping_status":"closed","template":"","meta":{"_acf_changed":false},"product_brand":[],"product_cat":[340,343],"product_tag":[187,220,188,189,210,205,206,212,222,190,183,213,184,207],"class_list":{"0":"post-13604","1":"product","2":"type-product","3":"status-publish","4":"has-post-thumbnail","6":"product_cat-titanium-jewelry","7":"product_cat-tops-titanium-jewelry","8":"product_tag-conch","9":"product_tag-dermal","10":"product_tag-ear","11":"product_tag-helix","12":"product_tag-labret","13":"product_tag-lobe","14":"product_tag-lobulo","15":"product_tag-medusa","16":"product_tag-microdermal","17":"product_tag-oreja","18":"product_tag-perforacion","19":"product_tag-philtrum","20":"product_tag-piercing","21":"product_tag-tragus","23":"first","24":"instock","25":"taxable","26":"shipping-taxable","27":"purchasable","28":"product-type-simple"},"acf":[],"gallery_images":[27832,27833],"_links":{"self":[{"href":"https:\/\/tremunpiercing.com\/es\/wp-json\/wp\/v2\/product\/13604","targetHints":{"allow":["GET"]}}],"collection":[{"href":"https:\/\/tremunpiercing.com\/es\/wp-json\/wp\/v2\/product"}],"about":[{"href":"https:\/\/tremunpiercing.com\/es\/wp-json\/wp\/v2\/types\/product"}],"replies":[{"embeddable":true,"href":"https:\/\/tremunpiercing.com\/es\/wp-json\/wp\/v2\/comments?post=13604"}],"version-history":[{"count":1,"href":"https:\/\/tremunpiercing.com\/es\/wp-json\/wp\/v2\/product\/13604\/revisions"}],"predecessor-version":[{"id":27835,"href":"https:\/\/tremunpiercing.com\/es\/wp-json\/wp\/v2\/product\/13604\/revisions\/27835"}],"wp:featuredmedia":[{"embeddable":true,"href":"https:\/\/tremunpiercing.com\/es\/wp-json\/wp\/v2\/media\/13839"}],"wp:attachment":[{"href":"https:\/\/tremunpiercing.com\/es\/wp-json\/wp\/v2\/media?parent=13604"}],"wp:term":[{"taxonomy":"product_brand","embeddable":true,"href":"https:\/\/tremunpiercing.com\/es\/wp-json\/wp\/v2\/product_brand?post=13604"},{"taxonomy":"product_cat","embeddable":true,"href":"https:\/\/tremunpiercing.com\/es\/wp-json\/wp\/v2\/product_cat?post=13604"},{"taxonomy":"product_tag","embeddable":true,"href":"https:\/\/tremunpiercing.com\/es\/wp-json\/wp\/v2\/product_tag?post=13604"}],"curies":[{"name":"wp","href":"https:\/\/api.w.org\/{rel}","templated":true}]}}