{"id":13612,"date":"2025-02-07T17:30:48","date_gmt":"2025-02-07T16:30:48","guid":{"rendered":"https:\/\/tremunpiercing.com\/?post_type=product&#038;p=13612"},"modified":"2026-04-20T12:16:38","modified_gmt":"2026-04-20T11:16:38","slug":"michelle","status":"publish","type":"product","link":"https:\/\/tremunpiercing.com\/es\/product\/michelle\/","title":{"rendered":"Michelle"},"content":{"rendered":"<p>La corona Michelle con rosca interna est\u00e1 fabricada en titanio F-136 de grado de implante, por lo que puede estar segura de su seguridad y resistencia junto con un brillo duradero. Con un ajuste 16G, el top Michelle tiene una impresionante piedra de circonita c\u00fabica de 10 mm; con su brillo puro, no se puede confundir con ninguna otra cosa. Queda fenomenal en una oreja, nariz o piercing d\u00e9rmico. Tiene una rosca interna, ajuste suave para que nada molesto o irritante se produce en la colocaci\u00f3n. La luz que refleja es celestial debido a su corte brillante revestido y el brillo que no perder\u00eda su lustre no importa cu\u00e1ntas veces usted lo usa y funcionar\u00eda para todos los d\u00edas o una ocasi\u00f3n especial. El top Michelle es duradero, hipoalerg\u00e9nico y elegante, como cualquier otra pieza de joyer\u00eda corporal que lleven sus profesionales o deseen sus clientes.<\/p>","protected":false},"excerpt":{"rendered":"<ul>\n<li>Rosca interna<\/li>\n<li>Material: Titanio F-136 para implantes<\/li>\n<li>Galga: 16G<\/li>\n<li>Gema: Circonita c\u00fabica<\/li>\n<li>Tama\u00f1o de la gema: 10 mm<\/li>\n<\/ul>","protected":false},"featured_media":16456,"comment_status":"closed","ping_status":"closed","template":"","meta":{"_acf_changed":false},"product_brand":[],"product_cat":[340,343],"product_tag":[187,220,188,189,210,205,206,212,222,190,183,213,184,207],"class_list":{"0":"post-13612","1":"product","2":"type-product","3":"status-publish","4":"has-post-thumbnail","6":"product_cat-titanium-jewelry","7":"product_cat-tops-titanium-jewelry","8":"product_tag-conch","9":"product_tag-dermal","10":"product_tag-ear","11":"product_tag-helix","12":"product_tag-labret","13":"product_tag-lobe","14":"product_tag-lobulo","15":"product_tag-medusa","16":"product_tag-microdermal","17":"product_tag-oreja","18":"product_tag-perforacion","19":"product_tag-philtrum","20":"product_tag-piercing","21":"product_tag-tragus","23":"first","24":"instock","25":"taxable","26":"shipping-taxable","27":"purchasable","28":"product-type-simple"},"acf":[],"gallery_images":[27825,27826],"_links":{"self":[{"href":"https:\/\/tremunpiercing.com\/es\/wp-json\/wp\/v2\/product\/13612","targetHints":{"allow":["GET"]}}],"collection":[{"href":"https:\/\/tremunpiercing.com\/es\/wp-json\/wp\/v2\/product"}],"about":[{"href":"https:\/\/tremunpiercing.com\/es\/wp-json\/wp\/v2\/types\/product"}],"replies":[{"embeddable":true,"href":"https:\/\/tremunpiercing.com\/es\/wp-json\/wp\/v2\/comments?post=13612"}],"version-history":[{"count":1,"href":"https:\/\/tremunpiercing.com\/es\/wp-json\/wp\/v2\/product\/13612\/revisions"}],"predecessor-version":[{"id":27829,"href":"https:\/\/tremunpiercing.com\/es\/wp-json\/wp\/v2\/product\/13612\/revisions\/27829"}],"wp:featuredmedia":[{"embeddable":true,"href":"https:\/\/tremunpiercing.com\/es\/wp-json\/wp\/v2\/media\/16456"}],"wp:attachment":[{"href":"https:\/\/tremunpiercing.com\/es\/wp-json\/wp\/v2\/media?parent=13612"}],"wp:term":[{"taxonomy":"product_brand","embeddable":true,"href":"https:\/\/tremunpiercing.com\/es\/wp-json\/wp\/v2\/product_brand?post=13612"},{"taxonomy":"product_cat","embeddable":true,"href":"https:\/\/tremunpiercing.com\/es\/wp-json\/wp\/v2\/product_cat?post=13612"},{"taxonomy":"product_tag","embeddable":true,"href":"https:\/\/tremunpiercing.com\/es\/wp-json\/wp\/v2\/product_tag?post=13612"}],"curies":[{"name":"wp","href":"https:\/\/api.w.org\/{rel}","templated":true}]}}