{"id":13622,"date":"2025-02-07T18:19:08","date_gmt":"2025-02-07T17:19:08","guid":{"rendered":"https:\/\/tremunpiercing.com\/?post_type=product&#038;p=13622"},"modified":"2025-09-03T07:57:06","modified_gmt":"2025-09-03T06:57:06","slug":"threadless-insertion-pin-titanium","status":"publish","type":"product","link":"https:\/\/tremunpiercing.com\/es\/product\/threadless-insertion-pin-titanium\/","title":{"rendered":"Pasador de inserci\u00f3n sin rosca Titanio"},"content":{"rendered":"<p>El pasador de inserci\u00f3n sin rosca de titanio es una herramienta profesional vital para los perforadores, dise\u00f1ada para que la inserci\u00f3n de joyas sea suave y segura. El pasador de inserci\u00f3n sin rosca est\u00e1 hecho de titanio F-136 de grado de implante, y es biocompatible, ligero y resistente a la corrosi\u00f3n por lo que es el material preferido para cualquier procedimiento de perforaci\u00f3n donde la seguridad es primordial. Con una longitud de 30 mm y un calibre de 18 G (1 mm), este alfiler de inserci\u00f3n sin rosca es muy manejable para guiar joyas sin rosca a trav\u00e9s de piercings abiertos nuevos y\/o cicatrizados, causando la menor incomodidad posible al cliente. El acabado liso y pulido del titanio no arrastra y permite una trayectoria suave al tiempo que minimiza y trauma o incomodidad durante el cambio o el inicio de la colocaci\u00f3n de nuevas joyas.<\/p>\n<p>Adem\u00e1s, el titanio es hipoalerg\u00e9nico, lo que hace que el pasador de inserci\u00f3n sin rosca sea adecuado para clientes sensibles y ofrezca una seguridad continua en estudios de piercing desarrollados y mantenidos por profesionales. El alfiler de inserci\u00f3n Threadless tambi\u00e9n es f\u00e1cil de limpiar, duradero y fiable. Si eres un estudio o un profesional dedicado a la precisi\u00f3n y la comodidad de tus clientes, el alfiler de inserci\u00f3n sin rosca de titanio es la opci\u00f3n fiable y de calidad superior.<\/p>","protected":false},"excerpt":{"rendered":"<ul>\n<li>Pasador de inserci\u00f3n sin rosca<\/li>\n<li>Material: Titanio F-136 para implantes<\/li>\n<li>Calibre: 18G - 1mm<\/li>\n<li>Longitud: 30 mm<\/li>\n<\/ul>","protected":false},"featured_media":7187,"comment_status":"closed","ping_status":"closed","template":"","meta":{"_acf_changed":false},"product_brand":[],"product_cat":[328,374],"product_tag":[313,314,311,279,312],"class_list":{"0":"post-13622","1":"product","2":"type-product","3":"status-publish","4":"has-post-thumbnail","6":"product_cat-supplies","7":"product_cat-tools","8":"product_tag-herramientas","9":"product_tag-insercion","10":"product_tag-insertion-pin","11":"product_tag-supplies","12":"product_tag-supply","14":"first","15":"instock","16":"taxable","17":"shipping-taxable","18":"purchasable","19":"product-type-simple"},"acf":[],"gallery_images":[7185,7186],"_links":{"self":[{"href":"https:\/\/tremunpiercing.com\/es\/wp-json\/wp\/v2\/product\/13622","targetHints":{"allow":["GET"]}}],"collection":[{"href":"https:\/\/tremunpiercing.com\/es\/wp-json\/wp\/v2\/product"}],"about":[{"href":"https:\/\/tremunpiercing.com\/es\/wp-json\/wp\/v2\/types\/product"}],"replies":[{"embeddable":true,"href":"https:\/\/tremunpiercing.com\/es\/wp-json\/wp\/v2\/comments?post=13622"}],"version-history":[{"count":0,"href":"https:\/\/tremunpiercing.com\/es\/wp-json\/wp\/v2\/product\/13622\/revisions"}],"wp:featuredmedia":[{"embeddable":true,"href":"https:\/\/tremunpiercing.com\/es\/wp-json\/wp\/v2\/media\/7187"}],"wp:attachment":[{"href":"https:\/\/tremunpiercing.com\/es\/wp-json\/wp\/v2\/media?parent=13622"}],"wp:term":[{"taxonomy":"product_brand","embeddable":true,"href":"https:\/\/tremunpiercing.com\/es\/wp-json\/wp\/v2\/product_brand?post=13622"},{"taxonomy":"product_cat","embeddable":true,"href":"https:\/\/tremunpiercing.com\/es\/wp-json\/wp\/v2\/product_cat?post=13622"},{"taxonomy":"product_tag","embeddable":true,"href":"https:\/\/tremunpiercing.com\/es\/wp-json\/wp\/v2\/product_tag?post=13622"}],"curies":[{"name":"wp","href":"https:\/\/api.w.org\/{rel}","templated":true}]}}